{"id":5792,"date":"2023-04-22T17:58:12","date_gmt":"2023-04-22T15:58:12","guid":{"rendered":"https:\/\/lori.hr\/?page_id=5792"},"modified":"2023-04-22T17:59:50","modified_gmt":"2023-04-22T15:59:50","slug":"tanja-prekodravac","status":"publish","type":"page","link":"https:\/\/lori.hr\/en\/tanja-prekodravac\/","title":{"rendered":"Tanja Prekodravac"},"content":{"rendered":"<div data-elementor-type=\"wp-page\" data-elementor-id=\"5792\" class=\"elementor elementor-5792\" data-elementor-post-type=\"page\">\n\t\t\t\t<div class=\"elementor-element elementor-element-65e2d42 navboja e-flex e-con-boxed e-con e-parent\" data-id=\"65e2d42\" data-element_type=\"container\" data-settings=\"{&quot;background_background&quot;:&quot;classic&quot;}\">\n\t\t\t\t\t<div class=\"e-con-inner\">\n\t\t\t\t<div class=\"elementor-element elementor-element-1dcdcdc elementor-widget elementor-widget-spacer\" data-id=\"1dcdcdc\" data-element_type=\"widget\" data-widget_type=\"spacer.default\">\n\t\t\t\t\t\t\t<div class=\"elementor-spacer\">\n\t\t\t<div class=\"elementor-spacer-inner\"><\/div>\n\t\t<\/div>\n\t\t\t\t\t\t<\/div>\n\t\t\t\t\t<\/div>\n\t\t\t\t<\/div>\n\t\t<div class=\"elementor-element elementor-element-335e7b95 e-flex e-con-boxed e-con e-parent\" data-id=\"335e7b95\" data-element_type=\"container\">\n\t\t\t\t\t<div class=\"e-con-inner\">\n\t\t\t\t<div class=\"elementor-element elementor-element-95d1b3 elementor-widget elementor-widget-spacer\" data-id=\"95d1b3\" data-element_type=\"widget\" data-widget_type=\"spacer.default\">\n\t\t\t\t\t\t\t<div class=\"elementor-spacer\">\n\t\t\t<div class=\"elementor-spacer-inner\"><\/div>\n\t\t<\/div>\n\t\t\t\t\t\t<\/div>\n\t\t\t\t<div class=\"elementor-element elementor-element-4dcf08be elementor-widget elementor-widget-heading\" data-id=\"4dcf08be\" data-element_type=\"widget\" data-widget_type=\"heading.default\">\n\t\t\t\t\t<h1 class=\"elementor-heading-title elementor-size-xl\">Tanja Prekodravac<\/h1>\t\t\t\t<\/div>\n\t\t\t\t<div class=\"elementor-element elementor-element-6fc84177 elementor-widget-divider--view-line elementor-widget elementor-widget-divider\" data-id=\"6fc84177\" data-element_type=\"widget\" data-widget_type=\"divider.default\">\n\t\t\t\t\t\t\t<div class=\"elementor-divider\">\n\t\t\t<span class=\"elementor-divider-separator\">\n\t\t\t\t\t\t<\/span>\n\t\t<\/div>\n\t\t\t\t\t\t<\/div>\n\t\t\t\t\t<\/div>\n\t\t\t\t<\/div>\n\t\t<div class=\"elementor-element elementor-element-14085305 e-flex e-con-boxed e-con e-parent\" data-id=\"14085305\" data-element_type=\"container\">\n\t\t\t\t\t<div class=\"e-con-inner\">\n\t\t<div class=\"elementor-element elementor-element-da98e7e e-con-full e-flex e-con e-parent\" data-id=\"da98e7e\" data-element_type=\"container\">\n\t\t\t\t<div class=\"elementor-element elementor-element-3b626207 elementor-widget elementor-widget-text-editor\" data-id=\"3b626207\" data-element_type=\"widget\" data-widget_type=\"text-editor.default\">\n\t\t\t\t\t\t\t\t\t<h3 class=\"subtitle\">psihologinja<\/h3><div class=\"address\">\u00a0<\/div><div class=\"contact\"><h3><span style=\"font-size: 1.5em; font-weight: bold;\">Other information<\/span><\/h3><\/div><p>Iskustvo u savjetovanju\/psihoterapiji:\u00a0<strong>DA<\/strong><br \/><br \/>Primarna podru\u010dja rada:\u00a0<strong>organizacijska psihologija, profesorica (\u0161kole\/fakulteti) i Psihoterapijski rad s klijentima\/icama<\/strong><br \/><br \/>Iskustvo u radu s LGBTIQ osobama:\u00a0<strong>DA<\/strong><br \/><br \/>Zavr\u0161ena edukacija:<strong><br \/>Zavr\u0161ena edukacija iz Gestalt psihoterapije (IGW) (5 godina)<\/strong><\/p><p><strong>Osnove art terapije i process worka (procesno-orijentirane psihoterapije) (2 godine)<\/strong><\/p><p><strong>Edukacija iz body terapije, Tijelo i pokret u terapijskom, savjetodavnom i edukacijskom procesu (4 godine)\u00a0<\/strong><br \/><br \/>Edukacija u tijeku:\u00a0<strong>Psiholo\u0161ke krizne intervencije, obiteljska medijacija, komunikacijske vje\u0161tine, pregovaranje, vje\u0161tine timskog rada, prezentacijske vje\u0161tine, MBTI, Belbin team roles, stres i burnout, psihologijsko testiranje i procjena i dr.<\/strong><\/p>\t\t\t\t\t\t\t\t<\/div>\n\t\t\t\t<\/div>\n\t\t<div class=\"elementor-element elementor-element-36e03542 e-con-full e-flex e-con e-parent\" data-id=\"36e03542\" data-element_type=\"container\" data-settings=\"{&quot;background_background&quot;:&quot;classic&quot;}\">\n\t\t\t\t<div class=\"elementor-element elementor-element-1c7e07a5 elementor-widget elementor-widget-spacer\" data-id=\"1c7e07a5\" data-element_type=\"widget\" data-widget_type=\"spacer.default\">\n\t\t\t\t\t\t\t<div class=\"elementor-spacer\">\n\t\t\t<div class=\"elementor-spacer-inner\"><\/div>\n\t\t<\/div>\n\t\t\t\t\t\t<\/div>\n\t\t\t\t<div class=\"elementor-element elementor-element-31427c04 elementor-widget elementor-widget-heading\" data-id=\"31427c04\" data-element_type=\"widget\" data-widget_type=\"heading.default\">\n\t\t\t\t\t<h2 class=\"elementor-heading-title elementor-size-default\">Contact:<\/h2>\t\t\t\t<\/div>\n\t\t\t\t<div class=\"elementor-element elementor-element-5f6f75cd elementor-widget elementor-widget-text-editor\" data-id=\"5f6f75cd\" data-element_type=\"widget\" data-widget_type=\"text-editor.default\">\n\t\t\t\t\t\t\t\t\t<div class=\"address\"><h3>Adresa<\/h3><p>Zagreb<br \/>10000<\/p><\/div><div class=\"contact\"><h3>Contact us<\/h3><p><span id=\"cloak81026\">E-mail: tp.kontakt@gmail.com<\/span><\/p><p>Mob. <span id=\"eeb-888019-678107\"><\/span><script type=\"text\/javascript\">(function() {var ml=\"-F9102%\",mi=\"42365155404552\",o=\"\";for(var j=0,l=mi.length;j<l;j++) {o+=ml.charAt(mi.charCodeAt(j)-48);}document.getElementById(\"eeb-888019-678107\").innerHTML = decodeURIComponent(o);}());<\/script><noscript>*protected email*<\/noscript><\/p><\/div>\t\t\t\t\t\t\t\t<\/div>\n\t\t\t\t<\/div>\n\t\t\t\t\t<\/div>\n\t\t\t\t<\/div>\n\t\t<div class=\"elementor-element elementor-element-a094a8 e-flex e-con-boxed e-con e-parent\" data-id=\"a094a8\" data-element_type=\"container\" data-settings=\"{&quot;background_background&quot;:&quot;classic&quot;}\">\n\t\t\t\t\t<div class=\"e-con-inner\">\n\t\t<div class=\"elementor-element elementor-element-7910833c e-con-full e-flex e-con e-parent\" data-id=\"7910833c\" data-element_type=\"container\">\n\t\t\t\t<div class=\"elementor-element elementor-element-40c92916 elementor-widget elementor-widget-spacer\" data-id=\"40c92916\" data-element_type=\"widget\" data-widget_type=\"spacer.default\">\n\t\t\t\t\t\t\t<div class=\"elementor-spacer\">\n\t\t\t<div class=\"elementor-spacer-inner\"><\/div>\n\t\t<\/div>\n\t\t\t\t\t\t<\/div>\n\t\t\t\t<\/div>\n\t\t\t\t\t<\/div>\n\t\t\t\t<\/div>\n\t\t\t\t<\/div>","protected":false},"excerpt":{"rendered":"<p>Tanja Prekodravac psihologinja \u00a0 Ostale informacije Iskustvo u savjetovanju\/psihoterapiji:\u00a0DA Primarna podru\u010dja rada:\u00a0organizacijska psihologija, profesorica (\u0161kole\/fakulteti) i Psihoterapijski rad s klijentima\/icama Iskustvo u radu s LGBTIQ osobama:\u00a0DA Zavr\u0161ena edukacija:Zavr\u0161ena edukacija iz Gestalt psihoterapije (IGW) (5 godina) Osnove art terapije i process worka (procesno-orijentirane psihoterapije) (2 godine) Edukacija iz body terapije, Tijelo i pokret u terapijskom, savjetodavnom &hellip;<\/p>\n<p class=\"read-more\"> <a class=\"\" href=\"https:\/\/lori.hr\/en\/tanja-prekodravac\/\"> <span class=\"screen-reader-text\">Tanja Prekodravac<\/span> Read More \u00bb<\/a><\/p>","protected":false},"author":1,"featured_media":0,"parent":0,"menu_order":0,"comment_status":"closed","ping_status":"closed","template":"","meta":{"_uag_custom_page_level_css":"","site-sidebar-layout":"no-sidebar","site-content-layout":"page-builder","ast-site-content-layout":"","site-content-style":"default","site-sidebar-style":"default","ast-global-header-display":"","ast-banner-title-visibility":"","ast-main-header-display":"","ast-hfb-above-header-display":"","ast-hfb-below-header-display":"","ast-hfb-mobile-header-display":"","site-post-title":"disabled","ast-breadcrumbs-content":"","ast-featured-img":"disabled","footer-sml-layout":"","theme-transparent-header-meta":"","adv-header-id-meta":"","stick-header-meta":"","header-above-stick-meta":"","header-main-stick-meta":"","header-below-stick-meta":"","astra-migrate-meta-layouts":"","footnotes":""},"class_list":["post-5792","page","type-page","status-publish","hentry"],"uagb_featured_image_src":{"full":false,"thumbnail":false,"medium":false,"medium_large":false,"large":false,"1536x1536":false,"2048x2048":false,"trp-custom-language-flag":false},"uagb_author_info":{"display_name":"LORI","author_link":"https:\/\/lori.hr\/en\/author\/ikenji\/"},"uagb_comment_info":0,"uagb_excerpt":"Tanja Prekodravac psihologinja \u00a0 Ostale informacije Iskustvo u savjetovanju\/psihoterapiji:\u00a0DA Primarna podru\u010dja rada:\u00a0organizacijska psihologija, profesorica (\u0161kole\/fakulteti) i Psihoterapijski rad s klijentima\/icama Iskustvo u radu s LGBTIQ osobama:\u00a0DA Zavr\u0161ena edukacija:Zavr\u0161ena edukacija iz Gestalt psihoterapije (IGW) (5 godina) Osnove art terapije i process worka (procesno-orijentirane psihoterapije) (2 godine) Edukacija iz body terapije, Tijelo i pokret u terapijskom, savjetodavnom&hellip;","_links":{"self":[{"href":"https:\/\/lori.hr\/en\/wp-json\/wp\/v2\/pages\/5792","targetHints":{"allow":["GET"]}}],"collection":[{"href":"https:\/\/lori.hr\/en\/wp-json\/wp\/v2\/pages"}],"about":[{"href":"https:\/\/lori.hr\/en\/wp-json\/wp\/v2\/types\/page"}],"author":[{"embeddable":true,"href":"https:\/\/lori.hr\/en\/wp-json\/wp\/v2\/users\/1"}],"replies":[{"embeddable":true,"href":"https:\/\/lori.hr\/en\/wp-json\/wp\/v2\/comments?post=5792"}],"version-history":[{"count":4,"href":"https:\/\/lori.hr\/en\/wp-json\/wp\/v2\/pages\/5792\/revisions"}],"predecessor-version":[{"id":5799,"href":"https:\/\/lori.hr\/en\/wp-json\/wp\/v2\/pages\/5792\/revisions\/5799"}],"wp:attachment":[{"href":"https:\/\/lori.hr\/en\/wp-json\/wp\/v2\/media?parent=5792"}],"curies":[{"name":"wp","href":"https:\/\/api.w.org\/{rel}","templated":true}]}}