{"id":5800,"date":"2023-04-22T18:05:41","date_gmt":"2023-04-22T16:05:41","guid":{"rendered":"https:\/\/lori.hr\/?page_id=5800"},"modified":"2023-04-22T18:06:51","modified_gmt":"2023-04-22T16:06:51","slug":"nikica-hamer-vidmar","status":"publish","type":"page","link":"https:\/\/lori.hr\/en\/nikica-hamer-vidmar\/","title":{"rendered":"Nikica Hamer Vidmar"},"content":{"rendered":"<div data-elementor-type=\"wp-page\" data-elementor-id=\"5800\" class=\"elementor elementor-5800\" data-elementor-post-type=\"page\">\n\t\t\t\t<div class=\"elementor-element elementor-element-5494f1e1 navboja e-flex e-con-boxed e-con e-parent\" data-id=\"5494f1e1\" data-element_type=\"container\" data-settings=\"{&quot;background_background&quot;:&quot;classic&quot;}\">\n\t\t\t\t\t<div class=\"e-con-inner\">\n\t\t\t\t<div class=\"elementor-element elementor-element-3323ac5a elementor-widget elementor-widget-spacer\" data-id=\"3323ac5a\" data-element_type=\"widget\" data-widget_type=\"spacer.default\">\n\t\t\t\t\t\t\t<div class=\"elementor-spacer\">\n\t\t\t<div class=\"elementor-spacer-inner\"><\/div>\n\t\t<\/div>\n\t\t\t\t\t\t<\/div>\n\t\t\t\t\t<\/div>\n\t\t\t\t<\/div>\n\t\t<div class=\"elementor-element elementor-element-44005558 e-flex e-con-boxed e-con e-parent\" data-id=\"44005558\" data-element_type=\"container\">\n\t\t\t\t\t<div class=\"e-con-inner\">\n\t\t\t\t<div class=\"elementor-element elementor-element-2632a69b elementor-widget elementor-widget-spacer\" data-id=\"2632a69b\" data-element_type=\"widget\" data-widget_type=\"spacer.default\">\n\t\t\t\t\t\t\t<div class=\"elementor-spacer\">\n\t\t\t<div class=\"elementor-spacer-inner\"><\/div>\n\t\t<\/div>\n\t\t\t\t\t\t<\/div>\n\t\t\t\t<div class=\"elementor-element elementor-element-5f1a73f6 elementor-widget elementor-widget-heading\" data-id=\"5f1a73f6\" data-element_type=\"widget\" data-widget_type=\"heading.default\">\n\t\t\t\t\t<h1 class=\"elementor-heading-title elementor-size-xl\">Nikica Hamer Vidmar<\/h1>\t\t\t\t<\/div>\n\t\t\t\t<div class=\"elementor-element elementor-element-322bceed elementor-widget-divider--view-line elementor-widget elementor-widget-divider\" data-id=\"322bceed\" data-element_type=\"widget\" data-widget_type=\"divider.default\">\n\t\t\t\t\t\t\t<div class=\"elementor-divider\">\n\t\t\t<span class=\"elementor-divider-separator\">\n\t\t\t\t\t\t<\/span>\n\t\t<\/div>\n\t\t\t\t\t\t<\/div>\n\t\t\t\t\t<\/div>\n\t\t\t\t<\/div>\n\t\t<div class=\"elementor-element elementor-element-1b09dbc5 e-flex e-con-boxed e-con e-parent\" data-id=\"1b09dbc5\" data-element_type=\"container\">\n\t\t\t\t\t<div class=\"e-con-inner\">\n\t\t<div class=\"elementor-element elementor-element-6ddffc3c e-con-full e-flex e-con e-parent\" data-id=\"6ddffc3c\" data-element_type=\"container\">\n\t\t\t\t<div class=\"elementor-element elementor-element-7214375c elementor-widget elementor-widget-text-editor\" data-id=\"7214375c\" data-element_type=\"widget\" data-widget_type=\"text-editor.default\">\n\t\t\t\t\t\t\t\t\t<h3 class=\"subtitle\">psihologinja<\/h3><div class=\"address\">\u00a0<\/div><div class=\"contact\"><h3><span style=\"font-size: 1.5em; font-weight: bold;\">Other information<\/span><\/h3><\/div><p>Iskustvo u savjetovanju\/psihoterapiji:\u00a0<strong>DA<\/strong><br \/><br \/>Primarna podru\u010dja rada:\u00a0<strong>Pravosu\u0111e, podr\u0161ka \u017ertvama i svjedocima, rad s traumatiziranim osobama, koordinacija sustava podr\u0161ke, edukacije i supervizija<\/strong><br \/><br \/>Iskustvo u radu s LGBTIQ osobama:\u00a0<strong>DA<\/strong><br \/><br \/>Zavr\u0161ena edukacija:\u00a0<strong>Integrativna ge\u0161talt psihoterapija, Fritz Perls Institut<\/strong><br \/><br \/>Dodatne edukacije ili vje\u0161tine:<br \/><strong>Poslijediplomski specijalisti\u010dki studij iz supervizije psihosocijalnog rada; Grupni savjetodavni rad, grupni rad s \u00a0mladima; Edukacije iz podru\u010dja traume<\/strong><\/p>\t\t\t\t\t\t\t\t<\/div>\n\t\t\t\t<\/div>\n\t\t<div class=\"elementor-element elementor-element-77a51110 e-con-full e-flex e-con e-parent\" data-id=\"77a51110\" data-element_type=\"container\" data-settings=\"{&quot;background_background&quot;:&quot;classic&quot;}\">\n\t\t\t\t<div class=\"elementor-element elementor-element-134d7d34 elementor-widget elementor-widget-spacer\" data-id=\"134d7d34\" data-element_type=\"widget\" data-widget_type=\"spacer.default\">\n\t\t\t\t\t\t\t<div class=\"elementor-spacer\">\n\t\t\t<div class=\"elementor-spacer-inner\"><\/div>\n\t\t<\/div>\n\t\t\t\t\t\t<\/div>\n\t\t\t\t<div class=\"elementor-element elementor-element-2220fb79 elementor-widget elementor-widget-heading\" data-id=\"2220fb79\" data-element_type=\"widget\" data-widget_type=\"heading.default\">\n\t\t\t\t\t<h2 class=\"elementor-heading-title elementor-size-default\">Contact:<\/h2>\t\t\t\t<\/div>\n\t\t\t\t<div class=\"elementor-element elementor-element-4e00f376 elementor-widget elementor-widget-text-editor\" data-id=\"4e00f376\" data-element_type=\"widget\" data-widget_type=\"text-editor.default\">\n\t\t\t\t\t\t\t\t\t<div class=\"address\"><h3>Adresa<\/h3><p>Zagreb<br \/>10000<\/p><\/div><div class=\"contact\"><h3>Contact us<\/h3><p><span id=\"cloak81026\">E-mail: nvidmar53@gmail.com<\/span><\/p><p>Mob. <span id=\"eeb-921951-579448\"><\/span><script type=\"text\/javascript\">(function() {var ml=\"F6903%-285\",mi=\"32257079164839\",o=\"\";for(var j=0,l=mi.length;j<l;j++) {o+=ml.charAt(mi.charCodeAt(j)-48);}document.getElementById(\"eeb-921951-579448\").innerHTML = decodeURIComponent(o);}());<\/script><noscript>*protected email*<\/noscript><\/p><\/div>\t\t\t\t\t\t\t\t<\/div>\n\t\t\t\t<\/div>\n\t\t\t\t\t<\/div>\n\t\t\t\t<\/div>\n\t\t<div class=\"elementor-element elementor-element-28d661be e-flex e-con-boxed e-con e-parent\" data-id=\"28d661be\" data-element_type=\"container\" data-settings=\"{&quot;background_background&quot;:&quot;classic&quot;}\">\n\t\t\t\t\t<div class=\"e-con-inner\">\n\t\t<div class=\"elementor-element elementor-element-39d79f77 e-con-full e-flex e-con e-parent\" data-id=\"39d79f77\" data-element_type=\"container\">\n\t\t\t\t<div class=\"elementor-element elementor-element-31c14298 elementor-widget elementor-widget-spacer\" data-id=\"31c14298\" data-element_type=\"widget\" data-widget_type=\"spacer.default\">\n\t\t\t\t\t\t\t<div class=\"elementor-spacer\">\n\t\t\t<div class=\"elementor-spacer-inner\"><\/div>\n\t\t<\/div>\n\t\t\t\t\t\t<\/div>\n\t\t\t\t<\/div>\n\t\t\t\t\t<\/div>\n\t\t\t\t<\/div>\n\t\t\t\t<\/div>","protected":false},"excerpt":{"rendered":"<p>Nikica Hamer Vidmar psihologinja \u00a0 Ostale informacije Iskustvo u savjetovanju\/psihoterapiji:\u00a0DA Primarna podru\u010dja rada:\u00a0Pravosu\u0111e, podr\u0161ka \u017ertvama i svjedocima, rad s traumatiziranim osobama, koordinacija sustava podr\u0161ke, edukacije i supervizija Iskustvo u radu s LGBTIQ osobama:\u00a0DA Zavr\u0161ena edukacija:\u00a0Integrativna ge\u0161talt psihoterapija, Fritz Perls Institut Dodatne edukacije ili vje\u0161tine:Poslijediplomski specijalisti\u010dki studij iz supervizije psihosocijalnog rada; Grupni savjetodavni rad, grupni rad &hellip;<\/p>\n<p class=\"read-more\"> <a class=\"\" href=\"https:\/\/lori.hr\/en\/nikica-hamer-vidmar\/\"> <span class=\"screen-reader-text\">Nikica Hamer Vidmar<\/span> Read More \u00bb<\/a><\/p>","protected":false},"author":1,"featured_media":0,"parent":0,"menu_order":0,"comment_status":"closed","ping_status":"closed","template":"","meta":{"_uag_custom_page_level_css":"","site-sidebar-layout":"no-sidebar","site-content-layout":"page-builder","ast-site-content-layout":"","site-content-style":"default","site-sidebar-style":"default","ast-global-header-display":"","ast-banner-title-visibility":"","ast-main-header-display":"","ast-hfb-above-header-display":"","ast-hfb-below-header-display":"","ast-hfb-mobile-header-display":"","site-post-title":"disabled","ast-breadcrumbs-content":"","ast-featured-img":"disabled","footer-sml-layout":"","theme-transparent-header-meta":"","adv-header-id-meta":"","stick-header-meta":"","header-above-stick-meta":"","header-main-stick-meta":"","header-below-stick-meta":"","astra-migrate-meta-layouts":"","footnotes":""},"class_list":["post-5800","page","type-page","status-publish","hentry"],"uagb_featured_image_src":{"full":false,"thumbnail":false,"medium":false,"medium_large":false,"large":false,"1536x1536":false,"2048x2048":false,"trp-custom-language-flag":false},"uagb_author_info":{"display_name":"LORI","author_link":"https:\/\/lori.hr\/en\/author\/ikenji\/"},"uagb_comment_info":0,"uagb_excerpt":"Nikica Hamer Vidmar psihologinja \u00a0 Ostale informacije Iskustvo u savjetovanju\/psihoterapiji:\u00a0DA Primarna podru\u010dja rada:\u00a0Pravosu\u0111e, podr\u0161ka \u017ertvama i svjedocima, rad s traumatiziranim osobama, koordinacija sustava podr\u0161ke, edukacije i supervizija Iskustvo u radu s LGBTIQ osobama:\u00a0DA Zavr\u0161ena edukacija:\u00a0Integrativna ge\u0161talt psihoterapija, Fritz Perls Institut Dodatne edukacije ili vje\u0161tine:Poslijediplomski specijalisti\u010dki studij iz supervizije psihosocijalnog rada; Grupni savjetodavni rad, grupni rad&hellip;","_links":{"self":[{"href":"https:\/\/lori.hr\/en\/wp-json\/wp\/v2\/pages\/5800","targetHints":{"allow":["GET"]}}],"collection":[{"href":"https:\/\/lori.hr\/en\/wp-json\/wp\/v2\/pages"}],"about":[{"href":"https:\/\/lori.hr\/en\/wp-json\/wp\/v2\/types\/page"}],"author":[{"embeddable":true,"href":"https:\/\/lori.hr\/en\/wp-json\/wp\/v2\/users\/1"}],"replies":[{"embeddable":true,"href":"https:\/\/lori.hr\/en\/wp-json\/wp\/v2\/comments?post=5800"}],"version-history":[{"count":3,"href":"https:\/\/lori.hr\/en\/wp-json\/wp\/v2\/pages\/5800\/revisions"}],"predecessor-version":[{"id":5804,"href":"https:\/\/lori.hr\/en\/wp-json\/wp\/v2\/pages\/5800\/revisions\/5804"}],"wp:attachment":[{"href":"https:\/\/lori.hr\/en\/wp-json\/wp\/v2\/media?parent=5800"}],"curies":[{"name":"wp","href":"https:\/\/api.w.org\/{rel}","templated":true}]}}