{"id":5854,"date":"2023-04-22T18:34:34","date_gmt":"2023-04-22T16:34:34","guid":{"rendered":"https:\/\/lori.hr\/?page_id=5854"},"modified":"2023-04-22T18:35:50","modified_gmt":"2023-04-22T16:35:50","slug":"ana-plesa","status":"publish","type":"page","link":"https:\/\/lori.hr\/en\/ana-plesa\/","title":{"rendered":"Ana Ple\u0161a"},"content":{"rendered":"<div data-elementor-type=\"wp-page\" data-elementor-id=\"5854\" class=\"elementor elementor-5854\" data-elementor-post-type=\"page\">\n\t\t\t\t<div class=\"elementor-element elementor-element-2d0f5ec2 navboja e-flex e-con-boxed e-con e-parent\" data-id=\"2d0f5ec2\" data-element_type=\"container\" data-settings=\"{&quot;background_background&quot;:&quot;classic&quot;}\">\n\t\t\t\t\t<div class=\"e-con-inner\">\n\t\t\t\t<div class=\"elementor-element elementor-element-8ccbb9a elementor-widget elementor-widget-spacer\" data-id=\"8ccbb9a\" data-element_type=\"widget\" data-widget_type=\"spacer.default\">\n\t\t\t\t\t\t\t<div class=\"elementor-spacer\">\n\t\t\t<div class=\"elementor-spacer-inner\"><\/div>\n\t\t<\/div>\n\t\t\t\t\t\t<\/div>\n\t\t\t\t\t<\/div>\n\t\t\t\t<\/div>\n\t\t<div class=\"elementor-element elementor-element-3a7ff6db e-flex e-con-boxed e-con e-parent\" data-id=\"3a7ff6db\" data-element_type=\"container\">\n\t\t\t\t\t<div class=\"e-con-inner\">\n\t\t\t\t<div class=\"elementor-element elementor-element-5b36729 elementor-widget elementor-widget-spacer\" data-id=\"5b36729\" data-element_type=\"widget\" data-widget_type=\"spacer.default\">\n\t\t\t\t\t\t\t<div class=\"elementor-spacer\">\n\t\t\t<div class=\"elementor-spacer-inner\"><\/div>\n\t\t<\/div>\n\t\t\t\t\t\t<\/div>\n\t\t\t\t<div class=\"elementor-element elementor-element-42e40cc2 elementor-widget elementor-widget-heading\" data-id=\"42e40cc2\" data-element_type=\"widget\" data-widget_type=\"heading.default\">\n\t\t\t\t\t<h1 class=\"elementor-heading-title elementor-size-xl\">Ana Ple\u0161a<\/h1>\t\t\t\t<\/div>\n\t\t\t\t<div class=\"elementor-element elementor-element-7badd85c elementor-widget-divider--view-line elementor-widget elementor-widget-divider\" data-id=\"7badd85c\" data-element_type=\"widget\" data-widget_type=\"divider.default\">\n\t\t\t\t\t\t\t<div class=\"elementor-divider\">\n\t\t\t<span class=\"elementor-divider-separator\">\n\t\t\t\t\t\t<\/span>\n\t\t<\/div>\n\t\t\t\t\t\t<\/div>\n\t\t\t\t\t<\/div>\n\t\t\t\t<\/div>\n\t\t<div class=\"elementor-element elementor-element-32c357be e-flex e-con-boxed e-con e-parent\" data-id=\"32c357be\" data-element_type=\"container\">\n\t\t\t\t\t<div class=\"e-con-inner\">\n\t\t<div class=\"elementor-element elementor-element-b653ac1 e-con-full e-flex e-con e-parent\" data-id=\"b653ac1\" data-element_type=\"container\">\n\t\t\t\t<div class=\"elementor-element elementor-element-e36f226 elementor-widget elementor-widget-text-editor\" data-id=\"e36f226\" data-element_type=\"widget\" data-widget_type=\"text-editor.default\">\n\t\t\t\t\t\t\t\t\t<h3 class=\"subtitle\">psihologinja<\/h3><div class=\"address\">\u00a0<\/div><div class=\"contact\"><h3><span style=\"font-size: 1.5em; font-weight: bold;\">Other information<\/span><\/h3><\/div><p>Iskustvo u savjetovanju\/psihoterapiji:\u00a0<strong>DA<\/strong><br \/><br \/>Primarna podru\u010dja rada: <strong>\u0161kolska i pred\u0161kolska psihologija<\/strong><br \/><br \/>Iskustvo u radu s LGBTIQ osobama:\u00a0<strong>DA<\/strong><br \/><br \/>Zavr\u0161ena edukacija:\u00a0<strong>realitetna terapija<\/strong><br \/><br \/>Edukacija u tijeku:\u00a0<strong>apsolvent ge\u0161talt terapije<\/strong><\/p>\t\t\t\t\t\t\t\t<\/div>\n\t\t\t\t<\/div>\n\t\t<div class=\"elementor-element elementor-element-397acd38 e-con-full e-flex e-con e-parent\" data-id=\"397acd38\" data-element_type=\"container\" data-settings=\"{&quot;background_background&quot;:&quot;classic&quot;}\">\n\t\t\t\t<div class=\"elementor-element elementor-element-5604700c elementor-widget elementor-widget-spacer\" data-id=\"5604700c\" data-element_type=\"widget\" data-widget_type=\"spacer.default\">\n\t\t\t\t\t\t\t<div class=\"elementor-spacer\">\n\t\t\t<div class=\"elementor-spacer-inner\"><\/div>\n\t\t<\/div>\n\t\t\t\t\t\t<\/div>\n\t\t\t\t<div class=\"elementor-element elementor-element-41efeb1e elementor-widget elementor-widget-heading\" data-id=\"41efeb1e\" data-element_type=\"widget\" data-widget_type=\"heading.default\">\n\t\t\t\t\t<h2 class=\"elementor-heading-title elementor-size-default\">Contact:<\/h2>\t\t\t\t<\/div>\n\t\t\t\t<div class=\"elementor-element elementor-element-779b16ef elementor-widget elementor-widget-text-editor\" data-id=\"779b16ef\" data-element_type=\"widget\" data-widget_type=\"text-editor.default\">\n\t\t\t\t\t\t\t\t\t<div class=\"address\"><h3>Adresa<\/h3><p>Zagreb<br \/>10000<\/p><\/div><div class=\"contact\"><h3>Contact us<\/h3><p><span id=\"cloak81026\">E-mail: ana.plesa@inbox.com<\/span><\/p><p>Mob. <span id=\"eeb-247533-683298\"><\/span><script type=\"text\/javascript\">(function() {var ml=\"630-%921F\",mi=\"25746862132202\",o=\"\";for(var j=0,l=mi.length;j<l;j++) {o+=ml.charAt(mi.charCodeAt(j)-48);}document.getElementById(\"eeb-247533-683298\").innerHTML = decodeURIComponent(o);}());<\/script><noscript>*protected email*<\/noscript><br \/>Tel. <span id=\"eeb-687971-43373\"><\/span><script type=\"text\/javascript\">(function() {var ml=\"18-F04%2\",mi=\"4067351721111\",o=\"\";for(var j=0,l=mi.length;j<l;j++) {o+=ml.charAt(mi.charCodeAt(j)-48);}document.getElementById(\"eeb-687971-43373\").innerHTML = decodeURIComponent(o);}());<\/script><noscript>*protected email*<\/noscript><\/p><\/div>\t\t\t\t\t\t\t\t<\/div>\n\t\t\t\t<\/div>\n\t\t\t\t\t<\/div>\n\t\t\t\t<\/div>\n\t\t<div class=\"elementor-element elementor-element-4cb196fe e-flex e-con-boxed e-con e-parent\" data-id=\"4cb196fe\" data-element_type=\"container\" data-settings=\"{&quot;background_background&quot;:&quot;classic&quot;}\">\n\t\t\t\t\t<div class=\"e-con-inner\">\n\t\t<div class=\"elementor-element elementor-element-d4bb676 e-con-full e-flex e-con e-parent\" data-id=\"d4bb676\" data-element_type=\"container\">\n\t\t\t\t<div class=\"elementor-element elementor-element-6eb19379 elementor-widget elementor-widget-spacer\" data-id=\"6eb19379\" data-element_type=\"widget\" data-widget_type=\"spacer.default\">\n\t\t\t\t\t\t\t<div class=\"elementor-spacer\">\n\t\t\t<div class=\"elementor-spacer-inner\"><\/div>\n\t\t<\/div>\n\t\t\t\t\t\t<\/div>\n\t\t\t\t<\/div>\n\t\t\t\t\t<\/div>\n\t\t\t\t<\/div>\n\t\t\t\t<\/div>","protected":false},"excerpt":{"rendered":"<p>Ana Ple\u0161a psihologinja \u00a0 Ostale informacije Iskustvo u savjetovanju\/psihoterapiji:\u00a0DA Primarna podru\u010dja rada: \u0161kolska i pred\u0161kolska psihologija Iskustvo u radu s LGBTIQ osobama:\u00a0DA Zavr\u0161ena edukacija:\u00a0realitetna terapija Edukacija u tijeku:\u00a0apsolvent ge\u0161talt terapije Kontakt: Adresa Zagreb10000 Kontakt E-mail: ana.plesa@inbox.com Mob. Tel.<\/p>","protected":false},"author":1,"featured_media":0,"parent":0,"menu_order":0,"comment_status":"closed","ping_status":"closed","template":"","meta":{"_uag_custom_page_level_css":"","site-sidebar-layout":"no-sidebar","site-content-layout":"page-builder","ast-site-content-layout":"","site-content-style":"default","site-sidebar-style":"default","ast-global-header-display":"","ast-banner-title-visibility":"","ast-main-header-display":"","ast-hfb-above-header-display":"","ast-hfb-below-header-display":"","ast-hfb-mobile-header-display":"","site-post-title":"disabled","ast-breadcrumbs-content":"","ast-featured-img":"disabled","footer-sml-layout":"","theme-transparent-header-meta":"","adv-header-id-meta":"","stick-header-meta":"","header-above-stick-meta":"","header-main-stick-meta":"","header-below-stick-meta":"","astra-migrate-meta-layouts":"","footnotes":""},"class_list":["post-5854","page","type-page","status-publish","hentry"],"uagb_featured_image_src":{"full":false,"thumbnail":false,"medium":false,"medium_large":false,"large":false,"1536x1536":false,"2048x2048":false,"trp-custom-language-flag":false},"uagb_author_info":{"display_name":"LORI","author_link":"https:\/\/lori.hr\/en\/author\/ikenji\/"},"uagb_comment_info":0,"uagb_excerpt":"Ana Ple\u0161a psihologinja \u00a0 Ostale informacije Iskustvo u savjetovanju\/psihoterapiji:\u00a0DA Primarna podru\u010dja rada: \u0161kolska i pred\u0161kolska psihologija Iskustvo u radu s LGBTIQ osobama:\u00a0DA Zavr\u0161ena edukacija:\u00a0realitetna terapija Edukacija u tijeku:\u00a0apsolvent ge\u0161talt terapije Kontakt: Adresa Zagreb10000 Kontakt E-mail: ana.plesa@inbox.com Mob. Tel.","_links":{"self":[{"href":"https:\/\/lori.hr\/en\/wp-json\/wp\/v2\/pages\/5854","targetHints":{"allow":["GET"]}}],"collection":[{"href":"https:\/\/lori.hr\/en\/wp-json\/wp\/v2\/pages"}],"about":[{"href":"https:\/\/lori.hr\/en\/wp-json\/wp\/v2\/types\/page"}],"author":[{"embeddable":true,"href":"https:\/\/lori.hr\/en\/wp-json\/wp\/v2\/users\/1"}],"replies":[{"embeddable":true,"href":"https:\/\/lori.hr\/en\/wp-json\/wp\/v2\/comments?post=5854"}],"version-history":[{"count":4,"href":"https:\/\/lori.hr\/en\/wp-json\/wp\/v2\/pages\/5854\/revisions"}],"predecessor-version":[{"id":5858,"href":"https:\/\/lori.hr\/en\/wp-json\/wp\/v2\/pages\/5854\/revisions\/5858"}],"wp:attachment":[{"href":"https:\/\/lori.hr\/en\/wp-json\/wp\/v2\/media?parent=5854"}],"curies":[{"name":"wp","href":"https:\/\/api.w.org\/{rel}","templated":true}]}}