{"id":5878,"date":"2023-04-22T18:56:30","date_gmt":"2023-04-22T16:56:30","guid":{"rendered":"https:\/\/lori.hr\/?page_id=5878"},"modified":"2023-04-22T18:58:15","modified_gmt":"2023-04-22T16:58:15","slug":"jasmina-sockovic","status":"publish","type":"page","link":"https:\/\/lori.hr\/en\/jasmina-sockovic\/","title":{"rendered":"Jasmina So\u010dkovi\u0107"},"content":{"rendered":"<div data-elementor-type=\"wp-page\" data-elementor-id=\"5878\" class=\"elementor elementor-5878\" data-elementor-post-type=\"page\">\n\t\t\t\t<div class=\"elementor-element elementor-element-38d8462b navboja e-flex e-con-boxed e-con e-parent\" data-id=\"38d8462b\" data-element_type=\"container\" data-settings=\"{&quot;background_background&quot;:&quot;classic&quot;}\">\n\t\t\t\t\t<div class=\"e-con-inner\">\n\t\t\t\t<div class=\"elementor-element elementor-element-611931ea elementor-widget elementor-widget-spacer\" data-id=\"611931ea\" data-element_type=\"widget\" data-widget_type=\"spacer.default\">\n\t\t\t\t\t\t\t<div class=\"elementor-spacer\">\n\t\t\t<div class=\"elementor-spacer-inner\"><\/div>\n\t\t<\/div>\n\t\t\t\t\t\t<\/div>\n\t\t\t\t\t<\/div>\n\t\t\t\t<\/div>\n\t\t<div class=\"elementor-element elementor-element-2f656490 e-flex e-con-boxed e-con e-parent\" data-id=\"2f656490\" data-element_type=\"container\">\n\t\t\t\t\t<div class=\"e-con-inner\">\n\t\t\t\t<div class=\"elementor-element elementor-element-bc7403e elementor-widget elementor-widget-spacer\" data-id=\"bc7403e\" data-element_type=\"widget\" data-widget_type=\"spacer.default\">\n\t\t\t\t\t\t\t<div class=\"elementor-spacer\">\n\t\t\t<div class=\"elementor-spacer-inner\"><\/div>\n\t\t<\/div>\n\t\t\t\t\t\t<\/div>\n\t\t\t\t<div class=\"elementor-element elementor-element-787d3180 elementor-widget elementor-widget-heading\" data-id=\"787d3180\" data-element_type=\"widget\" data-widget_type=\"heading.default\">\n\t\t\t\t\t<h1 class=\"elementor-heading-title elementor-size-xl\">Jasmina So\u010dkovi\u0107<\/h1>\t\t\t\t<\/div>\n\t\t\t\t<div class=\"elementor-element elementor-element-1c1d9e7 elementor-widget-divider--view-line elementor-widget elementor-widget-divider\" data-id=\"1c1d9e7\" data-element_type=\"widget\" data-widget_type=\"divider.default\">\n\t\t\t\t\t\t\t<div class=\"elementor-divider\">\n\t\t\t<span class=\"elementor-divider-separator\">\n\t\t\t\t\t\t<\/span>\n\t\t<\/div>\n\t\t\t\t\t\t<\/div>\n\t\t\t\t\t<\/div>\n\t\t\t\t<\/div>\n\t\t<div class=\"elementor-element elementor-element-3bbf9960 e-flex e-con-boxed e-con e-parent\" data-id=\"3bbf9960\" data-element_type=\"container\">\n\t\t\t\t\t<div class=\"e-con-inner\">\n\t\t<div class=\"elementor-element elementor-element-41384ec6 e-con-full e-flex e-con e-parent\" data-id=\"41384ec6\" data-element_type=\"container\">\n\t\t\t\t<div class=\"elementor-element elementor-element-68a906d5 elementor-widget elementor-widget-text-editor\" data-id=\"68a906d5\" data-element_type=\"widget\" data-widget_type=\"text-editor.default\">\n\t\t\t\t\t\t\t\t\t<h3 class=\"subtitle\">psihologinja<\/h3><div class=\"address\">\u00a0<\/div><div class=\"contact\"><h3><span style=\"font-size: 1.5em; font-weight: bold;\">Other information<\/span><\/h3><\/div><p>Iskustvo u savjetovanju\/psihoterapiji:\u00a0<strong>DA<\/strong><br \/><br \/>Primarna podru\u010dja rada:\u00a0<strong>organizacijska psihologija i psihoterapija<\/strong><br \/><br \/>Podru\u010dja rada &#8211; ostalo:\u00a0<strong>psihoterapija<\/strong><br \/><br \/>Iskustvo u radu s LGBTIQ osobama:\u00a0<strong>DA<\/strong><br \/><br \/>Zavr\u0161ena edukacija:\u00a0<strong>Gestalt terapija (Program za certificiranog psihoterapeuta, IGW- Institut za integrativnu ge\u0161talt terapiju iz W\u00fcrzburga)<\/strong><\/p><p>Dodatne edukacije i vje\u0161tine:\u00a0<strong>Osnove integrativne tjelesne relacione psihoterapije (100 sati), art terapije, process worka (procesno-orijentirane psihoterapije), edukacija iz holisti\u010dkog plesa i pedagogije pokreta (Holistic Dance and Movement Pedagogy Teachers Training Program), Systemic Gestalt Coaching (IGW) i razne jednodnevne\/vikend edukacije (muzikoterapija, Communologue, rad s asocijativnim kartama, rad s LGBT osobama u psih. savjetovanju, obiteljske konstelacije i dr.)<\/strong><\/p>\t\t\t\t\t\t\t\t<\/div>\n\t\t\t\t<\/div>\n\t\t<div class=\"elementor-element elementor-element-7e8bb67c e-con-full e-flex e-con e-parent\" data-id=\"7e8bb67c\" data-element_type=\"container\" data-settings=\"{&quot;background_background&quot;:&quot;classic&quot;}\">\n\t\t\t\t<div class=\"elementor-element elementor-element-546aca99 elementor-widget elementor-widget-spacer\" data-id=\"546aca99\" data-element_type=\"widget\" data-widget_type=\"spacer.default\">\n\t\t\t\t\t\t\t<div class=\"elementor-spacer\">\n\t\t\t<div class=\"elementor-spacer-inner\"><\/div>\n\t\t<\/div>\n\t\t\t\t\t\t<\/div>\n\t\t\t\t<div class=\"elementor-element elementor-element-8daa372 elementor-widget elementor-widget-heading\" data-id=\"8daa372\" data-element_type=\"widget\" data-widget_type=\"heading.default\">\n\t\t\t\t\t<h2 class=\"elementor-heading-title elementor-size-default\">Contact:<\/h2>\t\t\t\t<\/div>\n\t\t\t\t<div class=\"elementor-element elementor-element-29b4db56 elementor-widget elementor-widget-text-editor\" data-id=\"29b4db56\" data-element_type=\"widget\" data-widget_type=\"text-editor.default\">\n\t\t\t\t\t\t\t\t\t<div class=\"address\"><h3>Adresa<\/h3><p>Zagreb<br \/>10000<\/p><\/div><div class=\"contact\"><h3>Contact us<\/h3><p><span id=\"cloak81026\">E-mail: jasmina@pilgrim.hr<\/span><\/p><p>Mob. <span id=\"eeb-908226-416463\"><\/span><script type=\"text\/javascript\">(function() {var ml=\"0-428%1F79\",mi=\"09653733812420\",o=\"\";for(var j=0,l=mi.length;j<l;j++) {o+=ml.charAt(mi.charCodeAt(j)-48);}document.getElementById(\"eeb-908226-416463\").innerHTML = decodeURIComponent(o);}());<\/script><noscript>*protected email*<\/noscript><br \/>Web: <a href=\"http:\/\/www.pilgrim.hr\" target=\"_blank\" rel=\"nofollow noopener\">http:\/\/www.pilgrim.hr<\/a><\/p><\/div>\t\t\t\t\t\t\t\t<\/div>\n\t\t\t\t<\/div>\n\t\t\t\t\t<\/div>\n\t\t\t\t<\/div>\n\t\t<div class=\"elementor-element elementor-element-4f254f46 e-flex e-con-boxed e-con e-parent\" data-id=\"4f254f46\" data-element_type=\"container\" data-settings=\"{&quot;background_background&quot;:&quot;classic&quot;}\">\n\t\t\t\t\t<div class=\"e-con-inner\">\n\t\t<div class=\"elementor-element elementor-element-63f2cb44 e-con-full e-flex e-con e-parent\" data-id=\"63f2cb44\" data-element_type=\"container\">\n\t\t\t\t<div class=\"elementor-element elementor-element-54d81df2 elementor-widget elementor-widget-spacer\" data-id=\"54d81df2\" data-element_type=\"widget\" data-widget_type=\"spacer.default\">\n\t\t\t\t\t\t\t<div class=\"elementor-spacer\">\n\t\t\t<div class=\"elementor-spacer-inner\"><\/div>\n\t\t<\/div>\n\t\t\t\t\t\t<\/div>\n\t\t\t\t<\/div>\n\t\t\t\t\t<\/div>\n\t\t\t\t<\/div>\n\t\t\t\t<\/div>","protected":false},"excerpt":{"rendered":"<p>Jasmina So\u010dkovi\u0107 psihologinja \u00a0 Ostale informacije Iskustvo u savjetovanju\/psihoterapiji:\u00a0DA Primarna podru\u010dja rada:\u00a0organizacijska psihologija i psihoterapija Podru\u010dja rada &#8211; ostalo:\u00a0psihoterapija Iskustvo u radu s LGBTIQ osobama:\u00a0DA Zavr\u0161ena edukacija:\u00a0Gestalt terapija (Program za certificiranog psihoterapeuta, IGW- Institut za integrativnu ge\u0161talt terapiju iz W\u00fcrzburga) Dodatne edukacije i vje\u0161tine:\u00a0Osnove integrativne tjelesne relacione psihoterapije (100 sati), art terapije, process worka (procesno-orijentirane &hellip;<\/p>\n<p class=\"read-more\"> <a class=\"\" href=\"https:\/\/lori.hr\/en\/jasmina-sockovic\/\"> <span class=\"screen-reader-text\">Jasmina So\u010dkovi\u0107<\/span> Read More \u00bb<\/a><\/p>","protected":false},"author":1,"featured_media":0,"parent":0,"menu_order":0,"comment_status":"closed","ping_status":"closed","template":"","meta":{"_uag_custom_page_level_css":"","site-sidebar-layout":"no-sidebar","site-content-layout":"page-builder","ast-site-content-layout":"","site-content-style":"default","site-sidebar-style":"default","ast-global-header-display":"","ast-banner-title-visibility":"","ast-main-header-display":"","ast-hfb-above-header-display":"","ast-hfb-below-header-display":"","ast-hfb-mobile-header-display":"","site-post-title":"disabled","ast-breadcrumbs-content":"","ast-featured-img":"disabled","footer-sml-layout":"","theme-transparent-header-meta":"","adv-header-id-meta":"","stick-header-meta":"","header-above-stick-meta":"","header-main-stick-meta":"","header-below-stick-meta":"","astra-migrate-meta-layouts":"","footnotes":""},"class_list":["post-5878","page","type-page","status-publish","hentry"],"uagb_featured_image_src":{"full":false,"thumbnail":false,"medium":false,"medium_large":false,"large":false,"1536x1536":false,"2048x2048":false,"trp-custom-language-flag":false},"uagb_author_info":{"display_name":"LORI","author_link":"https:\/\/lori.hr\/en\/author\/ikenji\/"},"uagb_comment_info":0,"uagb_excerpt":"Jasmina So\u010dkovi\u0107 psihologinja \u00a0 Ostale informacije Iskustvo u savjetovanju\/psihoterapiji:\u00a0DA Primarna podru\u010dja rada:\u00a0organizacijska psihologija i psihoterapija Podru\u010dja rada &#8211; ostalo:\u00a0psihoterapija Iskustvo u radu s LGBTIQ osobama:\u00a0DA Zavr\u0161ena edukacija:\u00a0Gestalt terapija (Program za certificiranog psihoterapeuta, IGW- Institut za integrativnu ge\u0161talt terapiju iz W\u00fcrzburga) Dodatne edukacije i vje\u0161tine:\u00a0Osnove integrativne tjelesne relacione psihoterapije (100 sati), art terapije, process worka (procesno-orijentirane&hellip;","_links":{"self":[{"href":"https:\/\/lori.hr\/en\/wp-json\/wp\/v2\/pages\/5878","targetHints":{"allow":["GET"]}}],"collection":[{"href":"https:\/\/lori.hr\/en\/wp-json\/wp\/v2\/pages"}],"about":[{"href":"https:\/\/lori.hr\/en\/wp-json\/wp\/v2\/types\/page"}],"author":[{"embeddable":true,"href":"https:\/\/lori.hr\/en\/wp-json\/wp\/v2\/users\/1"}],"replies":[{"embeddable":true,"href":"https:\/\/lori.hr\/en\/wp-json\/wp\/v2\/comments?post=5878"}],"version-history":[{"count":4,"href":"https:\/\/lori.hr\/en\/wp-json\/wp\/v2\/pages\/5878\/revisions"}],"predecessor-version":[{"id":5882,"href":"https:\/\/lori.hr\/en\/wp-json\/wp\/v2\/pages\/5878\/revisions\/5882"}],"wp:attachment":[{"href":"https:\/\/lori.hr\/en\/wp-json\/wp\/v2\/media?parent=5878"}],"curies":[{"name":"wp","href":"https:\/\/api.w.org\/{rel}","templated":true}]}}