{"id":5889,"date":"2023-04-22T19:02:10","date_gmt":"2023-04-22T17:02:10","guid":{"rendered":"https:\/\/lori.hr\/?page_id=5889"},"modified":"2023-04-22T19:03:16","modified_gmt":"2023-04-22T17:03:16","slug":"drazen-klaric","status":"publish","type":"page","link":"https:\/\/lori.hr\/en\/drazen-klaric\/","title":{"rendered":"Dra\u017een Klari\u0107"},"content":{"rendered":"<div data-elementor-type=\"wp-page\" data-elementor-id=\"5889\" class=\"elementor elementor-5889\" data-elementor-post-type=\"page\">\n\t\t\t\t<div class=\"elementor-element elementor-element-2e1ab612 navboja e-flex e-con-boxed e-con e-parent\" data-id=\"2e1ab612\" data-element_type=\"container\" data-settings=\"{&quot;background_background&quot;:&quot;classic&quot;}\">\n\t\t\t\t\t<div class=\"e-con-inner\">\n\t\t\t\t<div class=\"elementor-element elementor-element-1db33d80 elementor-widget elementor-widget-spacer\" data-id=\"1db33d80\" data-element_type=\"widget\" data-widget_type=\"spacer.default\">\n\t\t\t\t\t\t\t<div class=\"elementor-spacer\">\n\t\t\t<div class=\"elementor-spacer-inner\"><\/div>\n\t\t<\/div>\n\t\t\t\t\t\t<\/div>\n\t\t\t\t\t<\/div>\n\t\t\t\t<\/div>\n\t\t<div class=\"elementor-element elementor-element-58ed139f e-flex e-con-boxed e-con e-parent\" data-id=\"58ed139f\" data-element_type=\"container\">\n\t\t\t\t\t<div class=\"e-con-inner\">\n\t\t\t\t<div class=\"elementor-element elementor-element-38366e6e elementor-widget elementor-widget-spacer\" data-id=\"38366e6e\" data-element_type=\"widget\" data-widget_type=\"spacer.default\">\n\t\t\t\t\t\t\t<div class=\"elementor-spacer\">\n\t\t\t<div class=\"elementor-spacer-inner\"><\/div>\n\t\t<\/div>\n\t\t\t\t\t\t<\/div>\n\t\t\t\t<div class=\"elementor-element elementor-element-b28c613 elementor-widget elementor-widget-heading\" data-id=\"b28c613\" data-element_type=\"widget\" data-widget_type=\"heading.default\">\n\t\t\t\t\t<h1 class=\"elementor-heading-title elementor-size-xl\">Dra\u017een Klari\u0107<\/h1>\t\t\t\t<\/div>\n\t\t\t\t<div class=\"elementor-element elementor-element-bc1075b elementor-widget-divider--view-line elementor-widget elementor-widget-divider\" data-id=\"bc1075b\" data-element_type=\"widget\" data-widget_type=\"divider.default\">\n\t\t\t\t\t\t\t<div class=\"elementor-divider\">\n\t\t\t<span class=\"elementor-divider-separator\">\n\t\t\t\t\t\t<\/span>\n\t\t<\/div>\n\t\t\t\t\t\t<\/div>\n\t\t\t\t\t<\/div>\n\t\t\t\t<\/div>\n\t\t<div class=\"elementor-element elementor-element-4cc35a2e e-flex e-con-boxed e-con e-parent\" data-id=\"4cc35a2e\" data-element_type=\"container\">\n\t\t\t\t\t<div class=\"e-con-inner\">\n\t\t<div class=\"elementor-element elementor-element-5d32cdbb e-con-full e-flex e-con e-parent\" data-id=\"5d32cdbb\" data-element_type=\"container\">\n\t\t\t\t<div class=\"elementor-element elementor-element-2e05aa02 elementor-widget elementor-widget-text-editor\" data-id=\"2e05aa02\" data-element_type=\"widget\" data-widget_type=\"text-editor.default\">\n\t\t\t\t\t\t\t\t\t<h3 class=\"subtitle\">psiholog<\/h3><div class=\"address\">\u00a0<\/div><div class=\"contact\"><h3><span style=\"font-size: 1.5em; font-weight: bold;\">Other information<\/span><\/h3><\/div><p>Iskustvo u savjetovanju\/psihoterapiji:\u00a0<b>DA<\/b><br \/><br \/>Primarna podru\u010dja rada:\u00a0<b>klini?ka i \u0161kolska i pred\u0161kolska psihologija<\/b><br \/><br \/>Iskustvo u radu s LGBTIQ osobama:\u00a0<b>DA<\/b><br \/><br \/>Zavr\u0161ena edukacija:\u00a0<b>profesor psihologije, 101 TA<\/b><br \/><br \/>Edukacija u tijeku:\u00a0<b>Gestalt pri IGW, odslu\u0161an (jo\u0161 zavr\u0161ni rad)<\/b><br \/><br \/>Dodatne edukacije ili vje\u0161tine:\u00a0<b>razne kra?e radionice i edukacije<\/b><\/p>\t\t\t\t\t\t\t\t<\/div>\n\t\t\t\t<\/div>\n\t\t<div class=\"elementor-element elementor-element-15d3433c e-con-full e-flex e-con e-parent\" data-id=\"15d3433c\" data-element_type=\"container\" data-settings=\"{&quot;background_background&quot;:&quot;classic&quot;}\">\n\t\t\t\t<div class=\"elementor-element elementor-element-6b3ee5 elementor-widget elementor-widget-spacer\" data-id=\"6b3ee5\" data-element_type=\"widget\" data-widget_type=\"spacer.default\">\n\t\t\t\t\t\t\t<div class=\"elementor-spacer\">\n\t\t\t<div class=\"elementor-spacer-inner\"><\/div>\n\t\t<\/div>\n\t\t\t\t\t\t<\/div>\n\t\t\t\t<div class=\"elementor-element elementor-element-4e153da1 elementor-widget elementor-widget-heading\" data-id=\"4e153da1\" data-element_type=\"widget\" data-widget_type=\"heading.default\">\n\t\t\t\t\t<h2 class=\"elementor-heading-title elementor-size-default\">Contact:<\/h2>\t\t\t\t<\/div>\n\t\t\t\t<div class=\"elementor-element elementor-element-76417fba elementor-widget elementor-widget-text-editor\" data-id=\"76417fba\" data-element_type=\"widget\" data-widget_type=\"text-editor.default\">\n\t\t\t\t\t\t\t\t\t<div class=\"address\"><h3>Adresa<\/h3><p>Zagreb i Velika Gorica<br \/>10000<\/p><\/div><div class=\"contact\"><h3>Contact us<\/h3><p><span id=\"cloak81026\">E-mail: drazen_klaric@yahoo.com<\/span><\/p><p>Mob. <span id=\"eeb-657955-18520\"><\/span><script type=\"text\/javascript\">(function() {var ml=\"076%5F-298\",mi=\"0893757416927\",o=\"\";for(var j=0,l=mi.length;j<l;j++) {o+=ml.charAt(mi.charCodeAt(j)-48);}document.getElementById(\"eeb-657955-18520\").innerHTML = decodeURIComponent(o);}());<\/script><noscript>*protected email*<\/noscript><\/p><\/div>\t\t\t\t\t\t\t\t<\/div>\n\t\t\t\t<\/div>\n\t\t\t\t\t<\/div>\n\t\t\t\t<\/div>\n\t\t<div class=\"elementor-element elementor-element-65a484c8 e-flex e-con-boxed e-con e-parent\" data-id=\"65a484c8\" data-element_type=\"container\" data-settings=\"{&quot;background_background&quot;:&quot;classic&quot;}\">\n\t\t\t\t\t<div class=\"e-con-inner\">\n\t\t<div class=\"elementor-element elementor-element-3c01a987 e-con-full e-flex e-con e-parent\" data-id=\"3c01a987\" data-element_type=\"container\">\n\t\t\t\t<div class=\"elementor-element elementor-element-76bc7077 elementor-widget elementor-widget-spacer\" data-id=\"76bc7077\" data-element_type=\"widget\" data-widget_type=\"spacer.default\">\n\t\t\t\t\t\t\t<div class=\"elementor-spacer\">\n\t\t\t<div class=\"elementor-spacer-inner\"><\/div>\n\t\t<\/div>\n\t\t\t\t\t\t<\/div>\n\t\t\t\t<\/div>\n\t\t\t\t\t<\/div>\n\t\t\t\t<\/div>\n\t\t\t\t<\/div>","protected":false},"excerpt":{"rendered":"<p>Dra\u017een Klari\u0107 psiholog \u00a0 Ostale informacije Iskustvo u savjetovanju\/psihoterapiji:\u00a0DA Primarna podru\u010dja rada:\u00a0klini?ka i \u0161kolska i pred\u0161kolska psihologija Iskustvo u radu s LGBTIQ osobama:\u00a0DA Zavr\u0161ena edukacija:\u00a0profesor psihologije, 101 TA Edukacija u tijeku:\u00a0Gestalt pri IGW, odslu\u0161an (jo\u0161 zavr\u0161ni rad) Dodatne edukacije ili vje\u0161tine:\u00a0razne kra?e radionice i edukacije Kontakt: Adresa Zagreb i Velika Gorica10000 Kontakt E-mail: drazen_klaric@yahoo.com Mob.<\/p>","protected":false},"author":1,"featured_media":0,"parent":0,"menu_order":0,"comment_status":"closed","ping_status":"closed","template":"","meta":{"_uag_custom_page_level_css":"","site-sidebar-layout":"no-sidebar","site-content-layout":"page-builder","ast-site-content-layout":"","site-content-style":"default","site-sidebar-style":"default","ast-global-header-display":"","ast-banner-title-visibility":"","ast-main-header-display":"","ast-hfb-above-header-display":"","ast-hfb-below-header-display":"","ast-hfb-mobile-header-display":"","site-post-title":"disabled","ast-breadcrumbs-content":"","ast-featured-img":"disabled","footer-sml-layout":"","theme-transparent-header-meta":"","adv-header-id-meta":"","stick-header-meta":"","header-above-stick-meta":"","header-main-stick-meta":"","header-below-stick-meta":"","astra-migrate-meta-layouts":"","footnotes":""},"class_list":["post-5889","page","type-page","status-publish","hentry"],"uagb_featured_image_src":{"full":false,"thumbnail":false,"medium":false,"medium_large":false,"large":false,"1536x1536":false,"2048x2048":false,"trp-custom-language-flag":false},"uagb_author_info":{"display_name":"LORI","author_link":"https:\/\/lori.hr\/en\/author\/ikenji\/"},"uagb_comment_info":0,"uagb_excerpt":"Dra\u017een Klari\u0107 psiholog \u00a0 Ostale informacije Iskustvo u savjetovanju\/psihoterapiji:\u00a0DA Primarna podru\u010dja rada:\u00a0klini?ka i \u0161kolska i pred\u0161kolska psihologija Iskustvo u radu s LGBTIQ osobama:\u00a0DA Zavr\u0161ena edukacija:\u00a0profesor psihologije, 101 TA Edukacija u tijeku:\u00a0Gestalt pri IGW, odslu\u0161an (jo\u0161 zavr\u0161ni rad) Dodatne edukacije ili vje\u0161tine:\u00a0razne kra?e radionice i edukacije Kontakt: Adresa Zagreb i Velika Gorica10000 Kontakt E-mail: drazen_klaric@yahoo.com Mob.","_links":{"self":[{"href":"https:\/\/lori.hr\/en\/wp-json\/wp\/v2\/pages\/5889","targetHints":{"allow":["GET"]}}],"collection":[{"href":"https:\/\/lori.hr\/en\/wp-json\/wp\/v2\/pages"}],"about":[{"href":"https:\/\/lori.hr\/en\/wp-json\/wp\/v2\/types\/page"}],"author":[{"embeddable":true,"href":"https:\/\/lori.hr\/en\/wp-json\/wp\/v2\/users\/1"}],"replies":[{"embeddable":true,"href":"https:\/\/lori.hr\/en\/wp-json\/wp\/v2\/comments?post=5889"}],"version-history":[{"count":4,"href":"https:\/\/lori.hr\/en\/wp-json\/wp\/v2\/pages\/5889\/revisions"}],"predecessor-version":[{"id":5893,"href":"https:\/\/lori.hr\/en\/wp-json\/wp\/v2\/pages\/5889\/revisions\/5893"}],"wp:attachment":[{"href":"https:\/\/lori.hr\/en\/wp-json\/wp\/v2\/media?parent=5889"}],"curies":[{"name":"wp","href":"https:\/\/api.w.org\/{rel}","templated":true}]}}