{"id":5902,"date":"2023-04-22T19:20:19","date_gmt":"2023-04-22T17:20:19","guid":{"rendered":"https:\/\/lori.hr\/?page_id=5902"},"modified":"2023-12-12T11:41:05","modified_gmt":"2023-12-12T10:41:05","slug":"damir-ostarcevic","status":"publish","type":"page","link":"https:\/\/lori.hr\/en\/damir-ostarcevic\/","title":{"rendered":"Damir O\u0161tar\u010devi\u0107"},"content":{"rendered":"<div data-elementor-type=\"wp-page\" data-elementor-id=\"5902\" class=\"elementor elementor-5902\" data-elementor-post-type=\"page\">\n\t\t\t\t<div class=\"elementor-element elementor-element-19e7670a navboja e-flex e-con-boxed e-con e-parent\" data-id=\"19e7670a\" data-element_type=\"container\" data-settings=\"{&quot;background_background&quot;:&quot;classic&quot;}\">\n\t\t\t\t\t<div class=\"e-con-inner\">\n\t\t\t\t<div class=\"elementor-element elementor-element-2a7acd32 elementor-widget elementor-widget-spacer\" data-id=\"2a7acd32\" data-element_type=\"widget\" data-widget_type=\"spacer.default\">\n\t\t\t\t\t\t\t<div class=\"elementor-spacer\">\n\t\t\t<div class=\"elementor-spacer-inner\"><\/div>\n\t\t<\/div>\n\t\t\t\t\t\t<\/div>\n\t\t\t\t\t<\/div>\n\t\t\t\t<\/div>\n\t\t<div class=\"elementor-element elementor-element-272d7533 e-flex e-con-boxed e-con e-parent\" data-id=\"272d7533\" data-element_type=\"container\">\n\t\t\t\t\t<div class=\"e-con-inner\">\n\t\t\t\t<div class=\"elementor-element elementor-element-55a4cc54 elementor-widget elementor-widget-spacer\" data-id=\"55a4cc54\" data-element_type=\"widget\" data-widget_type=\"spacer.default\">\n\t\t\t\t\t\t\t<div class=\"elementor-spacer\">\n\t\t\t<div class=\"elementor-spacer-inner\"><\/div>\n\t\t<\/div>\n\t\t\t\t\t\t<\/div>\n\t\t\t\t<div class=\"elementor-element elementor-element-241dbe3a elementor-widget elementor-widget-heading\" data-id=\"241dbe3a\" data-element_type=\"widget\" data-widget_type=\"heading.default\">\n\t\t\t\t\t<h1 class=\"elementor-heading-title elementor-size-xl\">Damir O\u0161tar\u010devi\u0107<\/h1>\t\t\t\t<\/div>\n\t\t\t\t<div class=\"elementor-element elementor-element-55cc018d elementor-widget-divider--view-line elementor-widget elementor-widget-divider\" data-id=\"55cc018d\" data-element_type=\"widget\" data-widget_type=\"divider.default\">\n\t\t\t\t\t\t\t<div class=\"elementor-divider\">\n\t\t\t<span class=\"elementor-divider-separator\">\n\t\t\t\t\t\t<\/span>\n\t\t<\/div>\n\t\t\t\t\t\t<\/div>\n\t\t\t\t\t<\/div>\n\t\t\t\t<\/div>\n\t\t<div class=\"elementor-element elementor-element-c51efe e-flex e-con-boxed e-con e-parent\" data-id=\"c51efe\" data-element_type=\"container\">\n\t\t\t\t\t<div class=\"e-con-inner\">\n\t\t<div class=\"elementor-element elementor-element-4221b5d e-con-full e-flex e-con e-child\" data-id=\"4221b5d\" data-element_type=\"container\">\n\t\t\t\t<div class=\"elementor-element elementor-element-3a7d0841 elementor-widget elementor-widget-text-editor\" data-id=\"3a7d0841\" data-element_type=\"widget\" data-widget_type=\"text-editor.default\">\n\t\t\t\t\t\t\t\t\t<h3 class=\"subtitle\">psiholog<\/h3><div class=\"address\">\u00a0<\/div><div class=\"contact\"><h3><span style=\"font-size: 1.5em; font-weight: bold;\">Other information<\/span><\/h3><\/div><p>Iskustvo u savjetovanju\/psihoterapiji:\u00a0<strong>DA<\/strong><\/p><p>Primarna podru\u010dja rada:\u00a0<strong>klini\u010dka, \u0161kolska i pred\u0161kolska psihoterapija, profesor\/ica (\u0161kole i fakulteti); psiholo\u0161ko savjetovanje i psihoterapija<\/strong><\/p><p>Iskustvo u radu s LGBTIQ osobama:\u00a0<strong>DA<\/strong><\/p><p>Zavr\u0161ena edukacija:\u00a0<strong>Magistar psihologije;\u00a0apsolvent Gestalt psihoterapije\u00a0<\/strong><\/p><p>Dodatne edukacije ili vje\u0161tine:\u00a0<strong>Informacija o mojim pojedina\u010dnim dodatnim edukacijama nalazi se na na\u0161oj<\/strong>\u00a0<a href=\"https:\/\/psiho-planet.com\/damir-ostarcevic-6\/\" target=\"_blank\" rel=\"nofollow noopener\">web stranici<\/a>.<\/p>\t\t\t\t\t\t\t\t<\/div>\n\t\t\t\t<\/div>\n\t\t<div class=\"elementor-element elementor-element-6773de2b e-con-full e-flex e-con e-child\" data-id=\"6773de2b\" data-element_type=\"container\" data-settings=\"{&quot;background_background&quot;:&quot;classic&quot;}\">\n\t\t\t\t<div class=\"elementor-element elementor-element-6e7065e9 elementor-widget elementor-widget-spacer\" data-id=\"6e7065e9\" data-element_type=\"widget\" data-widget_type=\"spacer.default\">\n\t\t\t\t\t\t\t<div class=\"elementor-spacer\">\n\t\t\t<div class=\"elementor-spacer-inner\"><\/div>\n\t\t<\/div>\n\t\t\t\t\t\t<\/div>\n\t\t\t\t<div class=\"elementor-element elementor-element-5268f32f elementor-widget elementor-widget-heading\" data-id=\"5268f32f\" data-element_type=\"widget\" data-widget_type=\"heading.default\">\n\t\t\t\t\t<h2 class=\"elementor-heading-title elementor-size-default\">Contact:<\/h2>\t\t\t\t<\/div>\n\t\t\t\t<div class=\"elementor-element elementor-element-249fe6d3 elementor-widget elementor-widget-text-editor\" data-id=\"249fe6d3\" data-element_type=\"widget\" data-widget_type=\"text-editor.default\">\n\t\t\t\t\t\t\t\t\t<div class=\"address\"><h3>Adresa<\/h3><p>Zagreb<br \/>10000<\/p><\/div><div class=\"contact\"><h3>Contact us<\/h3><p><span id=\"cloak81026\">E-mail: damir.ostarcevic@psiho-planet.com<br \/><br \/>Web: <a href=\"http:\/\/www.psiho-planet.com\" target=\"_blank\" rel=\"nofollow noopener\">http:\/\/www.psiho-planet.com<\/a><\/span><\/p><\/div>\t\t\t\t\t\t\t\t<\/div>\n\t\t\t\t<\/div>\n\t\t\t\t\t<\/div>\n\t\t\t\t<\/div>\n\t\t<div class=\"elementor-element elementor-element-333d8722 e-flex e-con-boxed e-con e-parent\" data-id=\"333d8722\" data-element_type=\"container\" data-settings=\"{&quot;background_background&quot;:&quot;classic&quot;}\">\n\t\t\t\t\t<div class=\"e-con-inner\">\n\t\t<div class=\"elementor-element elementor-element-23268ff2 e-con-full e-flex e-con e-child\" data-id=\"23268ff2\" data-element_type=\"container\">\n\t\t\t\t<div class=\"elementor-element elementor-element-67a50a8c elementor-widget elementor-widget-spacer\" data-id=\"67a50a8c\" data-element_type=\"widget\" data-widget_type=\"spacer.default\">\n\t\t\t\t\t\t\t<div class=\"elementor-spacer\">\n\t\t\t<div class=\"elementor-spacer-inner\"><\/div>\n\t\t<\/div>\n\t\t\t\t\t\t<\/div>\n\t\t\t\t<\/div>\n\t\t\t\t\t<\/div>\n\t\t\t\t<\/div>\n\t\t\t\t<\/div>","protected":false},"excerpt":{"rendered":"<p>Damir O\u0161tar\u010devi\u0107 psiholog \u00a0 Ostale informacije Iskustvo u savjetovanju\/psihoterapiji:\u00a0DA Primarna podru\u010dja rada:\u00a0klini\u010dka, \u0161kolska i pred\u0161kolska psihoterapija, profesor\/ica (\u0161kole i fakulteti); psiholo\u0161ko savjetovanje i psihoterapija Iskustvo u radu s LGBTIQ osobama:\u00a0DA Zavr\u0161ena edukacija:\u00a0Magistar psihologije;\u00a0apsolvent Gestalt psihoterapije\u00a0 Dodatne edukacije ili vje\u0161tine:\u00a0Informacija o mojim pojedina\u010dnim dodatnim edukacijama nalazi se na na\u0161oj\u00a0web stranici. Kontakt: Adresa Zagreb10000 Kontakt E-mail: damir.ostarcevic@psiho-planet.com &hellip;<\/p>\n<p class=\"read-more\"> <a class=\"\" href=\"https:\/\/lori.hr\/en\/damir-ostarcevic\/\"> <span class=\"screen-reader-text\">Damir O\u0161tar\u010devi\u0107<\/span> Read More \u00bb<\/a><\/p>","protected":false},"author":1,"featured_media":0,"parent":0,"menu_order":0,"comment_status":"closed","ping_status":"closed","template":"","meta":{"_uag_custom_page_level_css":"","site-sidebar-layout":"no-sidebar","site-content-layout":"page-builder","ast-site-content-layout":"","site-content-style":"default","site-sidebar-style":"default","ast-global-header-display":"","ast-banner-title-visibility":"","ast-main-header-display":"","ast-hfb-above-header-display":"","ast-hfb-below-header-display":"","ast-hfb-mobile-header-display":"","site-post-title":"disabled","ast-breadcrumbs-content":"","ast-featured-img":"disabled","footer-sml-layout":"","theme-transparent-header-meta":"","adv-header-id-meta":"","stick-header-meta":"","header-above-stick-meta":"","header-main-stick-meta":"","header-below-stick-meta":"","astra-migrate-meta-layouts":"","footnotes":""},"class_list":["post-5902","page","type-page","status-publish","hentry"],"uagb_featured_image_src":{"full":false,"thumbnail":false,"medium":false,"medium_large":false,"large":false,"1536x1536":false,"2048x2048":false,"trp-custom-language-flag":false},"uagb_author_info":{"display_name":"LORI","author_link":"https:\/\/lori.hr\/en\/author\/ikenji\/"},"uagb_comment_info":0,"uagb_excerpt":"Damir O\u0161tar\u010devi\u0107 psiholog \u00a0 Ostale informacije Iskustvo u savjetovanju\/psihoterapiji:\u00a0DA Primarna podru\u010dja rada:\u00a0klini\u010dka, \u0161kolska i pred\u0161kolska psihoterapija, profesor\/ica (\u0161kole i fakulteti); psiholo\u0161ko savjetovanje i psihoterapija Iskustvo u radu s LGBTIQ osobama:\u00a0DA Zavr\u0161ena edukacija:\u00a0Magistar psihologije;\u00a0apsolvent Gestalt psihoterapije\u00a0 Dodatne edukacije ili vje\u0161tine:\u00a0Informacija o mojim pojedina\u010dnim dodatnim edukacijama nalazi se na na\u0161oj\u00a0web stranici. Kontakt: Adresa Zagreb10000 Kontakt E-mail: damir.ostarcevic@psiho-planet.com&hellip;","_links":{"self":[{"href":"https:\/\/lori.hr\/en\/wp-json\/wp\/v2\/pages\/5902","targetHints":{"allow":["GET"]}}],"collection":[{"href":"https:\/\/lori.hr\/en\/wp-json\/wp\/v2\/pages"}],"about":[{"href":"https:\/\/lori.hr\/en\/wp-json\/wp\/v2\/types\/page"}],"author":[{"embeddable":true,"href":"https:\/\/lori.hr\/en\/wp-json\/wp\/v2\/users\/1"}],"replies":[{"embeddable":true,"href":"https:\/\/lori.hr\/en\/wp-json\/wp\/v2\/comments?post=5902"}],"version-history":[{"count":7,"href":"https:\/\/lori.hr\/en\/wp-json\/wp\/v2\/pages\/5902\/revisions"}],"predecessor-version":[{"id":9452,"href":"https:\/\/lori.hr\/en\/wp-json\/wp\/v2\/pages\/5902\/revisions\/9452"}],"wp:attachment":[{"href":"https:\/\/lori.hr\/en\/wp-json\/wp\/v2\/media?parent=5902"}],"curies":[{"name":"wp","href":"https:\/\/api.w.org\/{rel}","templated":true}]}}