{"id":5928,"date":"2023-04-22T19:40:36","date_gmt":"2023-04-22T17:40:36","guid":{"rendered":"https:\/\/lori.hr\/?page_id=5928"},"modified":"2023-04-22T19:42:06","modified_gmt":"2023-04-22T17:42:06","slug":"maja-erceg-tusek","status":"publish","type":"page","link":"https:\/\/lori.hr\/en\/maja-erceg-tusek\/","title":{"rendered":"Maja Erceg Tu\u0161ek"},"content":{"rendered":"<div data-elementor-type=\"wp-page\" data-elementor-id=\"5928\" class=\"elementor elementor-5928\" data-elementor-post-type=\"page\">\n\t\t\t\t<div class=\"elementor-element elementor-element-3e9cdb9d navboja e-flex e-con-boxed e-con e-parent\" data-id=\"3e9cdb9d\" data-element_type=\"container\" data-settings=\"{&quot;background_background&quot;:&quot;classic&quot;}\">\n\t\t\t\t\t<div class=\"e-con-inner\">\n\t\t\t\t<div class=\"elementor-element elementor-element-6a2cee82 elementor-widget elementor-widget-spacer\" data-id=\"6a2cee82\" data-element_type=\"widget\" data-widget_type=\"spacer.default\">\n\t\t\t\t\t\t\t<div class=\"elementor-spacer\">\n\t\t\t<div class=\"elementor-spacer-inner\"><\/div>\n\t\t<\/div>\n\t\t\t\t\t\t<\/div>\n\t\t\t\t\t<\/div>\n\t\t\t\t<\/div>\n\t\t<div class=\"elementor-element elementor-element-3747f3c e-flex e-con-boxed e-con e-parent\" data-id=\"3747f3c\" data-element_type=\"container\">\n\t\t\t\t\t<div class=\"e-con-inner\">\n\t\t\t\t<div class=\"elementor-element elementor-element-2aedf6fe elementor-widget elementor-widget-spacer\" data-id=\"2aedf6fe\" data-element_type=\"widget\" data-widget_type=\"spacer.default\">\n\t\t\t\t\t\t\t<div class=\"elementor-spacer\">\n\t\t\t<div class=\"elementor-spacer-inner\"><\/div>\n\t\t<\/div>\n\t\t\t\t\t\t<\/div>\n\t\t\t\t<div class=\"elementor-element elementor-element-125b5b45 elementor-widget elementor-widget-heading\" data-id=\"125b5b45\" data-element_type=\"widget\" data-widget_type=\"heading.default\">\n\t\t\t\t\t<h1 class=\"elementor-heading-title elementor-size-xl\">Maja Erceg Tu\u0161ek<\/h1>\t\t\t\t<\/div>\n\t\t\t\t<div class=\"elementor-element elementor-element-2bee5242 elementor-widget-divider--view-line elementor-widget elementor-widget-divider\" data-id=\"2bee5242\" data-element_type=\"widget\" data-widget_type=\"divider.default\">\n\t\t\t\t\t\t\t<div class=\"elementor-divider\">\n\t\t\t<span class=\"elementor-divider-separator\">\n\t\t\t\t\t\t<\/span>\n\t\t<\/div>\n\t\t\t\t\t\t<\/div>\n\t\t\t\t\t<\/div>\n\t\t\t\t<\/div>\n\t\t<div class=\"elementor-element elementor-element-2eb651b1 e-flex e-con-boxed e-con e-parent\" data-id=\"2eb651b1\" data-element_type=\"container\">\n\t\t\t\t\t<div class=\"e-con-inner\">\n\t\t<div class=\"elementor-element elementor-element-815661d e-con-full e-flex e-con e-parent\" data-id=\"815661d\" data-element_type=\"container\">\n\t\t\t\t<div class=\"elementor-element elementor-element-5f66e5c8 elementor-widget elementor-widget-text-editor\" data-id=\"5f66e5c8\" data-element_type=\"widget\" data-widget_type=\"text-editor.default\">\n\t\t\t\t\t\t\t\t\t<h3 class=\"subtitle\">psihologinja<\/h3><div class=\"address\">\u00a0<\/div><div class=\"contact\"><h3><span style=\"font-size: 1.5em; font-weight: bold;\">Other information<\/span><\/h3><\/div><p>Iskustvo u savjetovanju\/psihoterapiji:\u00a0<strong>DA<\/strong><\/p><p>Primarna podru\u010dja rada:\u00a0<strong>zdravstvena psihologija<\/strong><\/p><p>Iskustvo u radu s LGBTIQ osobama:\u00a0<strong>DA<\/strong><\/p><p>Edukacija u tijeku:\u00a0<strong>Ge\u0161talt psihoterapija<\/strong><\/p><p>Dodatne edukacije ili vje\u0161tine:<\/p><p><strong>&#8211; izobrazba za unapre\u0111enje savjetodavnog rada i izravnog pomaga\u010dkog rada s ljudima (2013-2014)<\/strong><\/p>\t\t\t\t\t\t\t\t<\/div>\n\t\t\t\t<\/div>\n\t\t<div class=\"elementor-element elementor-element-1fe866cc e-con-full e-flex e-con e-parent\" data-id=\"1fe866cc\" data-element_type=\"container\" data-settings=\"{&quot;background_background&quot;:&quot;classic&quot;}\">\n\t\t\t\t<div class=\"elementor-element elementor-element-5139bd12 elementor-widget elementor-widget-spacer\" data-id=\"5139bd12\" data-element_type=\"widget\" data-widget_type=\"spacer.default\">\n\t\t\t\t\t\t\t<div class=\"elementor-spacer\">\n\t\t\t<div class=\"elementor-spacer-inner\"><\/div>\n\t\t<\/div>\n\t\t\t\t\t\t<\/div>\n\t\t\t\t<div class=\"elementor-element elementor-element-14923757 elementor-widget elementor-widget-heading\" data-id=\"14923757\" data-element_type=\"widget\" data-widget_type=\"heading.default\">\n\t\t\t\t\t<h2 class=\"elementor-heading-title elementor-size-default\">Contact:<\/h2>\t\t\t\t<\/div>\n\t\t\t\t<div class=\"elementor-element elementor-element-5868c2f4 elementor-widget elementor-widget-text-editor\" data-id=\"5868c2f4\" data-element_type=\"widget\" data-widget_type=\"text-editor.default\">\n\t\t\t\t\t\t\t\t\t<div class=\"address\"><h3>Adresa<\/h3><p>Zagreb<br \/>10000<\/p><\/div><div class=\"contact\"><h3>Contact us<\/h3><p><span id=\"cloak81026\">E-mail: maja.erceg.tusek@gmail.com<\/span><\/p><p>Mob. <span id=\"eeb-626955-922753\"><\/span><script type=\"text\/javascript\">(function() {var ml=\"79132-046F%\",mi=\"614:4931750280\",o=\"\";for(var j=0,l=mi.length;j<l;j++) {o+=ml.charAt(mi.charCodeAt(j)-48);}document.getElementById(\"eeb-626955-922753\").innerHTML = decodeURIComponent(o);}());<\/script><noscript>*protected email*<\/noscript><\/p><\/div>\t\t\t\t\t\t\t\t<\/div>\n\t\t\t\t<\/div>\n\t\t\t\t\t<\/div>\n\t\t\t\t<\/div>\n\t\t<div class=\"elementor-element elementor-element-1ecaaff2 e-flex e-con-boxed e-con e-parent\" data-id=\"1ecaaff2\" data-element_type=\"container\" data-settings=\"{&quot;background_background&quot;:&quot;classic&quot;}\">\n\t\t\t\t\t<div class=\"e-con-inner\">\n\t\t<div class=\"elementor-element elementor-element-10babec9 e-con-full e-flex e-con e-parent\" data-id=\"10babec9\" data-element_type=\"container\">\n\t\t\t\t<div class=\"elementor-element elementor-element-7a40b874 elementor-widget elementor-widget-spacer\" data-id=\"7a40b874\" data-element_type=\"widget\" data-widget_type=\"spacer.default\">\n\t\t\t\t\t\t\t<div class=\"elementor-spacer\">\n\t\t\t<div class=\"elementor-spacer-inner\"><\/div>\n\t\t<\/div>\n\t\t\t\t\t\t<\/div>\n\t\t\t\t<\/div>\n\t\t\t\t\t<\/div>\n\t\t\t\t<\/div>\n\t\t\t\t<\/div>","protected":false},"excerpt":{"rendered":"<p>Maja Erceg Tu\u0161ek psihologinja \u00a0 Ostale informacije Iskustvo u savjetovanju\/psihoterapiji:\u00a0DA Primarna podru\u010dja rada:\u00a0zdravstvena psihologija Iskustvo u radu s LGBTIQ osobama:\u00a0DA Edukacija u tijeku:\u00a0Ge\u0161talt psihoterapija Dodatne edukacije ili vje\u0161tine: &#8211; izobrazba za unapre\u0111enje savjetodavnog rada i izravnog pomaga\u010dkog rada s ljudima (2013-2014) Kontakt: Adresa Zagreb10000 Kontakt E-mail: maja.erceg.tusek@gmail.com Mob.<\/p>","protected":false},"author":1,"featured_media":0,"parent":0,"menu_order":0,"comment_status":"closed","ping_status":"closed","template":"","meta":{"_uag_custom_page_level_css":"","site-sidebar-layout":"no-sidebar","site-content-layout":"page-builder","ast-site-content-layout":"","site-content-style":"default","site-sidebar-style":"default","ast-global-header-display":"","ast-banner-title-visibility":"","ast-main-header-display":"","ast-hfb-above-header-display":"","ast-hfb-below-header-display":"","ast-hfb-mobile-header-display":"","site-post-title":"disabled","ast-breadcrumbs-content":"","ast-featured-img":"disabled","footer-sml-layout":"","theme-transparent-header-meta":"","adv-header-id-meta":"","stick-header-meta":"","header-above-stick-meta":"","header-main-stick-meta":"","header-below-stick-meta":"","astra-migrate-meta-layouts":"","footnotes":""},"class_list":["post-5928","page","type-page","status-publish","hentry"],"uagb_featured_image_src":{"full":false,"thumbnail":false,"medium":false,"medium_large":false,"large":false,"1536x1536":false,"2048x2048":false,"trp-custom-language-flag":false},"uagb_author_info":{"display_name":"LORI","author_link":"https:\/\/lori.hr\/en\/author\/ikenji\/"},"uagb_comment_info":0,"uagb_excerpt":"Maja Erceg Tu\u0161ek psihologinja \u00a0 Ostale informacije Iskustvo u savjetovanju\/psihoterapiji:\u00a0DA Primarna podru\u010dja rada:\u00a0zdravstvena psihologija Iskustvo u radu s LGBTIQ osobama:\u00a0DA Edukacija u tijeku:\u00a0Ge\u0161talt psihoterapija Dodatne edukacije ili vje\u0161tine: &#8211; izobrazba za unapre\u0111enje savjetodavnog rada i izravnog pomaga\u010dkog rada s ljudima (2013-2014) Kontakt: Adresa Zagreb10000 Kontakt E-mail: maja.erceg.tusek@gmail.com Mob.","_links":{"self":[{"href":"https:\/\/lori.hr\/en\/wp-json\/wp\/v2\/pages\/5928","targetHints":{"allow":["GET"]}}],"collection":[{"href":"https:\/\/lori.hr\/en\/wp-json\/wp\/v2\/pages"}],"about":[{"href":"https:\/\/lori.hr\/en\/wp-json\/wp\/v2\/types\/page"}],"author":[{"embeddable":true,"href":"https:\/\/lori.hr\/en\/wp-json\/wp\/v2\/users\/1"}],"replies":[{"embeddable":true,"href":"https:\/\/lori.hr\/en\/wp-json\/wp\/v2\/comments?post=5928"}],"version-history":[{"count":4,"href":"https:\/\/lori.hr\/en\/wp-json\/wp\/v2\/pages\/5928\/revisions"}],"predecessor-version":[{"id":5932,"href":"https:\/\/lori.hr\/en\/wp-json\/wp\/v2\/pages\/5928\/revisions\/5932"}],"wp:attachment":[{"href":"https:\/\/lori.hr\/en\/wp-json\/wp\/v2\/media?parent=5928"}],"curies":[{"name":"wp","href":"https:\/\/api.w.org\/{rel}","templated":true}]}}