{"id":5956,"date":"2023-04-22T19:59:40","date_gmt":"2023-04-22T17:59:40","guid":{"rendered":"https:\/\/lori.hr\/?page_id=5956"},"modified":"2023-04-22T20:04:24","modified_gmt":"2023-04-22T18:04:24","slug":"tanja-dejanovic-sagadin","status":"publish","type":"page","link":"https:\/\/lori.hr\/en\/tanja-dejanovic-sagadin\/","title":{"rendered":"Tanja Dejanovi\u0107 \u0160agadin"},"content":{"rendered":"<div data-elementor-type=\"wp-page\" data-elementor-id=\"5956\" class=\"elementor elementor-5956\" data-elementor-post-type=\"page\">\n\t\t\t\t<div class=\"elementor-element elementor-element-64d0295c navboja e-flex e-con-boxed e-con e-parent\" data-id=\"64d0295c\" data-element_type=\"container\" data-settings=\"{&quot;background_background&quot;:&quot;classic&quot;}\">\n\t\t\t\t\t<div class=\"e-con-inner\">\n\t\t\t\t<div class=\"elementor-element elementor-element-693aff1a elementor-widget elementor-widget-spacer\" data-id=\"693aff1a\" data-element_type=\"widget\" data-widget_type=\"spacer.default\">\n\t\t\t\t\t\t\t<div class=\"elementor-spacer\">\n\t\t\t<div class=\"elementor-spacer-inner\"><\/div>\n\t\t<\/div>\n\t\t\t\t\t\t<\/div>\n\t\t\t\t\t<\/div>\n\t\t\t\t<\/div>\n\t\t<div class=\"elementor-element elementor-element-7e2b9e2e e-flex e-con-boxed e-con e-parent\" data-id=\"7e2b9e2e\" data-element_type=\"container\">\n\t\t\t\t\t<div class=\"e-con-inner\">\n\t\t\t\t<div class=\"elementor-element elementor-element-4985449c elementor-widget elementor-widget-spacer\" data-id=\"4985449c\" data-element_type=\"widget\" data-widget_type=\"spacer.default\">\n\t\t\t\t\t\t\t<div class=\"elementor-spacer\">\n\t\t\t<div class=\"elementor-spacer-inner\"><\/div>\n\t\t<\/div>\n\t\t\t\t\t\t<\/div>\n\t\t\t\t<div class=\"elementor-element elementor-element-13796002 elementor-widget elementor-widget-heading\" data-id=\"13796002\" data-element_type=\"widget\" data-widget_type=\"heading.default\">\n\t\t\t\t\t<h1 class=\"elementor-heading-title elementor-size-xl\">Tanja Dejanovi\u0107 \u0160agadin<\/h1>\t\t\t\t<\/div>\n\t\t\t\t<div class=\"elementor-element elementor-element-725af647 elementor-widget-divider--view-line elementor-widget elementor-widget-divider\" data-id=\"725af647\" data-element_type=\"widget\" data-widget_type=\"divider.default\">\n\t\t\t\t\t\t\t<div class=\"elementor-divider\">\n\t\t\t<span class=\"elementor-divider-separator\">\n\t\t\t\t\t\t<\/span>\n\t\t<\/div>\n\t\t\t\t\t\t<\/div>\n\t\t\t\t\t<\/div>\n\t\t\t\t<\/div>\n\t\t<div class=\"elementor-element elementor-element-7487ee5e e-flex e-con-boxed e-con e-parent\" data-id=\"7487ee5e\" data-element_type=\"container\">\n\t\t\t\t\t<div class=\"e-con-inner\">\n\t\t<div class=\"elementor-element elementor-element-7b177d0b e-con-full e-flex e-con e-parent\" data-id=\"7b177d0b\" data-element_type=\"container\">\n\t\t\t\t<div class=\"elementor-element elementor-element-663da288 elementor-widget elementor-widget-text-editor\" data-id=\"663da288\" data-element_type=\"widget\" data-widget_type=\"text-editor.default\">\n\t\t\t\t\t\t\t\t\t<h3 class=\"subtitle\">psihologinja<\/h3><div class=\"address\">\u00a0<\/div><div class=\"contact\"><h3><span style=\"font-size: 1.5em; font-weight: bold;\">Other information<\/span><\/h3><\/div><p>Iskustvo u savjetovanju\/psihoterapiji:\u00a0<strong>DA<\/strong><br \/><br \/>Primarna podru\u010dja rada:\u00a0<strong>klini\u010dka i \u0161kolska i pred\u0161kolska psihologija te psihoterapija<\/strong><br \/><br \/>Iskustvo u radu s LGBTIQ osobama:\u00a0<strong>DA<\/strong><br \/><br \/>Zavr\u0161ena edukacija:\u00a0<strong>Gestalt psihoterapija<\/strong><br \/><br \/>Dodatne edukacije ili vje\u0161tine:\u00a0<strong>Trening za psihosocijalni tretman nasilnika u obitelji (licenca)<\/strong><\/p>\t\t\t\t\t\t\t\t<\/div>\n\t\t\t\t<\/div>\n\t\t<div class=\"elementor-element elementor-element-6e4f65b4 e-con-full e-flex e-con e-parent\" data-id=\"6e4f65b4\" data-element_type=\"container\" data-settings=\"{&quot;background_background&quot;:&quot;classic&quot;}\">\n\t\t\t\t<div class=\"elementor-element elementor-element-37f297ef elementor-widget elementor-widget-spacer\" data-id=\"37f297ef\" data-element_type=\"widget\" data-widget_type=\"spacer.default\">\n\t\t\t\t\t\t\t<div class=\"elementor-spacer\">\n\t\t\t<div class=\"elementor-spacer-inner\"><\/div>\n\t\t<\/div>\n\t\t\t\t\t\t<\/div>\n\t\t\t\t<div class=\"elementor-element elementor-element-54c77d9f elementor-widget elementor-widget-heading\" data-id=\"54c77d9f\" data-element_type=\"widget\" data-widget_type=\"heading.default\">\n\t\t\t\t\t<h2 class=\"elementor-heading-title elementor-size-default\">Contact:<\/h2>\t\t\t\t<\/div>\n\t\t\t\t<div class=\"elementor-element elementor-element-18d85b8 elementor-widget elementor-widget-text-editor\" data-id=\"18d85b8\" data-element_type=\"widget\" data-widget_type=\"text-editor.default\">\n\t\t\t\t\t\t\t\t\t<div class=\"address\"><h3>Adresa<\/h3><p>Zagreb<br \/>10000<\/p><\/div><div class=\"contact\"><h3>Contact us<\/h3><p><span id=\"cloak81026\">E-mail: tanjadsagadin@yahoo.co.uk<\/span><\/p><p>Mob. <span id=\"eeb-242104-650817\"><\/span><script type=\"text\/javascript\">(function() {var ml=\"09432F51%-\",mi=\"01784562192043\",o=\"\";for(var j=0,l=mi.length;j<l;j++) {o+=ml.charAt(mi.charCodeAt(j)-48);}document.getElementById(\"eeb-242104-650817\").innerHTML = decodeURIComponent(o);}());<\/script><noscript>*protected email*<\/noscript><\/p><\/div>\t\t\t\t\t\t\t\t<\/div>\n\t\t\t\t<\/div>\n\t\t\t\t\t<\/div>\n\t\t\t\t<\/div>\n\t\t<div class=\"elementor-element elementor-element-5770b5fc e-flex e-con-boxed e-con e-parent\" data-id=\"5770b5fc\" data-element_type=\"container\" data-settings=\"{&quot;background_background&quot;:&quot;classic&quot;}\">\n\t\t\t\t\t<div class=\"e-con-inner\">\n\t\t<div class=\"elementor-element elementor-element-7a27610d e-con-full e-flex e-con e-parent\" data-id=\"7a27610d\" data-element_type=\"container\">\n\t\t\t\t<div class=\"elementor-element elementor-element-c391583 elementor-widget elementor-widget-spacer\" data-id=\"c391583\" data-element_type=\"widget\" data-widget_type=\"spacer.default\">\n\t\t\t\t\t\t\t<div class=\"elementor-spacer\">\n\t\t\t<div class=\"elementor-spacer-inner\"><\/div>\n\t\t<\/div>\n\t\t\t\t\t\t<\/div>\n\t\t\t\t<\/div>\n\t\t\t\t\t<\/div>\n\t\t\t\t<\/div>\n\t\t\t\t<\/div>","protected":false},"excerpt":{"rendered":"<p>Tanja Dejanovi\u0107 \u0160agadin psihologinja \u00a0 Ostale informacije Iskustvo u savjetovanju\/psihoterapiji:\u00a0DA Primarna podru\u010dja rada:\u00a0klini\u010dka i \u0161kolska i pred\u0161kolska psihologija te psihoterapija Iskustvo u radu s LGBTIQ osobama:\u00a0DA Zavr\u0161ena edukacija:\u00a0Gestalt psihoterapija Dodatne edukacije ili vje\u0161tine:\u00a0Trening za psihosocijalni tretman nasilnika u obitelji (licenca) Kontakt: Adresa Zagreb10000 Kontakt E-mail: tanjadsagadin@yahoo.co.uk Mob.<\/p>","protected":false},"author":1,"featured_media":0,"parent":0,"menu_order":0,"comment_status":"closed","ping_status":"closed","template":"","meta":{"_uag_custom_page_level_css":"","site-sidebar-layout":"no-sidebar","site-content-layout":"page-builder","ast-site-content-layout":"","site-content-style":"default","site-sidebar-style":"default","ast-global-header-display":"","ast-banner-title-visibility":"","ast-main-header-display":"","ast-hfb-above-header-display":"","ast-hfb-below-header-display":"","ast-hfb-mobile-header-display":"","site-post-title":"disabled","ast-breadcrumbs-content":"","ast-featured-img":"disabled","footer-sml-layout":"","theme-transparent-header-meta":"","adv-header-id-meta":"","stick-header-meta":"","header-above-stick-meta":"","header-main-stick-meta":"","header-below-stick-meta":"","astra-migrate-meta-layouts":"","footnotes":""},"class_list":["post-5956","page","type-page","status-publish","hentry"],"uagb_featured_image_src":{"full":false,"thumbnail":false,"medium":false,"medium_large":false,"large":false,"1536x1536":false,"2048x2048":false,"trp-custom-language-flag":false},"uagb_author_info":{"display_name":"LORI","author_link":"https:\/\/lori.hr\/en\/author\/ikenji\/"},"uagb_comment_info":0,"uagb_excerpt":"Tanja Dejanovi\u0107 \u0160agadin psihologinja \u00a0 Ostale informacije Iskustvo u savjetovanju\/psihoterapiji:\u00a0DA Primarna podru\u010dja rada:\u00a0klini\u010dka i \u0161kolska i pred\u0161kolska psihologija te psihoterapija Iskustvo u radu s LGBTIQ osobama:\u00a0DA Zavr\u0161ena edukacija:\u00a0Gestalt psihoterapija Dodatne edukacije ili vje\u0161tine:\u00a0Trening za psihosocijalni tretman nasilnika u obitelji (licenca) Kontakt: Adresa Zagreb10000 Kontakt E-mail: tanjadsagadin@yahoo.co.uk Mob.","_links":{"self":[{"href":"https:\/\/lori.hr\/en\/wp-json\/wp\/v2\/pages\/5956","targetHints":{"allow":["GET"]}}],"collection":[{"href":"https:\/\/lori.hr\/en\/wp-json\/wp\/v2\/pages"}],"about":[{"href":"https:\/\/lori.hr\/en\/wp-json\/wp\/v2\/types\/page"}],"author":[{"embeddable":true,"href":"https:\/\/lori.hr\/en\/wp-json\/wp\/v2\/users\/1"}],"replies":[{"embeddable":true,"href":"https:\/\/lori.hr\/en\/wp-json\/wp\/v2\/comments?post=5956"}],"version-history":[{"count":4,"href":"https:\/\/lori.hr\/en\/wp-json\/wp\/v2\/pages\/5956\/revisions"}],"predecessor-version":[{"id":5960,"href":"https:\/\/lori.hr\/en\/wp-json\/wp\/v2\/pages\/5956\/revisions\/5960"}],"wp:attachment":[{"href":"https:\/\/lori.hr\/en\/wp-json\/wp\/v2\/media?parent=5956"}],"curies":[{"name":"wp","href":"https:\/\/api.w.org\/{rel}","templated":true}]}}