{"id":5961,"date":"2023-04-22T20:06:01","date_gmt":"2023-04-22T18:06:01","guid":{"rendered":"https:\/\/lori.hr\/?page_id=5961"},"modified":"2023-04-22T20:07:06","modified_gmt":"2023-04-22T18:07:06","slug":"anamarija-vuic","status":"publish","type":"page","link":"https:\/\/lori.hr\/en\/anamarija-vuic\/","title":{"rendered":"Anamarija Vui\u0107"},"content":{"rendered":"<div data-elementor-type=\"wp-page\" data-elementor-id=\"5961\" class=\"elementor elementor-5961\" data-elementor-post-type=\"page\">\n\t\t\t\t<div class=\"elementor-element elementor-element-99e540b navboja e-flex e-con-boxed e-con e-parent\" data-id=\"99e540b\" data-element_type=\"container\" data-settings=\"{&quot;background_background&quot;:&quot;classic&quot;}\">\n\t\t\t\t\t<div class=\"e-con-inner\">\n\t\t\t\t<div class=\"elementor-element elementor-element-676372f6 elementor-widget elementor-widget-spacer\" data-id=\"676372f6\" data-element_type=\"widget\" data-widget_type=\"spacer.default\">\n\t\t\t\t\t\t\t<div class=\"elementor-spacer\">\n\t\t\t<div class=\"elementor-spacer-inner\"><\/div>\n\t\t<\/div>\n\t\t\t\t\t\t<\/div>\n\t\t\t\t\t<\/div>\n\t\t\t\t<\/div>\n\t\t<div class=\"elementor-element elementor-element-24919391 e-flex e-con-boxed e-con e-parent\" data-id=\"24919391\" data-element_type=\"container\">\n\t\t\t\t\t<div class=\"e-con-inner\">\n\t\t\t\t<div class=\"elementor-element elementor-element-5ed42ff4 elementor-widget elementor-widget-spacer\" data-id=\"5ed42ff4\" data-element_type=\"widget\" data-widget_type=\"spacer.default\">\n\t\t\t\t\t\t\t<div class=\"elementor-spacer\">\n\t\t\t<div class=\"elementor-spacer-inner\"><\/div>\n\t\t<\/div>\n\t\t\t\t\t\t<\/div>\n\t\t\t\t<div class=\"elementor-element elementor-element-599f04e elementor-widget elementor-widget-heading\" data-id=\"599f04e\" data-element_type=\"widget\" data-widget_type=\"heading.default\">\n\t\t\t\t\t<h1 class=\"elementor-heading-title elementor-size-xl\">Anamarija Vui\u0107<\/h1>\t\t\t\t<\/div>\n\t\t\t\t<div class=\"elementor-element elementor-element-72953b79 elementor-widget-divider--view-line elementor-widget elementor-widget-divider\" data-id=\"72953b79\" data-element_type=\"widget\" data-widget_type=\"divider.default\">\n\t\t\t\t\t\t\t<div class=\"elementor-divider\">\n\t\t\t<span class=\"elementor-divider-separator\">\n\t\t\t\t\t\t<\/span>\n\t\t<\/div>\n\t\t\t\t\t\t<\/div>\n\t\t\t\t\t<\/div>\n\t\t\t\t<\/div>\n\t\t<div class=\"elementor-element elementor-element-6252342b e-flex e-con-boxed e-con e-parent\" data-id=\"6252342b\" data-element_type=\"container\">\n\t\t\t\t\t<div class=\"e-con-inner\">\n\t\t<div class=\"elementor-element elementor-element-386d2172 e-con-full e-flex e-con e-parent\" data-id=\"386d2172\" data-element_type=\"container\">\n\t\t\t\t<div class=\"elementor-element elementor-element-31db272f elementor-widget elementor-widget-text-editor\" data-id=\"31db272f\" data-element_type=\"widget\" data-widget_type=\"text-editor.default\">\n\t\t\t\t\t\t\t\t\t<h3 class=\"subtitle\">psihologinja<\/h3><div class=\"address\">\u00a0<\/div><div class=\"contact\"><h3><span style=\"font-size: 1.5em; font-weight: bold;\">Other information<\/span><\/h3><\/div><p>Iskustvo u savjetovanju\/psihoterapiji:\u00a0<strong>DA<\/strong><br \/><br \/>Primarna podru\u010dja rada:\u00a0<strong>Savjetovanje i psihoterapija; nevladine organizacije<\/strong><br \/><br \/>Iskustvo u radu s LGBTIQ osobama:\u00a0<strong>DA<\/strong><br \/><br \/>Edukacija u tijeku:\u00a0<strong>Edukacija iz gestalt psihoterapije (od 2016.; zavr\u0161ena 4. godina edukacije)<\/strong><br \/><br \/>Dodatne edukacije ili vje\u0161tine:\u00a0<strong>Dodatne edukacije iz podru\u010dja psiholo\u0161kog savjetovanja, rada s traumom i krizom te specifi\u010dno djecom, mladima i roditeljima.<\/strong><\/p>\t\t\t\t\t\t\t\t<\/div>\n\t\t\t\t<\/div>\n\t\t<div class=\"elementor-element elementor-element-e972c0 e-con-full e-flex e-con e-parent\" data-id=\"e972c0\" data-element_type=\"container\" data-settings=\"{&quot;background_background&quot;:&quot;classic&quot;}\">\n\t\t\t\t<div class=\"elementor-element elementor-element-691a7180 elementor-widget elementor-widget-spacer\" data-id=\"691a7180\" data-element_type=\"widget\" data-widget_type=\"spacer.default\">\n\t\t\t\t\t\t\t<div class=\"elementor-spacer\">\n\t\t\t<div class=\"elementor-spacer-inner\"><\/div>\n\t\t<\/div>\n\t\t\t\t\t\t<\/div>\n\t\t\t\t<div class=\"elementor-element elementor-element-43d3592f elementor-widget elementor-widget-heading\" data-id=\"43d3592f\" data-element_type=\"widget\" data-widget_type=\"heading.default\">\n\t\t\t\t\t<h2 class=\"elementor-heading-title elementor-size-default\">Contact:<\/h2>\t\t\t\t<\/div>\n\t\t\t\t<div class=\"elementor-element elementor-element-4e16e156 elementor-widget elementor-widget-text-editor\" data-id=\"4e16e156\" data-element_type=\"widget\" data-widget_type=\"text-editor.default\">\n\t\t\t\t\t\t\t\t\t<div class=\"address\"><h3>Adresa<\/h3><p>Zagreb<br \/>10000<\/p><\/div><div class=\"contact\"><h3>Contact us<\/h3><p><span id=\"cloak81026\">E-mail: anamarija.vuic@gmail.com<\/span><\/p><p>Mob. <span id=\"eeb-653424-93417\"><\/span><script type=\"text\/javascript\">(function() {var ml=\"02F9-%68\",mi=\"03751230346310\",o=\"\";for(var j=0,l=mi.length;j<l;j++) {o+=ml.charAt(mi.charCodeAt(j)-48);}document.getElementById(\"eeb-653424-93417\").innerHTML = decodeURIComponent(o);}());<\/script><noscript>*protected email*<\/noscript><\/p><\/div>\t\t\t\t\t\t\t\t<\/div>\n\t\t\t\t<\/div>\n\t\t\t\t\t<\/div>\n\t\t\t\t<\/div>\n\t\t<div class=\"elementor-element elementor-element-7d517a52 e-flex e-con-boxed e-con e-parent\" data-id=\"7d517a52\" data-element_type=\"container\" data-settings=\"{&quot;background_background&quot;:&quot;classic&quot;}\">\n\t\t\t\t\t<div class=\"e-con-inner\">\n\t\t<div class=\"elementor-element elementor-element-5869244f e-con-full e-flex e-con e-parent\" data-id=\"5869244f\" data-element_type=\"container\">\n\t\t\t\t<div class=\"elementor-element elementor-element-3b588293 elementor-widget elementor-widget-spacer\" data-id=\"3b588293\" data-element_type=\"widget\" data-widget_type=\"spacer.default\">\n\t\t\t\t\t\t\t<div class=\"elementor-spacer\">\n\t\t\t<div class=\"elementor-spacer-inner\"><\/div>\n\t\t<\/div>\n\t\t\t\t\t\t<\/div>\n\t\t\t\t<\/div>\n\t\t\t\t\t<\/div>\n\t\t\t\t<\/div>\n\t\t\t\t<\/div>","protected":false},"excerpt":{"rendered":"<p>Anamarija Vui\u0107 psihologinja \u00a0 Ostale informacije Iskustvo u savjetovanju\/psihoterapiji:\u00a0DA Primarna podru\u010dja rada:\u00a0Savjetovanje i psihoterapija; nevladine organizacije Iskustvo u radu s LGBTIQ osobama:\u00a0DA Edukacija u tijeku:\u00a0Edukacija iz gestalt psihoterapije (od 2016.; zavr\u0161ena 4. godina edukacije) Dodatne edukacije ili vje\u0161tine:\u00a0Dodatne edukacije iz podru\u010dja psiholo\u0161kog savjetovanja, rada s traumom i krizom te specifi\u010dno djecom, mladima i roditeljima. Kontakt: &hellip;<\/p>\n<p class=\"read-more\"> <a class=\"\" href=\"https:\/\/lori.hr\/en\/anamarija-vuic\/\"> <span class=\"screen-reader-text\">Anamarija Vui\u0107<\/span> Read More \u00bb<\/a><\/p>","protected":false},"author":1,"featured_media":0,"parent":0,"menu_order":0,"comment_status":"closed","ping_status":"closed","template":"","meta":{"_uag_custom_page_level_css":"","site-sidebar-layout":"no-sidebar","site-content-layout":"page-builder","ast-site-content-layout":"","site-content-style":"default","site-sidebar-style":"default","ast-global-header-display":"","ast-banner-title-visibility":"","ast-main-header-display":"","ast-hfb-above-header-display":"","ast-hfb-below-header-display":"","ast-hfb-mobile-header-display":"","site-post-title":"disabled","ast-breadcrumbs-content":"","ast-featured-img":"disabled","footer-sml-layout":"","theme-transparent-header-meta":"","adv-header-id-meta":"","stick-header-meta":"","header-above-stick-meta":"","header-main-stick-meta":"","header-below-stick-meta":"","astra-migrate-meta-layouts":"","footnotes":""},"class_list":["post-5961","page","type-page","status-publish","hentry"],"uagb_featured_image_src":{"full":false,"thumbnail":false,"medium":false,"medium_large":false,"large":false,"1536x1536":false,"2048x2048":false,"trp-custom-language-flag":false},"uagb_author_info":{"display_name":"LORI","author_link":"https:\/\/lori.hr\/en\/author\/ikenji\/"},"uagb_comment_info":0,"uagb_excerpt":"Anamarija Vui\u0107 psihologinja \u00a0 Ostale informacije Iskustvo u savjetovanju\/psihoterapiji:\u00a0DA Primarna podru\u010dja rada:\u00a0Savjetovanje i psihoterapija; nevladine organizacije Iskustvo u radu s LGBTIQ osobama:\u00a0DA Edukacija u tijeku:\u00a0Edukacija iz gestalt psihoterapije (od 2016.; zavr\u0161ena 4. godina edukacije) Dodatne edukacije ili vje\u0161tine:\u00a0Dodatne edukacije iz podru\u010dja psiholo\u0161kog savjetovanja, rada s traumom i krizom te specifi\u010dno djecom, mladima i roditeljima. Kontakt:&hellip;","_links":{"self":[{"href":"https:\/\/lori.hr\/en\/wp-json\/wp\/v2\/pages\/5961","targetHints":{"allow":["GET"]}}],"collection":[{"href":"https:\/\/lori.hr\/en\/wp-json\/wp\/v2\/pages"}],"about":[{"href":"https:\/\/lori.hr\/en\/wp-json\/wp\/v2\/types\/page"}],"author":[{"embeddable":true,"href":"https:\/\/lori.hr\/en\/wp-json\/wp\/v2\/users\/1"}],"replies":[{"embeddable":true,"href":"https:\/\/lori.hr\/en\/wp-json\/wp\/v2\/comments?post=5961"}],"version-history":[{"count":4,"href":"https:\/\/lori.hr\/en\/wp-json\/wp\/v2\/pages\/5961\/revisions"}],"predecessor-version":[{"id":5965,"href":"https:\/\/lori.hr\/en\/wp-json\/wp\/v2\/pages\/5961\/revisions\/5965"}],"wp:attachment":[{"href":"https:\/\/lori.hr\/en\/wp-json\/wp\/v2\/media?parent=5961"}],"curies":[{"name":"wp","href":"https:\/\/api.w.org\/{rel}","templated":true}]}}