{"id":5970,"date":"2023-04-22T20:12:42","date_gmt":"2023-04-22T18:12:42","guid":{"rendered":"https:\/\/lori.hr\/?page_id=5970"},"modified":"2023-04-22T20:13:35","modified_gmt":"2023-04-22T18:13:35","slug":"renata-debartoli","status":"publish","type":"page","link":"https:\/\/lori.hr\/en\/renata-debartoli\/","title":{"rendered":"Renata Debartoli"},"content":{"rendered":"<div data-elementor-type=\"wp-page\" data-elementor-id=\"5970\" class=\"elementor elementor-5970\" data-elementor-post-type=\"page\">\n\t\t\t\t<div class=\"elementor-element elementor-element-57e10fd navboja e-flex e-con-boxed e-con e-parent\" data-id=\"57e10fd\" data-element_type=\"container\" data-settings=\"{&quot;background_background&quot;:&quot;classic&quot;}\">\n\t\t\t\t\t<div class=\"e-con-inner\">\n\t\t\t\t<div class=\"elementor-element elementor-element-5378d830 elementor-widget elementor-widget-spacer\" data-id=\"5378d830\" data-element_type=\"widget\" data-widget_type=\"spacer.default\">\n\t\t\t\t\t\t\t<div class=\"elementor-spacer\">\n\t\t\t<div class=\"elementor-spacer-inner\"><\/div>\n\t\t<\/div>\n\t\t\t\t\t\t<\/div>\n\t\t\t\t\t<\/div>\n\t\t\t\t<\/div>\n\t\t<div class=\"elementor-element elementor-element-7eb6add4 e-flex e-con-boxed e-con e-parent\" data-id=\"7eb6add4\" data-element_type=\"container\">\n\t\t\t\t\t<div class=\"e-con-inner\">\n\t\t\t\t<div class=\"elementor-element elementor-element-7662648b elementor-widget elementor-widget-spacer\" data-id=\"7662648b\" data-element_type=\"widget\" data-widget_type=\"spacer.default\">\n\t\t\t\t\t\t\t<div class=\"elementor-spacer\">\n\t\t\t<div class=\"elementor-spacer-inner\"><\/div>\n\t\t<\/div>\n\t\t\t\t\t\t<\/div>\n\t\t\t\t<div class=\"elementor-element elementor-element-50d27740 elementor-widget elementor-widget-heading\" data-id=\"50d27740\" data-element_type=\"widget\" data-widget_type=\"heading.default\">\n\t\t\t\t\t<h1 class=\"elementor-heading-title elementor-size-xl\">Renata Debartoli<\/h1>\t\t\t\t<\/div>\n\t\t\t\t<div class=\"elementor-element elementor-element-318081de elementor-widget-divider--view-line elementor-widget elementor-widget-divider\" data-id=\"318081de\" data-element_type=\"widget\" data-widget_type=\"divider.default\">\n\t\t\t\t\t\t\t<div class=\"elementor-divider\">\n\t\t\t<span class=\"elementor-divider-separator\">\n\t\t\t\t\t\t<\/span>\n\t\t<\/div>\n\t\t\t\t\t\t<\/div>\n\t\t\t\t\t<\/div>\n\t\t\t\t<\/div>\n\t\t<div class=\"elementor-element elementor-element-4cdbe41c e-flex e-con-boxed e-con e-parent\" data-id=\"4cdbe41c\" data-element_type=\"container\">\n\t\t\t\t\t<div class=\"e-con-inner\">\n\t\t<div class=\"elementor-element elementor-element-e1ba99d e-con-full e-flex e-con e-parent\" data-id=\"e1ba99d\" data-element_type=\"container\">\n\t\t\t\t<div class=\"elementor-element elementor-element-2b92cb0 elementor-widget elementor-widget-text-editor\" data-id=\"2b92cb0\" data-element_type=\"widget\" data-widget_type=\"text-editor.default\">\n\t\t\t\t\t\t\t\t\t<h3 class=\"subtitle\">psihologinja<\/h3><div class=\"address\">\u00a0<\/div><div class=\"contact\"><h3><span style=\"font-size: 1.5em; font-weight: bold;\">Other information<\/span><\/h3><\/div><p>Iskustvo u savjetovanju\/psihoterapiji:\u00a0<strong>DA<\/strong><br \/><br \/>Primarna podru\u010dja rada:\u00a0<strong>zdravstvena psihologija<\/strong><br \/><br \/>Iskustvo u radu s LGBTIQ osobama:\u00a0<strong>DA<\/strong><br \/><br \/>Zavr\u0161ena edukacija:\u00a0<\/p><p><strong>UPSI \u2013 Udruga za dje\u010dju integrativnu psihoterapiju, Dje\u010dji integrativni psihoterapeut<\/strong><br \/><strong>HURT \u2013 Udruga za realitetnu terapiju Republike Hrvatske, certificirana iz teorije izbora i realitetne terapije<\/strong><br \/><strong>Centar Proventus, zavr\u0161en prvi stupanj transakcijske analize TA101<\/strong><br \/><strong><br \/><\/strong>Edukacija u tijeku:\u00a0<strong>CITIS \u2013 Centar za integrativnu ge\u0161talt terapiju i savjetovanje<br \/><\/strong><\/p><p>Dodatne edukacije ili vje\u0161tine:\u00a0<br \/><br \/><strong>HUBIKOT \u2013 Hrvatsko udru\u017eenje za bihevioralno-kognitivne terapije, zavr\u0161en te\u010daj mindfulnessa za stru\u010dnjake<\/strong><br \/><strong>Rad s asocijativnim kartama<\/strong><\/p>\t\t\t\t\t\t\t\t<\/div>\n\t\t\t\t<\/div>\n\t\t<div class=\"elementor-element elementor-element-2d095cbd e-con-full e-flex e-con e-parent\" data-id=\"2d095cbd\" data-element_type=\"container\" data-settings=\"{&quot;background_background&quot;:&quot;classic&quot;}\">\n\t\t\t\t<div class=\"elementor-element elementor-element-35626eef elementor-widget elementor-widget-spacer\" data-id=\"35626eef\" data-element_type=\"widget\" data-widget_type=\"spacer.default\">\n\t\t\t\t\t\t\t<div class=\"elementor-spacer\">\n\t\t\t<div class=\"elementor-spacer-inner\"><\/div>\n\t\t<\/div>\n\t\t\t\t\t\t<\/div>\n\t\t\t\t<div class=\"elementor-element elementor-element-2df733d9 elementor-widget elementor-widget-heading\" data-id=\"2df733d9\" data-element_type=\"widget\" data-widget_type=\"heading.default\">\n\t\t\t\t\t<h2 class=\"elementor-heading-title elementor-size-default\">Contact:<\/h2>\t\t\t\t<\/div>\n\t\t\t\t<div class=\"elementor-element elementor-element-2f512bce elementor-widget elementor-widget-text-editor\" data-id=\"2f512bce\" data-element_type=\"widget\" data-widget_type=\"text-editor.default\">\n\t\t\t\t\t\t\t\t\t<div class=\"address\"><h3>Adresa<\/h3><p>Zagreb<br \/>10000<\/p><\/div><div class=\"contact\"><h3>Contact us<\/h3><p><span id=\"cloak81026\">E-mail: renata.debartoli@gmail.com<\/span><\/p><p>Mob. <span id=\"eeb-583566-595140\"><\/span><script type=\"text\/javascript\">(function() {var ml=\"780-9F24%\",mi=\"24486504131077\",o=\"\";for(var j=0,l=mi.length;j<l;j++) {o+=ml.charAt(mi.charCodeAt(j)-48);}document.getElementById(\"eeb-583566-595140\").innerHTML = decodeURIComponent(o);}());<\/script><noscript>*protected email*<\/noscript><\/p><\/div>\t\t\t\t\t\t\t\t<\/div>\n\t\t\t\t<\/div>\n\t\t\t\t\t<\/div>\n\t\t\t\t<\/div>\n\t\t<div class=\"elementor-element elementor-element-563a4814 e-flex e-con-boxed e-con e-parent\" data-id=\"563a4814\" data-element_type=\"container\" data-settings=\"{&quot;background_background&quot;:&quot;classic&quot;}\">\n\t\t\t\t\t<div class=\"e-con-inner\">\n\t\t<div class=\"elementor-element elementor-element-51f44774 e-con-full e-flex e-con e-parent\" data-id=\"51f44774\" data-element_type=\"container\">\n\t\t\t\t<div class=\"elementor-element elementor-element-5a384b5c elementor-widget elementor-widget-spacer\" data-id=\"5a384b5c\" data-element_type=\"widget\" data-widget_type=\"spacer.default\">\n\t\t\t\t\t\t\t<div class=\"elementor-spacer\">\n\t\t\t<div class=\"elementor-spacer-inner\"><\/div>\n\t\t<\/div>\n\t\t\t\t\t\t<\/div>\n\t\t\t\t<\/div>\n\t\t\t\t\t<\/div>\n\t\t\t\t<\/div>\n\t\t\t\t<\/div>","protected":false},"excerpt":{"rendered":"<p>Renata Debartoli psihologinja \u00a0 Ostale informacije Iskustvo u savjetovanju\/psihoterapiji:\u00a0DA Primarna podru\u010dja rada:\u00a0zdravstvena psihologija Iskustvo u radu s LGBTIQ osobama:\u00a0DA Zavr\u0161ena edukacija:\u00a0 UPSI \u2013 Udruga za dje\u010dju integrativnu psihoterapiju, Dje\u010dji integrativni psihoterapeutHURT \u2013 Udruga za realitetnu terapiju Republike Hrvatske, certificirana iz teorije izbora i realitetne terapijeCentar Proventus, zavr\u0161en prvi stupanj transakcijske analize TA101Edukacija u tijeku:\u00a0CITIS \u2013 &hellip;<\/p>\n<p class=\"read-more\"> <a class=\"\" href=\"https:\/\/lori.hr\/en\/renata-debartoli\/\"> <span class=\"screen-reader-text\">Renata Debartoli<\/span> Read More \u00bb<\/a><\/p>","protected":false},"author":1,"featured_media":0,"parent":0,"menu_order":0,"comment_status":"closed","ping_status":"closed","template":"","meta":{"_uag_custom_page_level_css":"","site-sidebar-layout":"no-sidebar","site-content-layout":"page-builder","ast-site-content-layout":"","site-content-style":"default","site-sidebar-style":"default","ast-global-header-display":"","ast-banner-title-visibility":"","ast-main-header-display":"","ast-hfb-above-header-display":"","ast-hfb-below-header-display":"","ast-hfb-mobile-header-display":"","site-post-title":"disabled","ast-breadcrumbs-content":"","ast-featured-img":"disabled","footer-sml-layout":"","theme-transparent-header-meta":"","adv-header-id-meta":"","stick-header-meta":"","header-above-stick-meta":"","header-main-stick-meta":"","header-below-stick-meta":"","astra-migrate-meta-layouts":"","footnotes":""},"class_list":["post-5970","page","type-page","status-publish","hentry"],"uagb_featured_image_src":{"full":false,"thumbnail":false,"medium":false,"medium_large":false,"large":false,"1536x1536":false,"2048x2048":false,"trp-custom-language-flag":false},"uagb_author_info":{"display_name":"LORI","author_link":"https:\/\/lori.hr\/en\/author\/ikenji\/"},"uagb_comment_info":0,"uagb_excerpt":"Renata Debartoli psihologinja \u00a0 Ostale informacije Iskustvo u savjetovanju\/psihoterapiji:\u00a0DA Primarna podru\u010dja rada:\u00a0zdravstvena psihologija Iskustvo u radu s LGBTIQ osobama:\u00a0DA Zavr\u0161ena edukacija:\u00a0 UPSI \u2013 Udruga za dje\u010dju integrativnu psihoterapiju, Dje\u010dji integrativni psihoterapeutHURT \u2013 Udruga za realitetnu terapiju Republike Hrvatske, certificirana iz teorije izbora i realitetne terapijeCentar Proventus, zavr\u0161en prvi stupanj transakcijske analize TA101Edukacija u tijeku:\u00a0CITIS \u2013&hellip;","_links":{"self":[{"href":"https:\/\/lori.hr\/en\/wp-json\/wp\/v2\/pages\/5970","targetHints":{"allow":["GET"]}}],"collection":[{"href":"https:\/\/lori.hr\/en\/wp-json\/wp\/v2\/pages"}],"about":[{"href":"https:\/\/lori.hr\/en\/wp-json\/wp\/v2\/types\/page"}],"author":[{"embeddable":true,"href":"https:\/\/lori.hr\/en\/wp-json\/wp\/v2\/users\/1"}],"replies":[{"embeddable":true,"href":"https:\/\/lori.hr\/en\/wp-json\/wp\/v2\/comments?post=5970"}],"version-history":[{"count":4,"href":"https:\/\/lori.hr\/en\/wp-json\/wp\/v2\/pages\/5970\/revisions"}],"predecessor-version":[{"id":5974,"href":"https:\/\/lori.hr\/en\/wp-json\/wp\/v2\/pages\/5970\/revisions\/5974"}],"wp:attachment":[{"href":"https:\/\/lori.hr\/en\/wp-json\/wp\/v2\/media?parent=5970"}],"curies":[{"name":"wp","href":"https:\/\/api.w.org\/{rel}","templated":true}]}}