{"id":5990,"date":"2023-04-22T20:20:57","date_gmt":"2023-04-22T18:20:57","guid":{"rendered":"https:\/\/lori.hr\/?page_id=5990"},"modified":"2023-04-22T20:21:55","modified_gmt":"2023-04-22T18:21:55","slug":"lejla-talic","status":"publish","type":"page","link":"https:\/\/lori.hr\/en\/lejla-talic\/","title":{"rendered":"Lejla Tali\u0107"},"content":{"rendered":"<div data-elementor-type=\"wp-page\" data-elementor-id=\"5990\" class=\"elementor elementor-5990\" data-elementor-post-type=\"page\">\n\t\t\t\t<div class=\"elementor-element elementor-element-25c08d4d navboja e-flex e-con-boxed e-con e-parent\" data-id=\"25c08d4d\" data-element_type=\"container\" data-settings=\"{&quot;background_background&quot;:&quot;classic&quot;}\">\n\t\t\t\t\t<div class=\"e-con-inner\">\n\t\t\t\t<div class=\"elementor-element elementor-element-77bdc890 elementor-widget elementor-widget-spacer\" data-id=\"77bdc890\" data-element_type=\"widget\" data-widget_type=\"spacer.default\">\n\t\t\t\t\t\t\t<div class=\"elementor-spacer\">\n\t\t\t<div class=\"elementor-spacer-inner\"><\/div>\n\t\t<\/div>\n\t\t\t\t\t\t<\/div>\n\t\t\t\t\t<\/div>\n\t\t\t\t<\/div>\n\t\t<div class=\"elementor-element elementor-element-41595925 e-flex e-con-boxed e-con e-parent\" data-id=\"41595925\" data-element_type=\"container\">\n\t\t\t\t\t<div class=\"e-con-inner\">\n\t\t\t\t<div class=\"elementor-element elementor-element-31623253 elementor-widget elementor-widget-spacer\" data-id=\"31623253\" data-element_type=\"widget\" data-widget_type=\"spacer.default\">\n\t\t\t\t\t\t\t<div class=\"elementor-spacer\">\n\t\t\t<div class=\"elementor-spacer-inner\"><\/div>\n\t\t<\/div>\n\t\t\t\t\t\t<\/div>\n\t\t\t\t<div class=\"elementor-element elementor-element-77c924a2 elementor-widget elementor-widget-heading\" data-id=\"77c924a2\" data-element_type=\"widget\" data-widget_type=\"heading.default\">\n\t\t\t\t\t<h1 class=\"elementor-heading-title elementor-size-xl\">Lejla Tali\u0107<\/h1>\t\t\t\t<\/div>\n\t\t\t\t<div class=\"elementor-element elementor-element-573227df elementor-widget-divider--view-line elementor-widget elementor-widget-divider\" data-id=\"573227df\" data-element_type=\"widget\" data-widget_type=\"divider.default\">\n\t\t\t\t\t\t\t<div class=\"elementor-divider\">\n\t\t\t<span class=\"elementor-divider-separator\">\n\t\t\t\t\t\t<\/span>\n\t\t<\/div>\n\t\t\t\t\t\t<\/div>\n\t\t\t\t\t<\/div>\n\t\t\t\t<\/div>\n\t\t<div class=\"elementor-element elementor-element-21e10c38 e-flex e-con-boxed e-con e-parent\" data-id=\"21e10c38\" data-element_type=\"container\">\n\t\t\t\t\t<div class=\"e-con-inner\">\n\t\t<div class=\"elementor-element elementor-element-43f49b93 e-con-full e-flex e-con e-parent\" data-id=\"43f49b93\" data-element_type=\"container\">\n\t\t\t\t<div class=\"elementor-element elementor-element-21bcdb69 elementor-widget elementor-widget-text-editor\" data-id=\"21bcdb69\" data-element_type=\"widget\" data-widget_type=\"text-editor.default\">\n\t\t\t\t\t\t\t\t\t<h3 class=\"subtitle\">psihologinja<\/h3><div class=\"address\">\u00a0<\/div><div class=\"contact\"><h3><span style=\"font-size: 1.5em; font-weight: bold;\">Other information<\/span><\/h3><\/div><p>Iskustvo u savjetovanju\/psihoterapiji:\u00a0<strong>DA<\/strong><br \/><br \/>Primarna podru\u010dja rada:\u00a0<strong>klini\u010dka, \u0161kolska i pred\u0161kolska psihologija\/\u00a0profesor\/ica (\u0161kole i fakulteti)<\/strong><br \/><br \/>Iskustvo u radu s LGBTIQ osobama:\u00a0<strong>DA<\/strong><br \/><br \/>Zavr\u0161ena edukacija:\u00a0<strong>Kognitivno bihevioralna terapija<\/strong><br \/><br \/>Edukacija u tijeku:\u00a0<strong>Shema terapija<\/strong><br \/><br \/>Dodatne edukacije ili vje\u0161tine:\u00a0<strong>Psiholo\u0161ke krizne intervencije, ACT \u2013 terapija prihva\u0107anjem\u00a0 i posve\u0107eno\u0161\u0107u, Mindfulness<\/strong><\/p>\t\t\t\t\t\t\t\t<\/div>\n\t\t\t\t<\/div>\n\t\t<div class=\"elementor-element elementor-element-4b55bfef e-con-full e-flex e-con e-parent\" data-id=\"4b55bfef\" data-element_type=\"container\" data-settings=\"{&quot;background_background&quot;:&quot;classic&quot;}\">\n\t\t\t\t<div class=\"elementor-element elementor-element-300eba8a elementor-widget elementor-widget-spacer\" data-id=\"300eba8a\" data-element_type=\"widget\" data-widget_type=\"spacer.default\">\n\t\t\t\t\t\t\t<div class=\"elementor-spacer\">\n\t\t\t<div class=\"elementor-spacer-inner\"><\/div>\n\t\t<\/div>\n\t\t\t\t\t\t<\/div>\n\t\t\t\t<div class=\"elementor-element elementor-element-189bbb71 elementor-widget elementor-widget-heading\" data-id=\"189bbb71\" data-element_type=\"widget\" data-widget_type=\"heading.default\">\n\t\t\t\t\t<h2 class=\"elementor-heading-title elementor-size-default\">Contact:<\/h2>\t\t\t\t<\/div>\n\t\t\t\t<div class=\"elementor-element elementor-element-225af09c elementor-widget elementor-widget-text-editor\" data-id=\"225af09c\" data-element_type=\"widget\" data-widget_type=\"text-editor.default\">\n\t\t\t\t\t\t\t\t\t<div class=\"address\"><h3>Adresa<\/h3><p>Zagreb<br \/>10000<\/p><\/div><div class=\"contact\"><h3>Contact us<\/h3><p><span id=\"cloak81026\">E-mail: talic.lejla@gmail.com<\/span><\/p><\/div>\t\t\t\t\t\t\t\t<\/div>\n\t\t\t\t<\/div>\n\t\t\t\t\t<\/div>\n\t\t\t\t<\/div>\n\t\t<div class=\"elementor-element elementor-element-6e8694ed e-flex e-con-boxed e-con e-parent\" data-id=\"6e8694ed\" data-element_type=\"container\" data-settings=\"{&quot;background_background&quot;:&quot;classic&quot;}\">\n\t\t\t\t\t<div class=\"e-con-inner\">\n\t\t<div class=\"elementor-element elementor-element-676ebdea e-con-full e-flex e-con e-parent\" data-id=\"676ebdea\" data-element_type=\"container\">\n\t\t\t\t<div class=\"elementor-element elementor-element-439cced4 elementor-widget elementor-widget-spacer\" data-id=\"439cced4\" data-element_type=\"widget\" data-widget_type=\"spacer.default\">\n\t\t\t\t\t\t\t<div class=\"elementor-spacer\">\n\t\t\t<div class=\"elementor-spacer-inner\"><\/div>\n\t\t<\/div>\n\t\t\t\t\t\t<\/div>\n\t\t\t\t<\/div>\n\t\t\t\t\t<\/div>\n\t\t\t\t<\/div>\n\t\t\t\t<\/div>","protected":false},"excerpt":{"rendered":"<p>Lejla Tali\u0107 psihologinja \u00a0 Ostale informacije Iskustvo u savjetovanju\/psihoterapiji:\u00a0DA Primarna podru\u010dja rada:\u00a0klini\u010dka, \u0161kolska i pred\u0161kolska psihologija\/\u00a0profesor\/ica (\u0161kole i fakulteti) Iskustvo u radu s LGBTIQ osobama:\u00a0DA Zavr\u0161ena edukacija:\u00a0Kognitivno bihevioralna terapija Edukacija u tijeku:\u00a0Shema terapija Dodatne edukacije ili vje\u0161tine:\u00a0Psiholo\u0161ke krizne intervencije, ACT \u2013 terapija prihva\u0107anjem\u00a0 i posve\u0107eno\u0161\u0107u, Mindfulness Kontakt: Adresa Zagreb10000 Kontakt E-mail: talic.lejla@gmail.com<\/p>","protected":false},"author":1,"featured_media":0,"parent":0,"menu_order":0,"comment_status":"closed","ping_status":"closed","template":"","meta":{"_uag_custom_page_level_css":"","site-sidebar-layout":"no-sidebar","site-content-layout":"page-builder","ast-site-content-layout":"","site-content-style":"default","site-sidebar-style":"default","ast-global-header-display":"","ast-banner-title-visibility":"","ast-main-header-display":"","ast-hfb-above-header-display":"","ast-hfb-below-header-display":"","ast-hfb-mobile-header-display":"","site-post-title":"disabled","ast-breadcrumbs-content":"","ast-featured-img":"disabled","footer-sml-layout":"","theme-transparent-header-meta":"","adv-header-id-meta":"","stick-header-meta":"","header-above-stick-meta":"","header-main-stick-meta":"","header-below-stick-meta":"","astra-migrate-meta-layouts":"","footnotes":""},"class_list":["post-5990","page","type-page","status-publish","hentry"],"uagb_featured_image_src":{"full":false,"thumbnail":false,"medium":false,"medium_large":false,"large":false,"1536x1536":false,"2048x2048":false,"trp-custom-language-flag":false},"uagb_author_info":{"display_name":"LORI","author_link":"https:\/\/lori.hr\/en\/author\/ikenji\/"},"uagb_comment_info":0,"uagb_excerpt":"Lejla Tali\u0107 psihologinja \u00a0 Ostale informacije Iskustvo u savjetovanju\/psihoterapiji:\u00a0DA Primarna podru\u010dja rada:\u00a0klini\u010dka, \u0161kolska i pred\u0161kolska psihologija\/\u00a0profesor\/ica (\u0161kole i fakulteti) Iskustvo u radu s LGBTIQ osobama:\u00a0DA Zavr\u0161ena edukacija:\u00a0Kognitivno bihevioralna terapija Edukacija u tijeku:\u00a0Shema terapija Dodatne edukacije ili vje\u0161tine:\u00a0Psiholo\u0161ke krizne intervencije, ACT \u2013 terapija prihva\u0107anjem\u00a0 i posve\u0107eno\u0161\u0107u, Mindfulness Kontakt: Adresa Zagreb10000 Kontakt E-mail: talic.lejla@gmail.com","_links":{"self":[{"href":"https:\/\/lori.hr\/en\/wp-json\/wp\/v2\/pages\/5990","targetHints":{"allow":["GET"]}}],"collection":[{"href":"https:\/\/lori.hr\/en\/wp-json\/wp\/v2\/pages"}],"about":[{"href":"https:\/\/lori.hr\/en\/wp-json\/wp\/v2\/types\/page"}],"author":[{"embeddable":true,"href":"https:\/\/lori.hr\/en\/wp-json\/wp\/v2\/users\/1"}],"replies":[{"embeddable":true,"href":"https:\/\/lori.hr\/en\/wp-json\/wp\/v2\/comments?post=5990"}],"version-history":[{"count":4,"href":"https:\/\/lori.hr\/en\/wp-json\/wp\/v2\/pages\/5990\/revisions"}],"predecessor-version":[{"id":5994,"href":"https:\/\/lori.hr\/en\/wp-json\/wp\/v2\/pages\/5990\/revisions\/5994"}],"wp:attachment":[{"href":"https:\/\/lori.hr\/en\/wp-json\/wp\/v2\/media?parent=5990"}],"curies":[{"name":"wp","href":"https:\/\/api.w.org\/{rel}","templated":true}]}}