{"id":6000,"date":"2023-04-22T20:25:03","date_gmt":"2023-04-22T18:25:03","guid":{"rendered":"https:\/\/lori.hr\/?page_id=6000"},"modified":"2023-04-22T20:26:06","modified_gmt":"2023-04-22T18:26:06","slug":"lana-gjuric","status":"publish","type":"page","link":"https:\/\/lori.hr\/en\/lana-gjuric\/","title":{"rendered":"Lana Gjuri\u0107"},"content":{"rendered":"<div data-elementor-type=\"wp-page\" data-elementor-id=\"6000\" class=\"elementor elementor-6000\" data-elementor-post-type=\"page\">\n\t\t\t\t<div class=\"elementor-element elementor-element-5e5a6afe navboja e-flex e-con-boxed e-con e-parent\" data-id=\"5e5a6afe\" data-element_type=\"container\" data-settings=\"{&quot;background_background&quot;:&quot;classic&quot;}\">\n\t\t\t\t\t<div class=\"e-con-inner\">\n\t\t\t\t<div class=\"elementor-element elementor-element-21094ff9 elementor-widget elementor-widget-spacer\" data-id=\"21094ff9\" data-element_type=\"widget\" data-widget_type=\"spacer.default\">\n\t\t\t\t\t\t\t<div class=\"elementor-spacer\">\n\t\t\t<div class=\"elementor-spacer-inner\"><\/div>\n\t\t<\/div>\n\t\t\t\t\t\t<\/div>\n\t\t\t\t\t<\/div>\n\t\t\t\t<\/div>\n\t\t<div class=\"elementor-element elementor-element-6a10dafa e-flex e-con-boxed e-con e-parent\" data-id=\"6a10dafa\" data-element_type=\"container\">\n\t\t\t\t\t<div class=\"e-con-inner\">\n\t\t\t\t<div class=\"elementor-element elementor-element-18ea1101 elementor-widget elementor-widget-spacer\" data-id=\"18ea1101\" data-element_type=\"widget\" data-widget_type=\"spacer.default\">\n\t\t\t\t\t\t\t<div class=\"elementor-spacer\">\n\t\t\t<div class=\"elementor-spacer-inner\"><\/div>\n\t\t<\/div>\n\t\t\t\t\t\t<\/div>\n\t\t\t\t<div class=\"elementor-element elementor-element-26c0d62f elementor-widget elementor-widget-heading\" data-id=\"26c0d62f\" data-element_type=\"widget\" data-widget_type=\"heading.default\">\n\t\t\t\t\t<h1 class=\"elementor-heading-title elementor-size-xl\">Lana Gjuri\u0107<\/h1>\t\t\t\t<\/div>\n\t\t\t\t<div class=\"elementor-element elementor-element-716865a7 elementor-widget-divider--view-line elementor-widget elementor-widget-divider\" data-id=\"716865a7\" data-element_type=\"widget\" data-widget_type=\"divider.default\">\n\t\t\t\t\t\t\t<div class=\"elementor-divider\">\n\t\t\t<span class=\"elementor-divider-separator\">\n\t\t\t\t\t\t<\/span>\n\t\t<\/div>\n\t\t\t\t\t\t<\/div>\n\t\t\t\t\t<\/div>\n\t\t\t\t<\/div>\n\t\t<div class=\"elementor-element elementor-element-3b6fbd0e e-flex e-con-boxed e-con e-parent\" data-id=\"3b6fbd0e\" data-element_type=\"container\">\n\t\t\t\t\t<div class=\"e-con-inner\">\n\t\t<div class=\"elementor-element elementor-element-27d357fc e-con-full e-flex e-con e-parent\" data-id=\"27d357fc\" data-element_type=\"container\">\n\t\t\t\t<div class=\"elementor-element elementor-element-6ec0073a elementor-widget elementor-widget-text-editor\" data-id=\"6ec0073a\" data-element_type=\"widget\" data-widget_type=\"text-editor.default\">\n\t\t\t\t\t\t\t\t\t<h3 class=\"subtitle\">psihologinja<\/h3><div class=\"address\">\u00a0<\/div><div class=\"contact\"><h3><span style=\"font-size: 1.5em; font-weight: bold;\">Other information<\/span><\/h3><\/div><p>Iskustvo u savjetovanju\/psihoterapiji:\u00a0<strong>DA<\/strong><br \/><br \/>Primarna podru\u010dja rada:\u00a0<b>mentalno zdravlje<\/b><br \/><br \/>Iskustvo u radu s LGBTIQ osobama:\u00a0<strong>DA<\/strong><br \/><br \/>Zavr\u0161ena edukacija:\u00a0<strong>Edukacija iz psiholo\u0161kog savjetovanja<\/strong><br \/><br \/>Edukacija u tijeku:\u00a0<strong>Edukacija za ge\u0161talt psihoterapeuta (Gestalt centar Homa)<\/strong><br \/><br \/>Dodatne edukacije ili vje\u0161tine:\u00a0<br \/><strong>&#8211; Sistemski pristup obiteljima (rad s obiteljima) &#8211; Organizator: Dru\u0161tvo za psiholo\u0161ku pomo\u0107<\/strong><br \/><strong>&#8211; Sistemski pristup obiteljskom nasilju (rad s partnerima na nenasilnom komuniciranju i prevenciji nasilnog pona\u0161anja) &#8211; Organizator: Dru\u0161tvo za psiholo\u0161ku pomo\u0107<\/strong><br \/><strong>&#8211; &#8220;Secure Attachment Skills in Times of Crisis\u201c (za direktan savjetodavni rad s ljudima u koronakrizi) \u2013 Organizator: Dr. Diane Poole Heller (somatic attachment&amp;trauma expert), Therapy MasterMind Circle<\/strong><br \/><strong>&#8211; Edukacija iz upotrebe asocijativnih karata u savjetovanju i psihoterapiji \u2013 Organizator: Savjetovali\u0161te \u201eIdemo dalje\u201c<\/strong><br \/><strong>&#8211; Savjetovanje uz prevo\u0111enje (za rad s azilantima i tra\u017eiteljima azila, rad s traumom, rad s prevoditeljima) &#8211; Organizator: Dru\u0161tvo za psiholo\u0161ku pomo\u0107<\/strong><br \/><strong>&#8211; Psiholo\u0161ke krizne intervencije (obrazovni program uklju\u010duje stjecanje znanja i usavr\u0161avanje u vje\u0161tinama vo\u0111enja individualnih i grupnih psiholo\u0161kih kriznih intervencija) &#8211; Organizator: Dru\u0161tvo za psiholo\u0161ku pomo\u0107<\/strong><\/p>\t\t\t\t\t\t\t\t<\/div>\n\t\t\t\t<\/div>\n\t\t<div class=\"elementor-element elementor-element-614e648b e-con-full e-flex e-con e-parent\" data-id=\"614e648b\" data-element_type=\"container\" data-settings=\"{&quot;background_background&quot;:&quot;classic&quot;}\">\n\t\t\t\t<div class=\"elementor-element elementor-element-18e5baa5 elementor-widget elementor-widget-spacer\" data-id=\"18e5baa5\" data-element_type=\"widget\" data-widget_type=\"spacer.default\">\n\t\t\t\t\t\t\t<div class=\"elementor-spacer\">\n\t\t\t<div class=\"elementor-spacer-inner\"><\/div>\n\t\t<\/div>\n\t\t\t\t\t\t<\/div>\n\t\t\t\t<div class=\"elementor-element elementor-element-6ee47aed elementor-widget elementor-widget-heading\" data-id=\"6ee47aed\" data-element_type=\"widget\" data-widget_type=\"heading.default\">\n\t\t\t\t\t<h2 class=\"elementor-heading-title elementor-size-default\">Contact:<\/h2>\t\t\t\t<\/div>\n\t\t\t\t<div class=\"elementor-element elementor-element-103b13c6 elementor-widget elementor-widget-text-editor\" data-id=\"103b13c6\" data-element_type=\"widget\" data-widget_type=\"text-editor.default\">\n\t\t\t\t\t\t\t\t\t<div class=\"address\"><h3>Adresa<\/h3><p>Zagreb<br \/>10000<\/p><\/div><div class=\"contact\"><h3>Contact us<\/h3><p><span id=\"cloak81026\">E-mail: lana.gjuric@gmail.com<\/span><\/p><p>Mob. <span id=\"eeb-74036-230513\"><\/span><script type=\"text\/javascript\">(function() {var ml=\"9245%70F-\",mi=\"60341706385223\",o=\"\";for(var j=0,l=mi.length;j<l;j++) {o+=ml.charAt(mi.charCodeAt(j)-48);}document.getElementById(\"eeb-74036-230513\").innerHTML = decodeURIComponent(o);}());<\/script><noscript>*protected email*<\/noscript><\/p><\/div>\t\t\t\t\t\t\t\t<\/div>\n\t\t\t\t<\/div>\n\t\t\t\t\t<\/div>\n\t\t\t\t<\/div>\n\t\t<div class=\"elementor-element elementor-element-4cfd49a2 e-flex e-con-boxed e-con e-parent\" data-id=\"4cfd49a2\" data-element_type=\"container\" data-settings=\"{&quot;background_background&quot;:&quot;classic&quot;}\">\n\t\t\t\t\t<div class=\"e-con-inner\">\n\t\t<div class=\"elementor-element elementor-element-5969d7e6 e-con-full e-flex e-con e-parent\" data-id=\"5969d7e6\" data-element_type=\"container\">\n\t\t\t\t<div class=\"elementor-element elementor-element-5d4903f1 elementor-widget elementor-widget-spacer\" data-id=\"5d4903f1\" data-element_type=\"widget\" data-widget_type=\"spacer.default\">\n\t\t\t\t\t\t\t<div class=\"elementor-spacer\">\n\t\t\t<div class=\"elementor-spacer-inner\"><\/div>\n\t\t<\/div>\n\t\t\t\t\t\t<\/div>\n\t\t\t\t<\/div>\n\t\t\t\t\t<\/div>\n\t\t\t\t<\/div>\n\t\t\t\t<\/div>","protected":false},"excerpt":{"rendered":"<p>Lana Gjuri\u0107 psihologinja \u00a0 Ostale informacije Iskustvo u savjetovanju\/psihoterapiji:\u00a0DA Primarna podru\u010dja rada:\u00a0mentalno zdravlje Iskustvo u radu s LGBTIQ osobama:\u00a0DA Zavr\u0161ena edukacija:\u00a0Edukacija iz psiholo\u0161kog savjetovanja Edukacija u tijeku:\u00a0Edukacija za ge\u0161talt psihoterapeuta (Gestalt centar Homa) Dodatne edukacije ili vje\u0161tine:\u00a0&#8211; Sistemski pristup obiteljima (rad s obiteljima) &#8211; Organizator: Dru\u0161tvo za psiholo\u0161ku pomo\u0107&#8211; Sistemski pristup obiteljskom nasilju (rad s &hellip;<\/p>\n<p class=\"read-more\"> <a class=\"\" href=\"https:\/\/lori.hr\/en\/lana-gjuric\/\"> <span class=\"screen-reader-text\">Lana Gjuri\u0107<\/span> Read More \u00bb<\/a><\/p>","protected":false},"author":1,"featured_media":0,"parent":0,"menu_order":0,"comment_status":"closed","ping_status":"closed","template":"","meta":{"_uag_custom_page_level_css":"","site-sidebar-layout":"no-sidebar","site-content-layout":"page-builder","ast-site-content-layout":"","site-content-style":"default","site-sidebar-style":"default","ast-global-header-display":"","ast-banner-title-visibility":"","ast-main-header-display":"","ast-hfb-above-header-display":"","ast-hfb-below-header-display":"","ast-hfb-mobile-header-display":"","site-post-title":"disabled","ast-breadcrumbs-content":"","ast-featured-img":"disabled","footer-sml-layout":"","theme-transparent-header-meta":"","adv-header-id-meta":"","stick-header-meta":"","header-above-stick-meta":"","header-main-stick-meta":"","header-below-stick-meta":"","astra-migrate-meta-layouts":"","footnotes":""},"class_list":["post-6000","page","type-page","status-publish","hentry"],"uagb_featured_image_src":{"full":false,"thumbnail":false,"medium":false,"medium_large":false,"large":false,"1536x1536":false,"2048x2048":false,"trp-custom-language-flag":false},"uagb_author_info":{"display_name":"LORI","author_link":"https:\/\/lori.hr\/en\/author\/ikenji\/"},"uagb_comment_info":0,"uagb_excerpt":"Lana Gjuri\u0107 psihologinja \u00a0 Ostale informacije Iskustvo u savjetovanju\/psihoterapiji:\u00a0DA Primarna podru\u010dja rada:\u00a0mentalno zdravlje Iskustvo u radu s LGBTIQ osobama:\u00a0DA Zavr\u0161ena edukacija:\u00a0Edukacija iz psiholo\u0161kog savjetovanja Edukacija u tijeku:\u00a0Edukacija za ge\u0161talt psihoterapeuta (Gestalt centar Homa) Dodatne edukacije ili vje\u0161tine:\u00a0&#8211; Sistemski pristup obiteljima (rad s obiteljima) &#8211; Organizator: Dru\u0161tvo za psiholo\u0161ku pomo\u0107&#8211; Sistemski pristup obiteljskom nasilju (rad s&hellip;","_links":{"self":[{"href":"https:\/\/lori.hr\/en\/wp-json\/wp\/v2\/pages\/6000","targetHints":{"allow":["GET"]}}],"collection":[{"href":"https:\/\/lori.hr\/en\/wp-json\/wp\/v2\/pages"}],"about":[{"href":"https:\/\/lori.hr\/en\/wp-json\/wp\/v2\/types\/page"}],"author":[{"embeddable":true,"href":"https:\/\/lori.hr\/en\/wp-json\/wp\/v2\/users\/1"}],"replies":[{"embeddable":true,"href":"https:\/\/lori.hr\/en\/wp-json\/wp\/v2\/comments?post=6000"}],"version-history":[{"count":4,"href":"https:\/\/lori.hr\/en\/wp-json\/wp\/v2\/pages\/6000\/revisions"}],"predecessor-version":[{"id":6004,"href":"https:\/\/lori.hr\/en\/wp-json\/wp\/v2\/pages\/6000\/revisions\/6004"}],"wp:attachment":[{"href":"https:\/\/lori.hr\/en\/wp-json\/wp\/v2\/media?parent=6000"}],"curies":[{"name":"wp","href":"https:\/\/api.w.org\/{rel}","templated":true}]}}