{"id":6005,"date":"2023-04-22T20:26:54","date_gmt":"2023-04-22T18:26:54","guid":{"rendered":"https:\/\/lori.hr\/?page_id=6005"},"modified":"2023-04-22T20:27:46","modified_gmt":"2023-04-22T18:27:46","slug":"sladana-bojic-andric","status":"publish","type":"page","link":"https:\/\/lori.hr\/en\/sladana-bojic-andric\/","title":{"rendered":"Sla\u0111ana Boji\u0107 Andri\u0107"},"content":{"rendered":"<div data-elementor-type=\"wp-page\" data-elementor-id=\"6005\" class=\"elementor elementor-6005\" data-elementor-post-type=\"page\">\n\t\t\t\t<div class=\"elementor-element elementor-element-5af32d4b navboja e-flex e-con-boxed e-con e-parent\" data-id=\"5af32d4b\" data-element_type=\"container\" data-settings=\"{&quot;background_background&quot;:&quot;classic&quot;}\">\n\t\t\t\t\t<div class=\"e-con-inner\">\n\t\t\t\t<div class=\"elementor-element elementor-element-5d5517c6 elementor-widget elementor-widget-spacer\" data-id=\"5d5517c6\" data-element_type=\"widget\" data-widget_type=\"spacer.default\">\n\t\t\t\t\t\t\t<div class=\"elementor-spacer\">\n\t\t\t<div class=\"elementor-spacer-inner\"><\/div>\n\t\t<\/div>\n\t\t\t\t\t\t<\/div>\n\t\t\t\t\t<\/div>\n\t\t\t\t<\/div>\n\t\t<div class=\"elementor-element elementor-element-49d02bbb e-flex e-con-boxed e-con e-parent\" data-id=\"49d02bbb\" data-element_type=\"container\">\n\t\t\t\t\t<div class=\"e-con-inner\">\n\t\t\t\t<div class=\"elementor-element elementor-element-70e768a1 elementor-widget elementor-widget-spacer\" data-id=\"70e768a1\" data-element_type=\"widget\" data-widget_type=\"spacer.default\">\n\t\t\t\t\t\t\t<div class=\"elementor-spacer\">\n\t\t\t<div class=\"elementor-spacer-inner\"><\/div>\n\t\t<\/div>\n\t\t\t\t\t\t<\/div>\n\t\t\t\t<div class=\"elementor-element elementor-element-761e03b2 elementor-widget elementor-widget-heading\" data-id=\"761e03b2\" data-element_type=\"widget\" data-widget_type=\"heading.default\">\n\t\t\t\t\t<h1 class=\"elementor-heading-title elementor-size-xl\">Sla\u0111ana Boji\u0107 Andri\u0107<\/h1>\t\t\t\t<\/div>\n\t\t\t\t<div class=\"elementor-element elementor-element-72a817a5 elementor-widget-divider--view-line elementor-widget elementor-widget-divider\" data-id=\"72a817a5\" data-element_type=\"widget\" data-widget_type=\"divider.default\">\n\t\t\t\t\t\t\t<div class=\"elementor-divider\">\n\t\t\t<span class=\"elementor-divider-separator\">\n\t\t\t\t\t\t<\/span>\n\t\t<\/div>\n\t\t\t\t\t\t<\/div>\n\t\t\t\t\t<\/div>\n\t\t\t\t<\/div>\n\t\t<div class=\"elementor-element elementor-element-1c330929 e-flex e-con-boxed e-con e-parent\" data-id=\"1c330929\" data-element_type=\"container\">\n\t\t\t\t\t<div class=\"e-con-inner\">\n\t\t<div class=\"elementor-element elementor-element-1fd7f6cc e-con-full e-flex e-con e-parent\" data-id=\"1fd7f6cc\" data-element_type=\"container\">\n\t\t\t\t<div class=\"elementor-element elementor-element-20cd803c elementor-widget elementor-widget-text-editor\" data-id=\"20cd803c\" data-element_type=\"widget\" data-widget_type=\"text-editor.default\">\n\t\t\t\t\t\t\t\t\t<h3 class=\"subtitle\">psihologinja<\/h3><div class=\"address\">\u00a0<\/div><div class=\"contact\"><h3><span style=\"font-size: 1.5em; font-weight: bold;\">Other information<\/span><\/h3><\/div><p>Iskustvo u savjetovanju\/psihoterapiji:\u00a0<strong>DA<\/strong><br \/><br \/>Primarna podru\u010dja rada:\u00a0<strong>zdravstvena i organizacijska psihologija te rad s osobama tre\u0107e \u017eivotne dobi<\/strong><br \/><br \/>Iskustvo u radu s LGBTIQ osobama:\u00a0<strong>DA<\/strong><br \/><br \/>Zavr\u0161ena edukacija:\u00a0<strong>Profesorica (talijanski i \u0161panjolski i knji\u017eevnost, Filozofski fakultet Zagreb)<\/strong><br \/><strong>Propedeutika psihoterapije 2022. (Bernays, Zagreb)<\/strong><br \/><br \/>Edukacija u tijeku:\u00a0<strong>Gestalt psihoterapija, IGW centar Centar, 2015 -2020, apsolvent<\/strong><br \/><strong>(nedostaje samo diplomski rad)<\/strong><br \/><br \/>Dodatne edukacije ili vje\u0161tine:\u00a0<strong>Kontinuirani rad s \u010dlanovima obitelji oboljelih od Alzheimera<\/strong><br \/><strong>Rad s osobama tre\u0107e \u017eivotne dobi<\/strong><\/p>\t\t\t\t\t\t\t\t<\/div>\n\t\t\t\t<\/div>\n\t\t<div class=\"elementor-element elementor-element-7205904c e-con-full e-flex e-con e-parent\" data-id=\"7205904c\" data-element_type=\"container\" data-settings=\"{&quot;background_background&quot;:&quot;classic&quot;}\">\n\t\t\t\t<div class=\"elementor-element elementor-element-5aa54483 elementor-widget elementor-widget-spacer\" data-id=\"5aa54483\" data-element_type=\"widget\" data-widget_type=\"spacer.default\">\n\t\t\t\t\t\t\t<div class=\"elementor-spacer\">\n\t\t\t<div class=\"elementor-spacer-inner\"><\/div>\n\t\t<\/div>\n\t\t\t\t\t\t<\/div>\n\t\t\t\t<div class=\"elementor-element elementor-element-37f2a80f elementor-widget elementor-widget-heading\" data-id=\"37f2a80f\" data-element_type=\"widget\" data-widget_type=\"heading.default\">\n\t\t\t\t\t<h2 class=\"elementor-heading-title elementor-size-default\">Contact:<\/h2>\t\t\t\t<\/div>\n\t\t\t\t<div class=\"elementor-element elementor-element-6bd6ca4e elementor-widget elementor-widget-text-editor\" data-id=\"6bd6ca4e\" data-element_type=\"widget\" data-widget_type=\"text-editor.default\">\n\t\t\t\t\t\t\t\t\t<div class=\"address\"><h3>Adresa<\/h3><p>Zagreb<br \/>10000<\/p><\/div><div class=\"contact\"><h3>Contact us<\/h3><p><span id=\"cloak81026\">E-mail: sladanabojic@gmail.com<\/span><\/p><p>Mob. <span id=\"eeb-271677-755788\"><\/span><script type=\"text\/javascript\">(function() {var ml=\"294-7580F%6\",mi=\"716908270345:\",o=\"\";for(var j=0,l=mi.length;j<l;j++) {o+=ml.charAt(mi.charCodeAt(j)-48);}document.getElementById(\"eeb-271677-755788\").innerHTML = decodeURIComponent(o);}());<\/script><noscript>*protected email*<\/noscript><\/p><\/div>\t\t\t\t\t\t\t\t<\/div>\n\t\t\t\t<\/div>\n\t\t\t\t\t<\/div>\n\t\t\t\t<\/div>\n\t\t<div class=\"elementor-element elementor-element-6152e9c5 e-flex e-con-boxed e-con e-parent\" data-id=\"6152e9c5\" data-element_type=\"container\" data-settings=\"{&quot;background_background&quot;:&quot;classic&quot;}\">\n\t\t\t\t\t<div class=\"e-con-inner\">\n\t\t<div class=\"elementor-element elementor-element-f899f28 e-con-full e-flex e-con e-parent\" data-id=\"f899f28\" data-element_type=\"container\">\n\t\t\t\t<div class=\"elementor-element elementor-element-71467c9a elementor-widget elementor-widget-spacer\" data-id=\"71467c9a\" data-element_type=\"widget\" data-widget_type=\"spacer.default\">\n\t\t\t\t\t\t\t<div class=\"elementor-spacer\">\n\t\t\t<div class=\"elementor-spacer-inner\"><\/div>\n\t\t<\/div>\n\t\t\t\t\t\t<\/div>\n\t\t\t\t<\/div>\n\t\t\t\t\t<\/div>\n\t\t\t\t<\/div>\n\t\t\t\t<\/div>","protected":false},"excerpt":{"rendered":"<p>Sla\u0111ana Boji\u0107 Andri\u0107 psihologinja \u00a0 Ostale informacije Iskustvo u savjetovanju\/psihoterapiji:\u00a0DA Primarna podru\u010dja rada:\u00a0zdravstvena i organizacijska psihologija te rad s osobama tre\u0107e \u017eivotne dobi Iskustvo u radu s LGBTIQ osobama:\u00a0DA Zavr\u0161ena edukacija:\u00a0Profesorica (talijanski i \u0161panjolski i knji\u017eevnost, Filozofski fakultet Zagreb)Propedeutika psihoterapije 2022. (Bernays, Zagreb) Edukacija u tijeku:\u00a0Gestalt psihoterapija, IGW centar Centar, 2015 -2020, apsolvent(nedostaje samo diplomski &hellip;<\/p>\n<p class=\"read-more\"> <a class=\"\" href=\"https:\/\/lori.hr\/en\/sladana-bojic-andric\/\"> <span class=\"screen-reader-text\">Sla\u0111ana Boji\u0107 Andri\u0107<\/span> Read More \u00bb<\/a><\/p>","protected":false},"author":1,"featured_media":0,"parent":0,"menu_order":0,"comment_status":"closed","ping_status":"closed","template":"","meta":{"_uag_custom_page_level_css":"","site-sidebar-layout":"no-sidebar","site-content-layout":"page-builder","ast-site-content-layout":"","site-content-style":"default","site-sidebar-style":"default","ast-global-header-display":"","ast-banner-title-visibility":"","ast-main-header-display":"","ast-hfb-above-header-display":"","ast-hfb-below-header-display":"","ast-hfb-mobile-header-display":"","site-post-title":"disabled","ast-breadcrumbs-content":"","ast-featured-img":"disabled","footer-sml-layout":"","theme-transparent-header-meta":"","adv-header-id-meta":"","stick-header-meta":"","header-above-stick-meta":"","header-main-stick-meta":"","header-below-stick-meta":"","astra-migrate-meta-layouts":"","footnotes":""},"class_list":["post-6005","page","type-page","status-publish","hentry"],"uagb_featured_image_src":{"full":false,"thumbnail":false,"medium":false,"medium_large":false,"large":false,"1536x1536":false,"2048x2048":false,"trp-custom-language-flag":false},"uagb_author_info":{"display_name":"LORI","author_link":"https:\/\/lori.hr\/en\/author\/ikenji\/"},"uagb_comment_info":0,"uagb_excerpt":"Sla\u0111ana Boji\u0107 Andri\u0107 psihologinja \u00a0 Ostale informacije Iskustvo u savjetovanju\/psihoterapiji:\u00a0DA Primarna podru\u010dja rada:\u00a0zdravstvena i organizacijska psihologija te rad s osobama tre\u0107e \u017eivotne dobi Iskustvo u radu s LGBTIQ osobama:\u00a0DA Zavr\u0161ena edukacija:\u00a0Profesorica (talijanski i \u0161panjolski i knji\u017eevnost, Filozofski fakultet Zagreb)Propedeutika psihoterapije 2022. (Bernays, Zagreb) Edukacija u tijeku:\u00a0Gestalt psihoterapija, IGW centar Centar, 2015 -2020, apsolvent(nedostaje samo diplomski&hellip;","_links":{"self":[{"href":"https:\/\/lori.hr\/en\/wp-json\/wp\/v2\/pages\/6005","targetHints":{"allow":["GET"]}}],"collection":[{"href":"https:\/\/lori.hr\/en\/wp-json\/wp\/v2\/pages"}],"about":[{"href":"https:\/\/lori.hr\/en\/wp-json\/wp\/v2\/types\/page"}],"author":[{"embeddable":true,"href":"https:\/\/lori.hr\/en\/wp-json\/wp\/v2\/users\/1"}],"replies":[{"embeddable":true,"href":"https:\/\/lori.hr\/en\/wp-json\/wp\/v2\/comments?post=6005"}],"version-history":[{"count":4,"href":"https:\/\/lori.hr\/en\/wp-json\/wp\/v2\/pages\/6005\/revisions"}],"predecessor-version":[{"id":6009,"href":"https:\/\/lori.hr\/en\/wp-json\/wp\/v2\/pages\/6005\/revisions\/6009"}],"wp:attachment":[{"href":"https:\/\/lori.hr\/en\/wp-json\/wp\/v2\/media?parent=6005"}],"curies":[{"name":"wp","href":"https:\/\/api.w.org\/{rel}","templated":true}]}}