{"id":6015,"date":"2023-04-22T20:31:33","date_gmt":"2023-04-22T18:31:33","guid":{"rendered":"https:\/\/lori.hr\/?page_id=6015"},"modified":"2023-04-22T20:32:42","modified_gmt":"2023-04-22T18:32:42","slug":"mina-dordevic","status":"publish","type":"page","link":"https:\/\/lori.hr\/en\/mina-dordevic\/","title":{"rendered":"Mina \u0110or\u0111evi\u0107"},"content":{"rendered":"<div data-elementor-type=\"wp-page\" data-elementor-id=\"6015\" class=\"elementor elementor-6015\" data-elementor-post-type=\"page\">\n\t\t\t\t<div class=\"elementor-element elementor-element-44f33c27 navboja e-flex e-con-boxed e-con e-parent\" data-id=\"44f33c27\" data-element_type=\"container\" data-settings=\"{&quot;background_background&quot;:&quot;classic&quot;}\">\n\t\t\t\t\t<div class=\"e-con-inner\">\n\t\t\t\t<div class=\"elementor-element elementor-element-29c2e1c9 elementor-widget elementor-widget-spacer\" data-id=\"29c2e1c9\" data-element_type=\"widget\" data-widget_type=\"spacer.default\">\n\t\t\t\t\t\t\t<div class=\"elementor-spacer\">\n\t\t\t<div class=\"elementor-spacer-inner\"><\/div>\n\t\t<\/div>\n\t\t\t\t\t\t<\/div>\n\t\t\t\t\t<\/div>\n\t\t\t\t<\/div>\n\t\t<div class=\"elementor-element elementor-element-2a12a0e e-flex e-con-boxed e-con e-parent\" data-id=\"2a12a0e\" data-element_type=\"container\">\n\t\t\t\t\t<div class=\"e-con-inner\">\n\t\t\t\t<div class=\"elementor-element elementor-element-7faf8409 elementor-widget elementor-widget-spacer\" data-id=\"7faf8409\" data-element_type=\"widget\" data-widget_type=\"spacer.default\">\n\t\t\t\t\t\t\t<div class=\"elementor-spacer\">\n\t\t\t<div class=\"elementor-spacer-inner\"><\/div>\n\t\t<\/div>\n\t\t\t\t\t\t<\/div>\n\t\t\t\t<div class=\"elementor-element elementor-element-22889743 elementor-widget elementor-widget-heading\" data-id=\"22889743\" data-element_type=\"widget\" data-widget_type=\"heading.default\">\n\t\t\t\t\t<h1 class=\"elementor-heading-title elementor-size-xl\">Mina \u0110or\u0111evi\u0107<\/h1>\t\t\t\t<\/div>\n\t\t\t\t<div class=\"elementor-element elementor-element-7d113b9d elementor-widget-divider--view-line elementor-widget elementor-widget-divider\" data-id=\"7d113b9d\" data-element_type=\"widget\" data-widget_type=\"divider.default\">\n\t\t\t\t\t\t\t<div class=\"elementor-divider\">\n\t\t\t<span class=\"elementor-divider-separator\">\n\t\t\t\t\t\t<\/span>\n\t\t<\/div>\n\t\t\t\t\t\t<\/div>\n\t\t\t\t\t<\/div>\n\t\t\t\t<\/div>\n\t\t<div class=\"elementor-element elementor-element-560099c2 e-flex e-con-boxed e-con e-parent\" data-id=\"560099c2\" data-element_type=\"container\">\n\t\t\t\t\t<div class=\"e-con-inner\">\n\t\t<div class=\"elementor-element elementor-element-2e8acc3d e-con-full e-flex e-con e-parent\" data-id=\"2e8acc3d\" data-element_type=\"container\">\n\t\t\t\t<div class=\"elementor-element elementor-element-f6fada elementor-widget elementor-widget-text-editor\" data-id=\"f6fada\" data-element_type=\"widget\" data-widget_type=\"text-editor.default\">\n\t\t\t\t\t\t\t\t\t<h3 class=\"subtitle\">psihologinja<\/h3><div class=\"address\">\u00a0<\/div><div class=\"contact\"><h3><span style=\"font-size: 1.5em; font-weight: bold;\">Other information<\/span><\/h3><\/div><p>Iskustvo u savjetovanju\/psihoterapiji:\u00a0<strong>DA<\/strong><br \/><br \/>Primarna podru\u010dja rada:\u00a0<strong>klini\u010dka psihologija<\/strong><br \/><br \/>Iskustvo u radu s LGBTIQ osobama:\u00a0<strong>DA<\/strong><br \/><br \/>Zavr\u0161ena edukacija:<\/p><p><strong>Zavr\u0161en preddiplomski i diplomski studij psihologije na Filozofskom fakultetu Sveu\u010dili\u0161ta u Zagrebu.<\/strong><br \/><strong>Zavr\u0161ena edukacija iz kognitivno bihevioralne terapije pri HUBIKOT-u.<\/strong><br \/><strong>Zavr\u0161eni kra\u0107i te\u010dajevi iz Acceptance and commitment therapy (ACT) and Compassion-focused therapy (CFT).<\/strong><\/p><p>https:\/\/minadordevic.weebly.com\/o-meni.html<\/p><p>Dodatne edukacije ili vje\u0161tine:\u00a0<strong>Shema terapija.<\/strong><\/p>\t\t\t\t\t\t\t\t<\/div>\n\t\t\t\t<\/div>\n\t\t<div class=\"elementor-element elementor-element-5a7626dd e-con-full e-flex e-con e-parent\" data-id=\"5a7626dd\" data-element_type=\"container\" data-settings=\"{&quot;background_background&quot;:&quot;classic&quot;}\">\n\t\t\t\t<div class=\"elementor-element elementor-element-10e36012 elementor-widget elementor-widget-spacer\" data-id=\"10e36012\" data-element_type=\"widget\" data-widget_type=\"spacer.default\">\n\t\t\t\t\t\t\t<div class=\"elementor-spacer\">\n\t\t\t<div class=\"elementor-spacer-inner\"><\/div>\n\t\t<\/div>\n\t\t\t\t\t\t<\/div>\n\t\t\t\t<div class=\"elementor-element elementor-element-4099f45b elementor-widget elementor-widget-heading\" data-id=\"4099f45b\" data-element_type=\"widget\" data-widget_type=\"heading.default\">\n\t\t\t\t\t<h2 class=\"elementor-heading-title elementor-size-default\">Contact:<\/h2>\t\t\t\t<\/div>\n\t\t\t\t<div class=\"elementor-element elementor-element-1a21a3c5 elementor-widget elementor-widget-text-editor\" data-id=\"1a21a3c5\" data-element_type=\"widget\" data-widget_type=\"text-editor.default\">\n\t\t\t\t\t\t\t\t\t<div class=\"address\"><h3>Adresa<\/h3><p>Zagreb<br \/>10000<\/p><\/div><div class=\"contact\"><h3>Contact us<\/h3><p><span id=\"cloak81026\">E-mail: mina_djordjevic@yahoo.co.uk<\/span><\/p><p>Mob. <span id=\"eeb-866687-232822\"><\/span><script type=\"text\/javascript\">(function() {var ml=\"%16025-F93\",mi=\"38104781269584\",o=\"\";for(var j=0,l=mi.length;j<l;j++) {o+=ml.charAt(mi.charCodeAt(j)-48);}document.getElementById(\"eeb-866687-232822\").innerHTML = decodeURIComponent(o);}());<\/script><noscript>*protected email*<\/noscript><\/p><\/div>\t\t\t\t\t\t\t\t<\/div>\n\t\t\t\t<\/div>\n\t\t\t\t\t<\/div>\n\t\t\t\t<\/div>\n\t\t<div class=\"elementor-element elementor-element-60b24641 e-flex e-con-boxed e-con e-parent\" data-id=\"60b24641\" data-element_type=\"container\" data-settings=\"{&quot;background_background&quot;:&quot;classic&quot;}\">\n\t\t\t\t\t<div class=\"e-con-inner\">\n\t\t<div class=\"elementor-element elementor-element-3ffa5fef e-con-full e-flex e-con e-parent\" data-id=\"3ffa5fef\" data-element_type=\"container\">\n\t\t\t\t<div class=\"elementor-element elementor-element-9c9489f elementor-widget elementor-widget-spacer\" data-id=\"9c9489f\" data-element_type=\"widget\" data-widget_type=\"spacer.default\">\n\t\t\t\t\t\t\t<div class=\"elementor-spacer\">\n\t\t\t<div class=\"elementor-spacer-inner\"><\/div>\n\t\t<\/div>\n\t\t\t\t\t\t<\/div>\n\t\t\t\t<\/div>\n\t\t\t\t\t<\/div>\n\t\t\t\t<\/div>\n\t\t\t\t<\/div>","protected":false},"excerpt":{"rendered":"<p>Mina \u0110or\u0111evi\u0107 psihologinja \u00a0 Ostale informacije Iskustvo u savjetovanju\/psihoterapiji:\u00a0DA Primarna podru\u010dja rada:\u00a0klini\u010dka psihologija Iskustvo u radu s LGBTIQ osobama:\u00a0DA Zavr\u0161ena edukacija: Zavr\u0161en preddiplomski i diplomski studij psihologije na Filozofskom fakultetu Sveu\u010dili\u0161ta u Zagrebu.Zavr\u0161ena edukacija iz kognitivno bihevioralne terapije pri HUBIKOT-u.Zavr\u0161eni kra\u0107i te\u010dajevi iz Acceptance and commitment therapy (ACT) and Compassion-focused therapy (CFT). https:\/\/minadordevic.weebly.com\/o-meni.html Dodatne edukacije &hellip;<\/p>\n<p class=\"read-more\"> <a class=\"\" href=\"https:\/\/lori.hr\/en\/mina-dordevic\/\"> <span class=\"screen-reader-text\">Mina \u0110or\u0111evi\u0107<\/span> Read More \u00bb<\/a><\/p>","protected":false},"author":1,"featured_media":0,"parent":0,"menu_order":0,"comment_status":"closed","ping_status":"closed","template":"","meta":{"_uag_custom_page_level_css":"","site-sidebar-layout":"no-sidebar","site-content-layout":"page-builder","ast-site-content-layout":"","site-content-style":"default","site-sidebar-style":"default","ast-global-header-display":"","ast-banner-title-visibility":"","ast-main-header-display":"","ast-hfb-above-header-display":"","ast-hfb-below-header-display":"","ast-hfb-mobile-header-display":"","site-post-title":"disabled","ast-breadcrumbs-content":"","ast-featured-img":"disabled","footer-sml-layout":"","theme-transparent-header-meta":"","adv-header-id-meta":"","stick-header-meta":"","header-above-stick-meta":"","header-main-stick-meta":"","header-below-stick-meta":"","astra-migrate-meta-layouts":"","footnotes":""},"class_list":["post-6015","page","type-page","status-publish","hentry"],"uagb_featured_image_src":{"full":false,"thumbnail":false,"medium":false,"medium_large":false,"large":false,"1536x1536":false,"2048x2048":false,"trp-custom-language-flag":false},"uagb_author_info":{"display_name":"LORI","author_link":"https:\/\/lori.hr\/en\/author\/ikenji\/"},"uagb_comment_info":0,"uagb_excerpt":"Mina \u0110or\u0111evi\u0107 psihologinja \u00a0 Ostale informacije Iskustvo u savjetovanju\/psihoterapiji:\u00a0DA Primarna podru\u010dja rada:\u00a0klini\u010dka psihologija Iskustvo u radu s LGBTIQ osobama:\u00a0DA Zavr\u0161ena edukacija: Zavr\u0161en preddiplomski i diplomski studij psihologije na Filozofskom fakultetu Sveu\u010dili\u0161ta u Zagrebu.Zavr\u0161ena edukacija iz kognitivno bihevioralne terapije pri HUBIKOT-u.Zavr\u0161eni kra\u0107i te\u010dajevi iz Acceptance and commitment therapy (ACT) and Compassion-focused therapy (CFT). https:\/\/minadordevic.weebly.com\/o-meni.html Dodatne edukacije&hellip;","_links":{"self":[{"href":"https:\/\/lori.hr\/en\/wp-json\/wp\/v2\/pages\/6015","targetHints":{"allow":["GET"]}}],"collection":[{"href":"https:\/\/lori.hr\/en\/wp-json\/wp\/v2\/pages"}],"about":[{"href":"https:\/\/lori.hr\/en\/wp-json\/wp\/v2\/types\/page"}],"author":[{"embeddable":true,"href":"https:\/\/lori.hr\/en\/wp-json\/wp\/v2\/users\/1"}],"replies":[{"embeddable":true,"href":"https:\/\/lori.hr\/en\/wp-json\/wp\/v2\/comments?post=6015"}],"version-history":[{"count":4,"href":"https:\/\/lori.hr\/en\/wp-json\/wp\/v2\/pages\/6015\/revisions"}],"predecessor-version":[{"id":6020,"href":"https:\/\/lori.hr\/en\/wp-json\/wp\/v2\/pages\/6015\/revisions\/6020"}],"wp:attachment":[{"href":"https:\/\/lori.hr\/en\/wp-json\/wp\/v2\/media?parent=6015"}],"curies":[{"name":"wp","href":"https:\/\/api.w.org\/{rel}","templated":true}]}}