{"id":6160,"date":"2023-04-23T10:56:17","date_gmt":"2023-04-23T08:56:17","guid":{"rendered":"https:\/\/lori.hr\/?page_id=6160"},"modified":"2023-04-23T10:58:20","modified_gmt":"2023-04-23T08:58:20","slug":"drugacije-drustvo-je-moguce","status":"publish","type":"page","link":"https:\/\/lori.hr\/en\/drugacije-drustvo-je-moguce\/","title":{"rendered":"Druga\u010dije dru\u0161tvo je mogu\u0107e: ujedinjeni\/e za LGBT ravnopravnost"},"content":{"rendered":"<div data-elementor-type=\"wp-page\" data-elementor-id=\"6160\" class=\"elementor elementor-6160\" data-elementor-post-type=\"page\">\n\t\t\t\t<div class=\"elementor-element elementor-element-52d9b1a navboja e-flex e-con-boxed e-con e-parent\" data-id=\"52d9b1a\" data-element_type=\"container\" data-settings=\"{&quot;background_background&quot;:&quot;classic&quot;}\">\n\t\t\t\t\t<div class=\"e-con-inner\">\n\t\t\t\t<div class=\"elementor-element elementor-element-55bf574 elementor-widget elementor-widget-spacer\" data-id=\"55bf574\" data-element_type=\"widget\" data-widget_type=\"spacer.default\">\n\t\t\t\t\t\t\t<div class=\"elementor-spacer\">\n\t\t\t<div class=\"elementor-spacer-inner\"><\/div>\n\t\t<\/div>\n\t\t\t\t\t\t<\/div>\n\t\t\t\t\t<\/div>\n\t\t\t\t<\/div>\n\t\t<div class=\"elementor-element elementor-element-cc6782f e-flex e-con-boxed e-con e-parent\" data-id=\"cc6782f\" data-element_type=\"container\">\n\t\t\t\t\t<div class=\"e-con-inner\">\n\t\t\t\t<div class=\"elementor-element elementor-element-1dbf666 elementor-widget elementor-widget-spacer\" data-id=\"1dbf666\" data-element_type=\"widget\" data-widget_type=\"spacer.default\">\n\t\t\t\t\t\t\t<div class=\"elementor-spacer\">\n\t\t\t<div class=\"elementor-spacer-inner\"><\/div>\n\t\t<\/div>\n\t\t\t\t\t\t<\/div>\n\t\t\t\t<div class=\"elementor-element elementor-element-081303b elementor-widget elementor-widget-heading\" data-id=\"081303b\" data-element_type=\"widget\" data-widget_type=\"heading.default\">\n\t\t\t\t\t<h1 class=\"elementor-heading-title elementor-size-default\">Druga\u010dije dru\u0161tvo je mogu\u0107e: ujedinjeni\/e za LGBT ravnopravnost<\/h1>\t\t\t\t<\/div>\n\t\t\t\t<div class=\"elementor-element elementor-element-6578d2e elementor-widget-divider--view-line elementor-widget elementor-widget-divider\" data-id=\"6578d2e\" data-element_type=\"widget\" data-widget_type=\"divider.default\">\n\t\t\t\t\t\t\t<div class=\"elementor-divider\">\n\t\t\t<span class=\"elementor-divider-separator\">\n\t\t\t\t\t\t<\/span>\n\t\t<\/div>\n\t\t\t\t\t\t<\/div>\n\t\t\t\t<div class=\"elementor-element elementor-element-7affb02 elementor-widget elementor-widget-spacer\" data-id=\"7affb02\" data-element_type=\"widget\" data-widget_type=\"spacer.default\">\n\t\t\t\t\t\t\t<div class=\"elementor-spacer\">\n\t\t\t<div class=\"elementor-spacer-inner\"><\/div>\n\t\t<\/div>\n\t\t\t\t\t\t<\/div>\n\t\t\t\t\t<\/div>\n\t\t\t\t<\/div>\n\t\t<div class=\"elementor-element elementor-element-65feafc e-flex e-con-boxed e-con e-parent\" data-id=\"65feafc\" data-element_type=\"container\">\n\t\t\t\t\t<div class=\"e-con-inner\">\n\t\t\t\t<div class=\"elementor-element elementor-element-5429b99 elementor-grid-1 elementor-posts--thumbnail-top elementor-grid-tablet-2 elementor-grid-mobile-1 elementor-widget elementor-widget-posts\" data-id=\"5429b99\" data-element_type=\"widget\" data-settings=\"{&quot;custom_columns&quot;:&quot;1&quot;,&quot;custom_columns_tablet&quot;:&quot;2&quot;,&quot;custom_columns_mobile&quot;:&quot;1&quot;,&quot;custom_row_gap&quot;:{&quot;unit&quot;:&quot;px&quot;,&quot;size&quot;:35,&quot;sizes&quot;:[]},&quot;custom_row_gap_tablet&quot;:{&quot;unit&quot;:&quot;px&quot;,&quot;size&quot;:&quot;&quot;,&quot;sizes&quot;:[]},&quot;custom_row_gap_mobile&quot;:{&quot;unit&quot;:&quot;px&quot;,&quot;size&quot;:&quot;&quot;,&quot;sizes&quot;:[]}}\" data-widget_type=\"posts.custom\">\n\t\t\t\t<div class=\"elementor-widget-container\">\n\t\t\t\t\t      <div class=\"ecs-posts elementor-posts-container elementor-posts   elementor-grid elementor-posts--skin-custom\" data-settings=\"{&quot;current_page&quot;:1,&quot;max_num_pages&quot;:1,&quot;load_method&quot;:&quot;&quot;,&quot;widget_id&quot;:&quot;5429b99&quot;,&quot;post_id&quot;:6160,&quot;theme_id&quot;:6160,&quot;change_url&quot;:false,&quot;reinit_js&quot;:false}\">\n      \t\t<article id=\"post-6151\" class=\"elementor-post elementor-grid-item ecs-post-loop post-6151 post type-post status-publish format-standard has-post-thumbnail hentry category-drugacije-drustvo-je-moguce category-projekti\">\n\t\t\t\t<div data-elementor-type=\"loop\" data-elementor-id=\"2040\" class=\"elementor elementor-2040 post-6151 post type-post status-publish format-standard has-post-thumbnail hentry category-drugacije-drustvo-je-moguce category-projekti ast-article-single\" data-elementor-post-type=\"elementor_library\">\n\t\t\t<div class=\"elementor-element elementor-element-5c3275a e-flex e-con-boxed e-con e-parent\" data-id=\"5c3275a\" data-element_type=\"container\">\n\t\t\t\t\t<div class=\"e-con-inner\">\n\t\t<div class=\"elementor-element elementor-element-0494139 e-con-full e-flex e-con e-parent\" data-id=\"0494139\" data-element_type=\"container\">\n\t\t\t\t<div class=\"elementor-element elementor-element-d65a9ff elementor-widget elementor-widget-theme-post-featured-image elementor-widget-image\" data-id=\"d65a9ff\" data-element_type=\"widget\" data-widget_type=\"theme-post-featured-image.default\">\n\t\t\t\t\t\t\t\t\t\t\t\t\t\t\t\t<a href=\"https:\/\/lori.hr\/en\/drugacije-drustvo-je-moguce-info\/\">\n\t\t\t\t\t\t\t<img fetchpriority=\"high\" decoding=\"async\" width=\"768\" height=\"512\" src=\"https:\/\/lori.hr\/wp-content\/uploads\/2023\/03\/Drugacije_drustvo-768x512.jpg\" class=\"attachment-medium_large size-medium_large wp-image-3003\" alt=\"\" srcset=\"https:\/\/lori.hr\/wp-content\/uploads\/2023\/03\/Drugacije_drustvo-768x512.jpg 768w, https:\/\/lori.hr\/wp-content\/uploads\/2023\/03\/Drugacije_drustvo-300x200.jpg 300w, https:\/\/lori.hr\/wp-content\/uploads\/2023\/03\/Drugacije_drustvo-1024x683.jpg 1024w, https:\/\/lori.hr\/wp-content\/uploads\/2023\/03\/Drugacije_drustvo-1536x1024.jpg 1536w, https:\/\/lori.hr\/wp-content\/uploads\/2023\/03\/Drugacije_drustvo-2048x1366.jpg 2048w\" sizes=\"(max-width: 768px) 100vw, 768px\" \/>\t\t\t\t\t\t\t\t<\/a>\n\t\t\t\t\t\t\t\t\t\t\t\t\t\t\t<\/div>\n\t\t\t\t<\/div>\n\t\t<div class=\"elementor-element elementor-element-368f4cd e-con-full e-flex e-con e-parent\" data-id=\"368f4cd\" data-element_type=\"container\">\n\t\t\t\t<div class=\"elementor-element elementor-element-6db2fbb elementor-widget elementor-widget-text-editor\" data-id=\"6db2fbb\" data-element_type=\"widget\" data-widget_type=\"text-editor.default\">\n\t\t\t\t\t\t\t\t\t<a href=\"https:\/\/lori.hr\/en\/category\/drugacije-drustvo-je-moguce\/\" rel=\"tag\">Druga\u010dije dru\u0161tvo je mogu\u0107e<\/a>, <a href=\"https:\/\/lori.hr\/en\/category\/projekti\/\" rel=\"tag\">Projects<\/a>\t\t\t\t\t\t\t\t<\/div>\n\t\t\t\t<div class=\"elementor-element elementor-element-d83a0f6 elementor-widget elementor-widget-heading\" data-id=\"d83a0f6\" data-element_type=\"widget\" data-widget_type=\"heading.default\">\n\t\t\t\t\t<h2 class=\"elementor-heading-title elementor-size-default\"><a href=\"https:\/\/lori.hr\/en\/drugacije-drustvo-je-moguce-info\/\">Druga\u010dije dru\u0161tvo je mogu\u0107e: ujedinjeni\/e za LGBT ravnopravnost<\/a><\/h2>\t\t\t\t<\/div>\n\t\t\t\t<div class=\"elementor-element elementor-element-069c166 elementor-widget elementor-widget-text-editor\" data-id=\"069c166\" data-element_type=\"widget\" data-widget_type=\"text-editor.default\">\n\t\t\t\t\t\t\t\t\tNositelj projekta:&nbsp;Zagreb PridePartneri na projektu:&nbsp;Lezbijska organizacija LORI Rijeka, Domino-Queer Zagreb, Queer Sport Split Projekt kojeg financira Europska komisija kroz Europski instrument za demokraciju i ljudska prava (EIDHR) ti\u010de se izgradnje kapaciteta nevladinih organizacija koje se bave za\u0161titom i\t\t\t\t\t\t\t\t<\/div>\n\t\t\t\t<div class=\"elementor-element elementor-element-e877166 elementor-widget elementor-widget-button\" data-id=\"e877166\" data-element_type=\"widget\" data-widget_type=\"button.default\">\n\t\t\t\t\t\t\t\t\t\t<a class=\"elementor-button elementor-button-link elementor-size-xs\" href=\"https:\/\/lori.hr\/en\/drugacije-drustvo-je-moguce-info\/\">\n\t\t\t\t\t\t<span class=\"elementor-button-content-wrapper\">\n\t\t\t\t\t\t\t\t\t<span class=\"elementor-button-text\">Read more<\/span>\n\t\t\t\t\t<\/span>\n\t\t\t\t\t<\/a>\n\t\t\t\t\t\t\t\t<\/div>\n\t\t\t\t<\/div>\n\t\t\t\t\t<\/div>\n\t\t\t\t<\/div>\n\t\t\t\t<\/div>\n\t\t\t\t<\/article>\n\t\t\t\t<article id=\"post-8539\" class=\"elementor-post elementor-grid-item ecs-post-loop post-8539 post type-post status-publish format-standard has-post-thumbnail hentry category-drugacije-drustvo-je-moguce category-projekti\">\n\t\t\t\t<div data-elementor-type=\"loop\" data-elementor-id=\"2040\" class=\"elementor elementor-2040 post-8539 post type-post status-publish format-standard has-post-thumbnail hentry category-drugacije-drustvo-je-moguce category-projekti ast-article-single\" data-elementor-post-type=\"elementor_library\">\n\t\t\t<div class=\"elementor-element elementor-element-5c3275a e-flex e-con-boxed e-con e-parent\" data-id=\"5c3275a\" data-element_type=\"container\">\n\t\t\t\t\t<div class=\"e-con-inner\">\n\t\t<div class=\"elementor-element elementor-element-0494139 e-con-full e-flex e-con e-parent\" data-id=\"0494139\" data-element_type=\"container\">\n\t\t\t\t<div class=\"elementor-element elementor-element-d65a9ff elementor-widget elementor-widget-theme-post-featured-image elementor-widget-image\" data-id=\"d65a9ff\" data-element_type=\"widget\" data-widget_type=\"theme-post-featured-image.default\">\n\t\t\t\t\t\t\t\t\t\t\t\t\t\t\t\t<a href=\"https:\/\/lori.hr\/en\/poziv-za-sudjelovanje-u-istrazivanju\/\">\n\t\t\t\t\t\t\t<img decoding=\"async\" width=\"320\" height=\"179\" src=\"https:\/\/lori.hr\/wp-content\/uploads\/2023\/06\/Istrazivanje1.jpg\" class=\"attachment-medium_large size-medium_large wp-image-8540\" alt=\"\" srcset=\"https:\/\/lori.hr\/wp-content\/uploads\/2023\/06\/Istrazivanje1.jpg 320w, https:\/\/lori.hr\/wp-content\/uploads\/2023\/06\/Istrazivanje1-300x168.jpg 300w, https:\/\/lori.hr\/wp-content\/uploads\/2023\/06\/Istrazivanje1-150x84.jpg 150w, https:\/\/lori.hr\/wp-content\/uploads\/2023\/06\/Istrazivanje1-18x10.jpg 18w\" sizes=\"(max-width: 320px) 100vw, 320px\" \/>\t\t\t\t\t\t\t\t<\/a>\n\t\t\t\t\t\t\t\t\t\t\t\t\t\t\t<\/div>\n\t\t\t\t<\/div>\n\t\t<div class=\"elementor-element elementor-element-368f4cd e-con-full e-flex e-con e-parent\" data-id=\"368f4cd\" data-element_type=\"container\">\n\t\t\t\t<div class=\"elementor-element elementor-element-6db2fbb elementor-widget elementor-widget-text-editor\" data-id=\"6db2fbb\" data-element_type=\"widget\" data-widget_type=\"text-editor.default\">\n\t\t\t\t\t\t\t\t\t<a href=\"https:\/\/lori.hr\/en\/category\/drugacije-drustvo-je-moguce\/\" rel=\"tag\">Druga\u010dije dru\u0161tvo je mogu\u0107e<\/a>, <a href=\"https:\/\/lori.hr\/en\/category\/projekti\/\" rel=\"tag\">Projects<\/a>\t\t\t\t\t\t\t\t<\/div>\n\t\t\t\t<div class=\"elementor-element elementor-element-d83a0f6 elementor-widget elementor-widget-heading\" data-id=\"d83a0f6\" data-element_type=\"widget\" data-widget_type=\"heading.default\">\n\t\t\t\t\t<h2 class=\"elementor-heading-title elementor-size-default\"><a href=\"https:\/\/lori.hr\/en\/poziv-za-sudjelovanje-u-istrazivanju\/\">VA\u017dNO: POZIV za sudjelovanje u istra\u017eivanju!<\/a><\/h2>\t\t\t\t<\/div>\n\t\t\t\t<div class=\"elementor-element elementor-element-069c166 elementor-widget elementor-widget-text-editor\" data-id=\"069c166\" data-element_type=\"widget\" data-widget_type=\"text-editor.default\">\n\t\t\t\t\t\t\t\t\tZagreb Pride, u suradnji s Lezbijskom organizacijom Rijeka LORI, Queer Sportom Split i Queer Zagrebom, provodi istra\u017eivanje o zlo\u010dinu iz mr\u017enje i nasilju&nbsp; protiv lezbijki, gejeva, biseksualnih, transrodnih, transeksualnih, interspolnih i queer osoba (LGBTIQ) koje su \u017eivjele ili\t\t\t\t\t\t\t\t<\/div>\n\t\t\t\t<div class=\"elementor-element elementor-element-e877166 elementor-widget elementor-widget-button\" data-id=\"e877166\" data-element_type=\"widget\" data-widget_type=\"button.default\">\n\t\t\t\t\t\t\t\t\t\t<a class=\"elementor-button elementor-button-link elementor-size-xs\" href=\"https:\/\/lori.hr\/en\/poziv-za-sudjelovanje-u-istrazivanju\/\">\n\t\t\t\t\t\t<span class=\"elementor-button-content-wrapper\">\n\t\t\t\t\t\t\t\t\t<span class=\"elementor-button-text\">Read more<\/span>\n\t\t\t\t\t<\/span>\n\t\t\t\t\t<\/a>\n\t\t\t\t\t\t\t\t<\/div>\n\t\t\t\t<\/div>\n\t\t\t\t\t<\/div>\n\t\t\t\t<\/div>\n\t\t\t\t<\/div>\n\t\t\t\t<\/article>\n\t\t\t\t<article id=\"post-8420\" class=\"elementor-post elementor-grid-item ecs-post-loop post-8420 post type-post status-publish format-standard has-post-thumbnail hentry category-drugacije-drustvo-je-moguce category-projekti category-vijesti\">\n\t\t\t\t<div data-elementor-type=\"loop\" data-elementor-id=\"2040\" class=\"elementor elementor-2040 post-8420 post type-post status-publish format-standard has-post-thumbnail hentry category-drugacije-drustvo-je-moguce category-projekti category-vijesti ast-article-single\" data-elementor-post-type=\"elementor_library\">\n\t\t\t<div class=\"elementor-element elementor-element-5c3275a e-flex e-con-boxed e-con e-parent\" data-id=\"5c3275a\" data-element_type=\"container\">\n\t\t\t\t\t<div class=\"e-con-inner\">\n\t\t<div class=\"elementor-element elementor-element-0494139 e-con-full e-flex e-con e-parent\" data-id=\"0494139\" data-element_type=\"container\">\n\t\t\t\t<div class=\"elementor-element elementor-element-d65a9ff elementor-widget elementor-widget-theme-post-featured-image elementor-widget-image\" data-id=\"d65a9ff\" data-element_type=\"widget\" data-widget_type=\"theme-post-featured-image.default\">\n\t\t\t\t\t\t\t\t\t\t\t\t\t\t\t\t<a href=\"https:\/\/lori.hr\/en\/izvjestaj-s-predavanja-ustavnopravno-nacelo-jednakosti\/\">\n\t\t\t\t\t\t\t<img decoding=\"async\" width=\"650\" height=\"350\" src=\"https:\/\/lori.hr\/wp-content\/uploads\/2023\/06\/predavanje-vijecnicajpg.jpg\" class=\"attachment-medium_large size-medium_large wp-image-8429\" alt=\"\" srcset=\"https:\/\/lori.hr\/wp-content\/uploads\/2023\/06\/predavanje-vijecnicajpg.jpg 650w, https:\/\/lori.hr\/wp-content\/uploads\/2023\/06\/predavanje-vijecnicajpg-300x162.jpg 300w, https:\/\/lori.hr\/wp-content\/uploads\/2023\/06\/predavanje-vijecnicajpg-150x81.jpg 150w, https:\/\/lori.hr\/wp-content\/uploads\/2023\/06\/predavanje-vijecnicajpg-18x10.jpg 18w\" sizes=\"(max-width: 650px) 100vw, 650px\" \/>\t\t\t\t\t\t\t\t<\/a>\n\t\t\t\t\t\t\t\t\t\t\t\t\t\t\t<\/div>\n\t\t\t\t<\/div>\n\t\t<div class=\"elementor-element elementor-element-368f4cd e-con-full e-flex e-con e-parent\" data-id=\"368f4cd\" data-element_type=\"container\">\n\t\t\t\t<div class=\"elementor-element elementor-element-6db2fbb elementor-widget elementor-widget-text-editor\" data-id=\"6db2fbb\" data-element_type=\"widget\" data-widget_type=\"text-editor.default\">\n\t\t\t\t\t\t\t\t\t<a href=\"https:\/\/lori.hr\/en\/category\/drugacije-drustvo-je-moguce\/\" rel=\"tag\">Druga\u010dije dru\u0161tvo je mogu\u0107e<\/a>, <a href=\"https:\/\/lori.hr\/en\/category\/projekti\/\" rel=\"tag\">Projects<\/a>, <a href=\"https:\/\/lori.hr\/en\/category\/vijesti\/\" rel=\"tag\">News<\/a>\t\t\t\t\t\t\t\t<\/div>\n\t\t\t\t<div class=\"elementor-element elementor-element-d83a0f6 elementor-widget elementor-widget-heading\" data-id=\"d83a0f6\" data-element_type=\"widget\" data-widget_type=\"heading.default\">\n\t\t\t\t\t<h2 class=\"elementor-heading-title elementor-size-default\"><a href=\"https:\/\/lori.hr\/en\/izvjestaj-s-predavanja-ustavnopravno-nacelo-jednakosti\/\">Izvje\u0161taj s predavanja &#8211;\u00a0Ustavnopravno na\u010delo jednakosti i pravno ure\u0111enje istospolnih zajednica<\/a><\/h2>\t\t\t\t<\/div>\n\t\t\t\t<div class=\"elementor-element elementor-element-069c166 elementor-widget elementor-widget-text-editor\" data-id=\"069c166\" data-element_type=\"widget\" data-widget_type=\"text-editor.default\">\n\t\t\t\t\t\t\t\t\tPredavanje je odr\u017eano&nbsp;19.03.2013. u Gradskoj vije\u0107nici Grada Rijeke, s po\u010detkom u 12.30 sati. Doga\u0111aj su otvorili&nbsp;gradona\u010delnik grada Rijeke Vojko Obersnel&nbsp;i&nbsp;veleposlanica Kanade u Republici Hrvatskoj Louise LaRocque, a predava\u010di su bili&nbsp;prof. dr. sc. Sanja Bari\u0107, s Pravnog fakulteta Sveu\u010dili\u0161ta\t\t\t\t\t\t\t\t<\/div>\n\t\t\t\t<div class=\"elementor-element elementor-element-e877166 elementor-widget elementor-widget-button\" data-id=\"e877166\" data-element_type=\"widget\" data-widget_type=\"button.default\">\n\t\t\t\t\t\t\t\t\t\t<a class=\"elementor-button elementor-button-link elementor-size-xs\" href=\"https:\/\/lori.hr\/en\/izvjestaj-s-predavanja-ustavnopravno-nacelo-jednakosti\/\">\n\t\t\t\t\t\t<span class=\"elementor-button-content-wrapper\">\n\t\t\t\t\t\t\t\t\t<span class=\"elementor-button-text\">Read more<\/span>\n\t\t\t\t\t<\/span>\n\t\t\t\t\t<\/a>\n\t\t\t\t\t\t\t\t<\/div>\n\t\t\t\t<\/div>\n\t\t\t\t\t<\/div>\n\t\t\t\t<\/div>\n\t\t\t\t<\/div>\n\t\t\t\t<\/article>\n\t\t\t\t<article id=\"post-8399\" class=\"elementor-post elementor-grid-item ecs-post-loop post-8399 post type-post status-publish format-standard has-post-thumbnail hentry category-drugacije-drustvo-je-moguce category-projekti category-vijesti\">\n\t\t\t\t<div data-elementor-type=\"loop\" data-elementor-id=\"2040\" class=\"elementor elementor-2040 post-8399 post type-post status-publish format-standard has-post-thumbnail hentry category-drugacije-drustvo-je-moguce category-projekti category-vijesti ast-article-single\" data-elementor-post-type=\"elementor_library\">\n\t\t\t<div class=\"elementor-element elementor-element-5c3275a e-flex e-con-boxed e-con e-parent\" data-id=\"5c3275a\" data-element_type=\"container\">\n\t\t\t\t\t<div class=\"e-con-inner\">\n\t\t<div class=\"elementor-element elementor-element-0494139 e-con-full e-flex e-con e-parent\" data-id=\"0494139\" data-element_type=\"container\">\n\t\t\t\t<div class=\"elementor-element elementor-element-d65a9ff elementor-widget elementor-widget-theme-post-featured-image elementor-widget-image\" data-id=\"d65a9ff\" data-element_type=\"widget\" data-widget_type=\"theme-post-featured-image.default\">\n\t\t\t\t\t\t\t\t\t\t\t\t\t\t\t\t<a href=\"https:\/\/lori.hr\/en\/predavanje-rijeka-gradska-vijecnica\/\">\n\t\t\t\t\t\t\t<img loading=\"lazy\" decoding=\"async\" width=\"320\" height=\"179\" src=\"https:\/\/lori.hr\/wp-content\/uploads\/2023\/06\/Vijecnica_predavanje1.jpg\" class=\"attachment-medium_large size-medium_large wp-image-8400\" alt=\"\" srcset=\"https:\/\/lori.hr\/wp-content\/uploads\/2023\/06\/Vijecnica_predavanje1.jpg 320w, https:\/\/lori.hr\/wp-content\/uploads\/2023\/06\/Vijecnica_predavanje1-300x168.jpg 300w, https:\/\/lori.hr\/wp-content\/uploads\/2023\/06\/Vijecnica_predavanje1-150x84.jpg 150w, https:\/\/lori.hr\/wp-content\/uploads\/2023\/06\/Vijecnica_predavanje1-18x10.jpg 18w\" sizes=\"(max-width: 320px) 100vw, 320px\" \/>\t\t\t\t\t\t\t\t<\/a>\n\t\t\t\t\t\t\t\t\t\t\t\t\t\t\t<\/div>\n\t\t\t\t<\/div>\n\t\t<div class=\"elementor-element elementor-element-368f4cd e-con-full e-flex e-con e-parent\" data-id=\"368f4cd\" data-element_type=\"container\">\n\t\t\t\t<div class=\"elementor-element elementor-element-6db2fbb elementor-widget elementor-widget-text-editor\" data-id=\"6db2fbb\" data-element_type=\"widget\" data-widget_type=\"text-editor.default\">\n\t\t\t\t\t\t\t\t\t<a href=\"https:\/\/lori.hr\/en\/category\/drugacije-drustvo-je-moguce\/\" rel=\"tag\">Druga\u010dije dru\u0161tvo je mogu\u0107e<\/a>, <a href=\"https:\/\/lori.hr\/en\/category\/projekti\/\" rel=\"tag\">Projects<\/a>, <a href=\"https:\/\/lori.hr\/en\/category\/vijesti\/\" rel=\"tag\">News<\/a>\t\t\t\t\t\t\t\t<\/div>\n\t\t\t\t<div class=\"elementor-element elementor-element-d83a0f6 elementor-widget elementor-widget-heading\" data-id=\"d83a0f6\" data-element_type=\"widget\" data-widget_type=\"heading.default\">\n\t\t\t\t\t<h2 class=\"elementor-heading-title elementor-size-default\"><a href=\"https:\/\/lori.hr\/en\/predavanje-rijeka-gradska-vijecnica\/\">Poziv na predavanje, Rijeka, 19.03.13., Gradska vije\u0107nica<\/a><\/h2>\t\t\t\t<\/div>\n\t\t\t\t<div class=\"elementor-element elementor-element-069c166 elementor-widget elementor-widget-text-editor\" data-id=\"069c166\" data-element_type=\"widget\" data-widget_type=\"text-editor.default\">\n\t\t\t\t\t\t\t\t\tZadovoljstvo nam je pozvati Vas na predavanje koje \u0107e odr\u017eati prof. dr. sc. Sanja Bari\u0107&nbsp;s Pravnog fakulteta Sveu\u010dili\u0161ta u Rijeci. EUROPSKI INSTRUMENT ZA DEMOKRACIJU I LJUDSKA PRAVA \u2013&nbsp; PROJEKT &#8220;DRUGA\u010cIJE DRU\u0160TVO JE MOGU\u0106E: UJEDINJENI\/E ZA LGBT RAVNOPRAVNOST&#8221; Rijeka,\t\t\t\t\t\t\t\t<\/div>\n\t\t\t\t<div class=\"elementor-element elementor-element-e877166 elementor-widget elementor-widget-button\" data-id=\"e877166\" data-element_type=\"widget\" data-widget_type=\"button.default\">\n\t\t\t\t\t\t\t\t\t\t<a class=\"elementor-button elementor-button-link elementor-size-xs\" href=\"https:\/\/lori.hr\/en\/predavanje-rijeka-gradska-vijecnica\/\">\n\t\t\t\t\t\t<span class=\"elementor-button-content-wrapper\">\n\t\t\t\t\t\t\t\t\t<span class=\"elementor-button-text\">Read more<\/span>\n\t\t\t\t\t<\/span>\n\t\t\t\t\t<\/a>\n\t\t\t\t\t\t\t\t<\/div>\n\t\t\t\t<\/div>\n\t\t\t\t\t<\/div>\n\t\t\t\t<\/div>\n\t\t\t\t<\/div>\n\t\t\t\t<\/article>\n\t\t\t\t<\/div>\n\t\t\t\t\t\t<\/div>\n\t\t\t\t<\/div>\n\t\t\t\t\t<\/div>\n\t\t\t\t<\/div>\n\t\t<div class=\"elementor-element elementor-element-5ad97ef e-flex e-con-boxed e-con e-parent\" data-id=\"5ad97ef\" data-element_type=\"container\">\n\t\t\t\t\t<div class=\"e-con-inner\">\n\t\t\t\t<div class=\"elementor-element elementor-element-f026b07 elementor-widget elementor-widget-spacer\" data-id=\"f026b07\" data-element_type=\"widget\" data-widget_type=\"spacer.default\">\n\t\t\t\t\t\t\t<div class=\"elementor-spacer\">\n\t\t\t<div class=\"elementor-spacer-inner\"><\/div>\n\t\t<\/div>\n\t\t\t\t\t\t<\/div>\n\t\t\t\t\t<\/div>\n\t\t\t\t<\/div>\n\t\t\t\t<\/div>","protected":false},"excerpt":{"rendered":"<p>Druga\u010dije dru\u0161tvo je mogu\u0107e: ujedinjeni\/e za LGBT ravnopravnost<\/p>","protected":false},"author":1,"featured_media":0,"parent":0,"menu_order":0,"comment_status":"closed","ping_status":"closed","template":"","meta":{"_uag_custom_page_level_css":"","site-sidebar-layout":"no-sidebar","site-content-layout":"page-builder","ast-site-content-layout":"","site-content-style":"default","site-sidebar-style":"default","ast-global-header-display":"","ast-banner-title-visibility":"","ast-main-header-display":"","ast-hfb-above-header-display":"","ast-hfb-below-header-display":"","ast-hfb-mobile-header-display":"","site-post-title":"disabled","ast-breadcrumbs-content":"","ast-featured-img":"disabled","footer-sml-layout":"","theme-transparent-header-meta":"","adv-header-id-meta":"","stick-header-meta":"","header-above-stick-meta":"","header-main-stick-meta":"","header-below-stick-meta":"","astra-migrate-meta-layouts":"","footnotes":""},"class_list":["post-6160","page","type-page","status-publish","hentry"],"uagb_featured_image_src":{"full":false,"thumbnail":false,"medium":false,"medium_large":false,"large":false,"1536x1536":false,"2048x2048":false,"trp-custom-language-flag":false},"uagb_author_info":{"display_name":"LORI","author_link":"https:\/\/lori.hr\/en\/author\/ikenji\/"},"uagb_comment_info":0,"uagb_excerpt":"Druga\u010dije dru\u0161tvo je mogu\u0107e: ujedinjeni\/e za LGBT ravnopravnost","_links":{"self":[{"href":"https:\/\/lori.hr\/en\/wp-json\/wp\/v2\/pages\/6160","targetHints":{"allow":["GET"]}}],"collection":[{"href":"https:\/\/lori.hr\/en\/wp-json\/wp\/v2\/pages"}],"about":[{"href":"https:\/\/lori.hr\/en\/wp-json\/wp\/v2\/types\/page"}],"author":[{"embeddable":true,"href":"https:\/\/lori.hr\/en\/wp-json\/wp\/v2\/users\/1"}],"replies":[{"embeddable":true,"href":"https:\/\/lori.hr\/en\/wp-json\/wp\/v2\/comments?post=6160"}],"version-history":[{"count":4,"href":"https:\/\/lori.hr\/en\/wp-json\/wp\/v2\/pages\/6160\/revisions"}],"predecessor-version":[{"id":6164,"href":"https:\/\/lori.hr\/en\/wp-json\/wp\/v2\/pages\/6160\/revisions\/6164"}],"wp:attachment":[{"href":"https:\/\/lori.hr\/en\/wp-json\/wp\/v2\/media?parent=6160"}],"curies":[{"name":"wp","href":"https:\/\/api.w.org\/{rel}","templated":true}]}}