{"id":6193,"date":"2023-04-23T12:51:38","date_gmt":"2023-04-23T10:51:38","guid":{"rendered":"https:\/\/lori.hr\/?page_id=6193"},"modified":"2023-04-23T12:53:50","modified_gmt":"2023-04-23T10:53:50","slug":"izgradnja-kapaciteta","status":"publish","type":"page","link":"https:\/\/lori.hr\/en\/izgradnja-kapaciteta\/","title":{"rendered":"Izgradnja kapaciteta &#8211; edukacija aktivistkinja za uspje\u0161nu implementaciju projekata i aktivnosti organizacije"},"content":{"rendered":"<div data-elementor-type=\"wp-page\" data-elementor-id=\"6193\" class=\"elementor elementor-6193\" data-elementor-post-type=\"page\">\n\t\t\t\t<div class=\"elementor-element elementor-element-cfebd3d navboja e-flex e-con-boxed e-con e-parent\" data-id=\"cfebd3d\" data-element_type=\"container\" data-settings=\"{&quot;background_background&quot;:&quot;classic&quot;}\">\n\t\t\t\t\t<div class=\"e-con-inner\">\n\t\t\t\t<div class=\"elementor-element elementor-element-04bce40 elementor-widget elementor-widget-spacer\" data-id=\"04bce40\" data-element_type=\"widget\" data-widget_type=\"spacer.default\">\n\t\t\t\t\t\t\t<div class=\"elementor-spacer\">\n\t\t\t<div class=\"elementor-spacer-inner\"><\/div>\n\t\t<\/div>\n\t\t\t\t\t\t<\/div>\n\t\t\t\t\t<\/div>\n\t\t\t\t<\/div>\n\t\t<div class=\"elementor-element elementor-element-019a653 e-flex e-con-boxed e-con e-parent\" data-id=\"019a653\" data-element_type=\"container\">\n\t\t\t\t\t<div class=\"e-con-inner\">\n\t\t\t\t<div class=\"elementor-element elementor-element-cdb95ca elementor-widget elementor-widget-spacer\" data-id=\"cdb95ca\" data-element_type=\"widget\" data-widget_type=\"spacer.default\">\n\t\t\t\t\t\t\t<div class=\"elementor-spacer\">\n\t\t\t<div class=\"elementor-spacer-inner\"><\/div>\n\t\t<\/div>\n\t\t\t\t\t\t<\/div>\n\t\t\t\t<div class=\"elementor-element elementor-element-c878a20 elementor-widget elementor-widget-heading\" data-id=\"c878a20\" data-element_type=\"widget\" data-widget_type=\"heading.default\">\n\t\t\t\t\t<h1 class=\"elementor-heading-title elementor-size-default\">Izgradnja kapaciteta - edukacija aktivistkinja\nza uspje\u0161nu implementaciju projekata i aktivnosti organizacije<\/h1>\t\t\t\t<\/div>\n\t\t\t\t<div class=\"elementor-element elementor-element-7eb704f elementor-widget-divider--view-line elementor-widget elementor-widget-divider\" data-id=\"7eb704f\" data-element_type=\"widget\" data-widget_type=\"divider.default\">\n\t\t\t\t\t\t\t<div class=\"elementor-divider\">\n\t\t\t<span class=\"elementor-divider-separator\">\n\t\t\t\t\t\t<\/span>\n\t\t<\/div>\n\t\t\t\t\t\t<\/div>\n\t\t\t\t<div class=\"elementor-element elementor-element-678479a elementor-widget elementor-widget-spacer\" data-id=\"678479a\" data-element_type=\"widget\" data-widget_type=\"spacer.default\">\n\t\t\t\t\t\t\t<div class=\"elementor-spacer\">\n\t\t\t<div class=\"elementor-spacer-inner\"><\/div>\n\t\t<\/div>\n\t\t\t\t\t\t<\/div>\n\t\t\t\t\t<\/div>\n\t\t\t\t<\/div>\n\t\t<div class=\"elementor-element elementor-element-63676d7 e-flex e-con-boxed e-con e-parent\" data-id=\"63676d7\" data-element_type=\"container\">\n\t\t\t\t\t<div class=\"e-con-inner\">\n\t\t\t\t<div class=\"elementor-element elementor-element-1d43978 elementor-grid-1 elementor-posts--thumbnail-top elementor-grid-tablet-2 elementor-grid-mobile-1 elementor-widget elementor-widget-posts\" data-id=\"1d43978\" data-element_type=\"widget\" data-settings=\"{&quot;custom_columns&quot;:&quot;1&quot;,&quot;custom_columns_tablet&quot;:&quot;2&quot;,&quot;custom_columns_mobile&quot;:&quot;1&quot;,&quot;custom_row_gap&quot;:{&quot;unit&quot;:&quot;px&quot;,&quot;size&quot;:35,&quot;sizes&quot;:[]},&quot;custom_row_gap_tablet&quot;:{&quot;unit&quot;:&quot;px&quot;,&quot;size&quot;:&quot;&quot;,&quot;sizes&quot;:[]},&quot;custom_row_gap_mobile&quot;:{&quot;unit&quot;:&quot;px&quot;,&quot;size&quot;:&quot;&quot;,&quot;sizes&quot;:[]}}\" data-widget_type=\"posts.custom\">\n\t\t\t\t<div class=\"elementor-widget-container\">\n\t\t\t\t\t      <div class=\"ecs-posts elementor-posts-container elementor-posts   elementor-grid elementor-posts--skin-custom\" data-settings=\"{&quot;current_page&quot;:1,&quot;max_num_pages&quot;:1,&quot;load_method&quot;:&quot;&quot;,&quot;widget_id&quot;:&quot;1d43978&quot;,&quot;post_id&quot;:6193,&quot;theme_id&quot;:6193,&quot;change_url&quot;:false,&quot;reinit_js&quot;:false}\">\n      \t\t<article id=\"post-6190\" class=\"elementor-post elementor-grid-item ecs-post-loop post-6190 post type-post status-publish format-standard has-post-thumbnail hentry category-izgradnja-kapaciteta category-projekti\">\n\t\t\t\t<div data-elementor-type=\"loop\" data-elementor-id=\"2040\" class=\"elementor elementor-2040 post-6190 post type-post status-publish format-standard has-post-thumbnail hentry category-izgradnja-kapaciteta category-projekti ast-article-single\" data-elementor-post-type=\"elementor_library\">\n\t\t\t<div class=\"elementor-element elementor-element-5c3275a e-flex e-con-boxed e-con e-parent\" data-id=\"5c3275a\" data-element_type=\"container\">\n\t\t\t\t\t<div class=\"e-con-inner\">\n\t\t<div class=\"elementor-element elementor-element-0494139 e-con-full e-flex e-con e-parent\" data-id=\"0494139\" data-element_type=\"container\">\n\t\t\t\t<div class=\"elementor-element elementor-element-d65a9ff elementor-widget elementor-widget-theme-post-featured-image elementor-widget-image\" data-id=\"d65a9ff\" data-element_type=\"widget\" data-widget_type=\"theme-post-featured-image.default\">\n\t\t\t\t\t\t\t\t\t\t\t\t\t\t\t\t<a href=\"https:\/\/lori.hr\/en\/izgradnja-kapaciteta-info\/\">\n\t\t\t\t\t\t\t<img fetchpriority=\"high\" decoding=\"async\" width=\"640\" height=\"385\" src=\"https:\/\/lori.hr\/wp-content\/uploads\/2023\/04\/izgradnja_kapaciteta_tim.jpg\" class=\"attachment-medium_large size-medium_large wp-image-6191\" alt=\"\" srcset=\"https:\/\/lori.hr\/wp-content\/uploads\/2023\/04\/izgradnja_kapaciteta_tim.jpg 640w, https:\/\/lori.hr\/wp-content\/uploads\/2023\/04\/izgradnja_kapaciteta_tim-300x180.jpg 300w\" sizes=\"(max-width: 640px) 100vw, 640px\" \/>\t\t\t\t\t\t\t\t<\/a>\n\t\t\t\t\t\t\t\t\t\t\t\t\t\t\t<\/div>\n\t\t\t\t<\/div>\n\t\t<div class=\"elementor-element elementor-element-368f4cd e-con-full e-flex e-con e-parent\" data-id=\"368f4cd\" data-element_type=\"container\">\n\t\t\t\t<div class=\"elementor-element elementor-element-6db2fbb elementor-widget elementor-widget-text-editor\" data-id=\"6db2fbb\" data-element_type=\"widget\" data-widget_type=\"text-editor.default\">\n\t\t\t\t\t\t\t\t\t<a href=\"https:\/\/lori.hr\/en\/category\/izgradnja-kapaciteta\/\" rel=\"tag\">Izgradnja kapaciteta<\/a>, <a href=\"https:\/\/lori.hr\/en\/category\/projekti\/\" rel=\"tag\">Projects<\/a>\t\t\t\t\t\t\t\t<\/div>\n\t\t\t\t<div class=\"elementor-element elementor-element-d83a0f6 elementor-widget elementor-widget-heading\" data-id=\"d83a0f6\" data-element_type=\"widget\" data-widget_type=\"heading.default\">\n\t\t\t\t\t<h2 class=\"elementor-heading-title elementor-size-default\"><a href=\"https:\/\/lori.hr\/en\/izgradnja-kapaciteta-info\/\">Izgradnja kapaciteta &#8211; edukacija aktivistkinja za uspje\u0161nu implementaciju projekata i aktivnosti organizacije<\/a><\/h2>\t\t\t\t<\/div>\n\t\t\t\t<div class=\"elementor-element elementor-element-069c166 elementor-widget elementor-widget-text-editor\" data-id=\"069c166\" data-element_type=\"widget\" data-widget_type=\"text-editor.default\">\n\t\t\t\t\t\t\t\t\tRad u organizaciji zahtjeva specifi\u010dne vje\u0161tine, kao \u0161to su uspje\u0161no provo\u0111enje projekata i aktivnosti, osiguravanje financijskih sredstava, administracija, odnos s partnerima\/cama i suradnicima\/cama i dr. Cilj ovog projekta je edukacija aktivistkinja udruge LORI za stru\u010dniji i kvalitetniji rad\t\t\t\t\t\t\t\t<\/div>\n\t\t\t\t<div class=\"elementor-element elementor-element-e877166 elementor-widget elementor-widget-button\" data-id=\"e877166\" data-element_type=\"widget\" data-widget_type=\"button.default\">\n\t\t\t\t\t\t\t\t\t\t<a class=\"elementor-button elementor-button-link elementor-size-xs\" href=\"https:\/\/lori.hr\/en\/izgradnja-kapaciteta-info\/\">\n\t\t\t\t\t\t<span class=\"elementor-button-content-wrapper\">\n\t\t\t\t\t\t\t\t\t<span class=\"elementor-button-text\">Read more<\/span>\n\t\t\t\t\t<\/span>\n\t\t\t\t\t<\/a>\n\t\t\t\t\t\t\t\t<\/div>\n\t\t\t\t<\/div>\n\t\t\t\t\t<\/div>\n\t\t\t\t<\/div>\n\t\t\t\t<\/div>\n\t\t\t\t<\/article>\n\t\t\t\t<\/div>\n\t\t\t\t\t\t<\/div>\n\t\t\t\t<\/div>\n\t\t\t\t\t<\/div>\n\t\t\t\t<\/div>\n\t\t<div class=\"elementor-element elementor-element-ce4487a e-flex e-con-boxed e-con e-parent\" data-id=\"ce4487a\" data-element_type=\"container\">\n\t\t\t\t\t<div class=\"e-con-inner\">\n\t\t\t\t<div class=\"elementor-element elementor-element-66994a9 elementor-widget elementor-widget-spacer\" data-id=\"66994a9\" data-element_type=\"widget\" data-widget_type=\"spacer.default\">\n\t\t\t\t\t\t\t<div class=\"elementor-spacer\">\n\t\t\t<div class=\"elementor-spacer-inner\"><\/div>\n\t\t<\/div>\n\t\t\t\t\t\t<\/div>\n\t\t\t\t\t<\/div>\n\t\t\t\t<\/div>\n\t\t\t\t<\/div>","protected":false},"excerpt":{"rendered":"<p>Izgradnja kapaciteta &#8211; edukacija aktivistkinja za uspje\u0161nu implementaciju projekata i aktivnosti organizacije<\/p>","protected":false},"author":1,"featured_media":0,"parent":0,"menu_order":0,"comment_status":"closed","ping_status":"closed","template":"","meta":{"_uag_custom_page_level_css":"","site-sidebar-layout":"no-sidebar","site-content-layout":"page-builder","ast-site-content-layout":"","site-content-style":"default","site-sidebar-style":"default","ast-global-header-display":"","ast-banner-title-visibility":"","ast-main-header-display":"","ast-hfb-above-header-display":"","ast-hfb-below-header-display":"","ast-hfb-mobile-header-display":"","site-post-title":"disabled","ast-breadcrumbs-content":"","ast-featured-img":"disabled","footer-sml-layout":"","theme-transparent-header-meta":"","adv-header-id-meta":"","stick-header-meta":"","header-above-stick-meta":"","header-main-stick-meta":"","header-below-stick-meta":"","astra-migrate-meta-layouts":"","footnotes":""},"class_list":["post-6193","page","type-page","status-publish","hentry"],"uagb_featured_image_src":{"full":false,"thumbnail":false,"medium":false,"medium_large":false,"large":false,"1536x1536":false,"2048x2048":false,"trp-custom-language-flag":false},"uagb_author_info":{"display_name":"LORI","author_link":"https:\/\/lori.hr\/en\/author\/ikenji\/"},"uagb_comment_info":0,"uagb_excerpt":"Izgradnja kapaciteta &#8211; edukacija aktivistkinja za uspje\u0161nu implementaciju projekata i aktivnosti organizacije","_links":{"self":[{"href":"https:\/\/lori.hr\/en\/wp-json\/wp\/v2\/pages\/6193","targetHints":{"allow":["GET"]}}],"collection":[{"href":"https:\/\/lori.hr\/en\/wp-json\/wp\/v2\/pages"}],"about":[{"href":"https:\/\/lori.hr\/en\/wp-json\/wp\/v2\/types\/page"}],"author":[{"embeddable":true,"href":"https:\/\/lori.hr\/en\/wp-json\/wp\/v2\/users\/1"}],"replies":[{"embeddable":true,"href":"https:\/\/lori.hr\/en\/wp-json\/wp\/v2\/comments?post=6193"}],"version-history":[{"count":4,"href":"https:\/\/lori.hr\/en\/wp-json\/wp\/v2\/pages\/6193\/revisions"}],"predecessor-version":[{"id":6197,"href":"https:\/\/lori.hr\/en\/wp-json\/wp\/v2\/pages\/6193\/revisions\/6197"}],"wp:attachment":[{"href":"https:\/\/lori.hr\/en\/wp-json\/wp\/v2\/media?parent=6193"}],"curies":[{"name":"wp","href":"https:\/\/api.w.org\/{rel}","templated":true}]}}