{"id":6293,"date":"2023-04-24T13:35:12","date_gmt":"2023-04-24T11:35:12","guid":{"rendered":"https:\/\/lori.hr\/?page_id=6293"},"modified":"2023-05-03T16:36:42","modified_gmt":"2023-05-03T14:36:42","slug":"korisni-resursi-o-lgbtiq-temama","status":"publish","type":"page","link":"https:\/\/lori.hr\/en\/korisni-resursi-o-lgbtiq-temama\/","title":{"rendered":"Useful resources on LGBTIQ+ topics"},"content":{"rendered":"<div data-elementor-type=\"wp-page\" data-elementor-id=\"6293\" class=\"elementor elementor-6293\" data-elementor-post-type=\"page\">\n\t\t\t\t<div class=\"elementor-element elementor-element-aedaefe e-flex e-con-boxed e-con e-parent\" data-id=\"aedaefe\" data-element_type=\"container\" data-settings=\"{&quot;background_background&quot;:&quot;classic&quot;}\">\n\t\t\t\t\t<div class=\"e-con-inner\">\n\t\t\t\t<div class=\"elementor-element elementor-element-6b7654e elementor-widget elementor-widget-spacer\" data-id=\"6b7654e\" data-element_type=\"widget\" data-widget_type=\"spacer.default\">\n\t\t\t\t\t\t\t<div class=\"elementor-spacer\">\n\t\t\t<div class=\"elementor-spacer-inner\"><\/div>\n\t\t<\/div>\n\t\t\t\t\t\t<\/div>\n\t\t\t\t\t<\/div>\n\t\t\t\t<\/div>\n\t\t<div class=\"elementor-element elementor-element-4986838 e-flex e-con-boxed e-con e-parent\" data-id=\"4986838\" data-element_type=\"container\">\n\t\t\t\t\t<div class=\"e-con-inner\">\n\t\t\t\t<div class=\"elementor-element elementor-element-8b820ef elementor-widget elementor-widget-spacer\" data-id=\"8b820ef\" data-element_type=\"widget\" data-widget_type=\"spacer.default\">\n\t\t\t\t\t\t\t<div class=\"elementor-spacer\">\n\t\t\t<div class=\"elementor-spacer-inner\"><\/div>\n\t\t<\/div>\n\t\t\t\t\t\t<\/div>\n\t\t\t\t<div class=\"elementor-element elementor-element-940b4b9 elementor-widget elementor-widget-heading\" data-id=\"940b4b9\" data-element_type=\"widget\" data-widget_type=\"heading.default\">\n\t\t\t\t\t<h1 class=\"elementor-heading-title elementor-size-default\">Useful resources on LGBTIQ+ topics<\/h1>\t\t\t\t<\/div>\n\t\t\t\t<div class=\"elementor-element elementor-element-e704cc8 elementor-widget-divider--view-line elementor-widget elementor-widget-divider\" data-id=\"e704cc8\" data-element_type=\"widget\" data-widget_type=\"divider.default\">\n\t\t\t\t\t\t\t<div class=\"elementor-divider\">\n\t\t\t<span class=\"elementor-divider-separator\">\n\t\t\t\t\t\t<\/span>\n\t\t<\/div>\n\t\t\t\t\t\t<\/div>\n\t\t\t\t<div class=\"elementor-element elementor-element-9eac0b0 elementor-widget elementor-widget-spacer\" data-id=\"9eac0b0\" data-element_type=\"widget\" data-widget_type=\"spacer.default\">\n\t\t\t\t\t\t\t<div class=\"elementor-spacer\">\n\t\t\t<div class=\"elementor-spacer-inner\"><\/div>\n\t\t<\/div>\n\t\t\t\t\t\t<\/div>\n\t\t\t\t\t<\/div>\n\t\t\t\t<\/div>\n\t\t<div class=\"elementor-element elementor-element-d271be9 e-flex e-con-boxed e-con e-parent\" data-id=\"d271be9\" data-element_type=\"container\">\n\t\t\t\t\t<div class=\"e-con-inner\">\n\t\t\t\t<div class=\"elementor-element elementor-element-5a3a8eb elementor-widget elementor-widget-text-editor\" data-id=\"5a3a8eb\" data-element_type=\"widget\" data-widget_type=\"text-editor.default\">\n\t\t\t\t\t\t\t\t\t<p>As part of the project <a href=\"https:\/\/lori.hr\/en\/podrzimo-ukljucivo-obrazovanje-gradimo-sigurnu-buducnost\/\">\u201cSupporting Inclusive Education - Building a Safe Future\u201c<\/a>, financially supported by Iceland, Liechtenstein and Norway as part of the EEA and Norway Grants.<\/p>\t\t\t\t\t\t\t\t<\/div>\n\t\t\t\t\t<\/div>\n\t\t\t\t<\/div>\n\t\t<div class=\"elementor-element elementor-element-e24d9f3 e-flex e-con-boxed e-con e-parent\" data-id=\"e24d9f3\" data-element_type=\"container\">\n\t\t\t\t\t<div class=\"e-con-inner\">\n\t\t<div class=\"elementor-element elementor-element-c1808f7 e-con-full e-flex e-con e-parent\" data-id=\"c1808f7\" data-element_type=\"container\">\n\t\t\t\t<div class=\"elementor-element elementor-element-c99f73e elementor-widget elementor-widget-heading\" data-id=\"c99f73e\" data-element_type=\"widget\" data-widget_type=\"heading.default\">\n\t\t\t\t\t<h2 class=\"elementor-heading-title elementor-size-default\">Resources for schools and organisations<\/h2>\t\t\t\t<\/div>\n\t\t\t\t<div class=\"elementor-element elementor-element-ebfae43 elementor-widget elementor-widget-image\" data-id=\"ebfae43\" data-element_type=\"widget\" data-widget_type=\"image.default\">\n\t\t\t\t\t\t\t\t\t\t\t\t\t\t\t<img loading=\"lazy\" decoding=\"async\" width=\"700\" height=\"467\" src=\"https:\/\/lori.hr\/wp-content\/uploads\/2023\/04\/pencils_rainbow.jpg\" class=\"attachment-large size-large wp-image-4725\" alt=\"\" srcset=\"https:\/\/lori.hr\/wp-content\/uploads\/2023\/04\/pencils_rainbow.jpg 700w, https:\/\/lori.hr\/wp-content\/uploads\/2023\/04\/pencils_rainbow-300x200.jpg 300w\" sizes=\"auto, (max-width: 700px) 100vw, 700px\" \/>\t\t\t\t\t\t\t\t\t\t\t\t\t\t\t<\/div>\n\t\t\t\t<div class=\"elementor-element elementor-element-bbbd63d elementor-widget elementor-widget-text-editor\" data-id=\"bbbd63d\" data-element_type=\"widget\" data-widget_type=\"text-editor.default\">\n\t\t\t\t\t\t\t\t\t<p>Useful digital materials are intended to be used by schools and organisations for comprehensive informing about different LGBTIQ+ topics and for carrying out activities independently. The materials can serve for conducting educational activities for reducing homophobia, biphobia, transphobia and violence against LGBTIQ children and youth in educational system.<\/p>\t\t\t\t\t\t\t\t<\/div>\n\t\t\t\t<div class=\"elementor-element elementor-element-174e780 elementor-widget elementor-widget-button\" data-id=\"174e780\" data-element_type=\"widget\" data-widget_type=\"button.default\">\n\t\t\t\t\t\t\t\t\t\t<a class=\"elementor-button elementor-button-link elementor-size-sm\" href=\"https:\/\/lori.hr\/en\/korisni-resursi\/\">\n\t\t\t\t\t\t<span class=\"elementor-button-content-wrapper\">\n\t\t\t\t\t\t\t\t\t<span class=\"elementor-button-text\">Materials<\/span>\n\t\t\t\t\t<\/span>\n\t\t\t\t\t<\/a>\n\t\t\t\t\t\t\t\t<\/div>\n\t\t\t\t<\/div>\n\t\t<div class=\"elementor-element elementor-element-ef1bef9 e-con-full e-flex e-con e-parent\" data-id=\"ef1bef9\" data-element_type=\"container\">\n\t\t\t\t<div class=\"elementor-element elementor-element-a67b05f elementor-widget elementor-widget-heading\" data-id=\"a67b05f\" data-element_type=\"widget\" data-widget_type=\"heading.default\">\n\t\t\t\t\t<h2 class=\"elementor-heading-title elementor-size-default\">Resources for LGBTIQ+ youth<\/h2>\t\t\t\t<\/div>\n\t\t\t\t<div class=\"elementor-element elementor-element-f49fe58 elementor-widget elementor-widget-image\" data-id=\"f49fe58\" data-element_type=\"widget\" data-widget_type=\"image.default\">\n\t\t\t\t\t\t\t\t\t\t\t\t\t\t\t<img loading=\"lazy\" decoding=\"async\" width=\"1024\" height=\"683\" src=\"https:\/\/lori.hr\/wp-content\/uploads\/2023\/02\/hands-2847508_1920-1024x683.jpg\" class=\"attachment-large size-large wp-image-1469\" alt=\"\" srcset=\"https:\/\/lori.hr\/wp-content\/uploads\/2023\/02\/hands-2847508_1920-1024x683.jpg 1024w, https:\/\/lori.hr\/wp-content\/uploads\/2023\/02\/hands-2847508_1920-300x200.jpg 300w, https:\/\/lori.hr\/wp-content\/uploads\/2023\/02\/hands-2847508_1920-768x512.jpg 768w, https:\/\/lori.hr\/wp-content\/uploads\/2023\/02\/hands-2847508_1920-1536x1024.jpg 1536w, https:\/\/lori.hr\/wp-content\/uploads\/2023\/02\/hands-2847508_1920.jpg 1920w\" sizes=\"auto, (max-width: 1024px) 100vw, 1024px\" \/>\t\t\t\t\t\t\t\t\t\t\t\t\t\t\t<\/div>\n\t\t\t\t<div class=\"elementor-element elementor-element-27f9257 elementor-widget elementor-widget-text-editor\" data-id=\"27f9257\" data-element_type=\"widget\" data-widget_type=\"text-editor.default\">\n\t\t\t\t\t\t\t\t\t<p>Furthermore, materials were made for LGBTIQ+ youth and young persons in general who want to learn more about LGBTIQ+ terminology, gain deeper information and to empower themselves. The resources can also be of service regarding transgender topics and organising public events about human rights.<\/p>\t\t\t\t\t\t\t\t<\/div>\n\t\t\t\t<div class=\"elementor-element elementor-element-6593dab elementor-widget elementor-widget-button\" data-id=\"6593dab\" data-element_type=\"widget\" data-widget_type=\"button.default\">\n\t\t\t\t\t\t\t\t\t\t<a class=\"elementor-button elementor-button-link elementor-size-sm\" href=\"https:\/\/lori.hr\/en\/digitalni-resursi-za-mlade\/\">\n\t\t\t\t\t\t<span class=\"elementor-button-content-wrapper\">\n\t\t\t\t\t\t\t\t\t<span class=\"elementor-button-text\">Materials<\/span>\n\t\t\t\t\t<\/span>\n\t\t\t\t\t<\/a>\n\t\t\t\t\t\t\t\t<\/div>\n\t\t\t\t<\/div>\n\t\t\t\t\t<\/div>\n\t\t\t\t<\/div>\n\t\t<div class=\"elementor-element elementor-element-4e69981 e-flex e-con-boxed e-con e-parent\" data-id=\"4e69981\" data-element_type=\"container\">\n\t\t\t\t\t<div class=\"e-con-inner\">\n\t\t\t\t<div class=\"elementor-element elementor-element-794e211 elementor-widget elementor-widget-spacer\" data-id=\"794e211\" data-element_type=\"widget\" data-widget_type=\"spacer.default\">\n\t\t\t\t\t\t\t<div class=\"elementor-spacer\">\n\t\t\t<div class=\"elementor-spacer-inner\"><\/div>\n\t\t<\/div>\n\t\t\t\t\t\t<\/div>\n\t\t\t\t\t<\/div>\n\t\t\t\t<\/div>\n\t\t\t\t<\/div>","protected":false},"excerpt":{"rendered":"<p>Korisni resursi o LGBTIQ+ temama U sklopu projekta \u201ePodr\u017eimo uklju\u010divo obrazovanje \u2013 gradimo sigurnu budu\u0107nost\u201c, financiranog od strane Islanda, Lihten\u0161tajna i Norve\u0161ke u okviru Europskog gospodarskog prostora i Norve\u0161kih grantova, izra\u0111eni su digitalni resursi za \u0161kole, organizacije i mlade. Resursi za \u0161kole i organizacije Korisni materijali u digitalnom obliku namijenjeni su \u0161kolama i organizacijama za &hellip;<\/p>\n<p class=\"read-more\"> <a class=\"\" href=\"https:\/\/lori.hr\/en\/korisni-resursi-o-lgbtiq-temama\/\"> <span class=\"screen-reader-text\">Useful resources on LGBTIQ+ topics<\/span> Read More \u00bb<\/a><\/p>","protected":false},"author":1,"featured_media":0,"parent":0,"menu_order":0,"comment_status":"closed","ping_status":"closed","template":"","meta":{"_uag_custom_page_level_css":"","site-sidebar-layout":"no-sidebar","site-content-layout":"page-builder","ast-site-content-layout":"","site-content-style":"default","site-sidebar-style":"default","ast-global-header-display":"","ast-banner-title-visibility":"","ast-main-header-display":"","ast-hfb-above-header-display":"","ast-hfb-below-header-display":"","ast-hfb-mobile-header-display":"","site-post-title":"disabled","ast-breadcrumbs-content":"","ast-featured-img":"disabled","footer-sml-layout":"","theme-transparent-header-meta":"","adv-header-id-meta":"","stick-header-meta":"","header-above-stick-meta":"","header-main-stick-meta":"","header-below-stick-meta":"","astra-migrate-meta-layouts":"","footnotes":""},"class_list":["post-6293","page","type-page","status-publish","hentry"],"uagb_featured_image_src":{"full":false,"thumbnail":false,"medium":false,"medium_large":false,"large":false,"1536x1536":false,"2048x2048":false,"trp-custom-language-flag":false},"uagb_author_info":{"display_name":"LORI","author_link":"https:\/\/lori.hr\/en\/author\/ikenji\/"},"uagb_comment_info":0,"uagb_excerpt":"Korisni resursi o LGBTIQ+ temama U sklopu projekta \u201ePodr\u017eimo uklju\u010divo obrazovanje \u2013 gradimo sigurnu budu\u0107nost\u201c, financiranog od strane Islanda, Lihten\u0161tajna i Norve\u0161ke u okviru Europskog gospodarskog prostora i Norve\u0161kih grantova, izra\u0111eni su digitalni resursi za \u0161kole, organizacije i mlade. Resursi za \u0161kole i organizacije Korisni materijali u digitalnom obliku namijenjeni su \u0161kolama i organizacijama za&hellip;","_links":{"self":[{"href":"https:\/\/lori.hr\/en\/wp-json\/wp\/v2\/pages\/6293","targetHints":{"allow":["GET"]}}],"collection":[{"href":"https:\/\/lori.hr\/en\/wp-json\/wp\/v2\/pages"}],"about":[{"href":"https:\/\/lori.hr\/en\/wp-json\/wp\/v2\/types\/page"}],"author":[{"embeddable":true,"href":"https:\/\/lori.hr\/en\/wp-json\/wp\/v2\/users\/1"}],"replies":[{"embeddable":true,"href":"https:\/\/lori.hr\/en\/wp-json\/wp\/v2\/comments?post=6293"}],"version-history":[{"count":10,"href":"https:\/\/lori.hr\/en\/wp-json\/wp\/v2\/pages\/6293\/revisions"}],"predecessor-version":[{"id":6879,"href":"https:\/\/lori.hr\/en\/wp-json\/wp\/v2\/pages\/6293\/revisions\/6879"}],"wp:attachment":[{"href":"https:\/\/lori.hr\/en\/wp-json\/wp\/v2\/media?parent=6293"}],"curies":[{"name":"wp","href":"https:\/\/api.w.org\/{rel}","templated":true}]}}