{"id":7753,"date":"2023-05-18T16:15:06","date_gmt":"2023-05-18T14:15:06","guid":{"rendered":"https:\/\/lori.hr\/?page_id=7753"},"modified":"2023-05-19T13:42:30","modified_gmt":"2023-05-19T11:42:30","slug":"knjizevni-natjecaj","status":"publish","type":"page","link":"https:\/\/lori.hr\/en\/knjizevni-natjecaj\/","title":{"rendered":"Literary contest"},"content":{"rendered":"<div data-elementor-type=\"wp-page\" data-elementor-id=\"7753\" class=\"elementor elementor-7753\" data-elementor-post-type=\"page\">\n\t\t\t\t<div class=\"elementor-element elementor-element-111e238 navboja e-flex e-con-boxed e-con e-parent\" data-id=\"111e238\" data-element_type=\"container\" data-settings=\"{&quot;background_background&quot;:&quot;classic&quot;}\">\n\t\t\t\t\t<div class=\"e-con-inner\">\n\t\t\t\t<div class=\"elementor-element elementor-element-a43e6d0 elementor-widget elementor-widget-spacer\" data-id=\"a43e6d0\" data-element_type=\"widget\" data-widget_type=\"spacer.default\">\n\t\t\t\t\t\t\t<div class=\"elementor-spacer\">\n\t\t\t<div class=\"elementor-spacer-inner\"><\/div>\n\t\t<\/div>\n\t\t\t\t\t\t<\/div>\n\t\t\t\t\t<\/div>\n\t\t\t\t<\/div>\n\t\t<div class=\"elementor-element elementor-element-a6086b3 e-flex e-con-boxed e-con e-parent\" data-id=\"a6086b3\" data-element_type=\"container\">\n\t\t\t\t\t<div class=\"e-con-inner\">\n\t\t\t\t<div class=\"elementor-element elementor-element-d1d9f65 elementor-widget elementor-widget-spacer\" data-id=\"d1d9f65\" data-element_type=\"widget\" data-widget_type=\"spacer.default\">\n\t\t\t\t\t\t\t<div class=\"elementor-spacer\">\n\t\t\t<div class=\"elementor-spacer-inner\"><\/div>\n\t\t<\/div>\n\t\t\t\t\t\t<\/div>\n\t\t\t\t<div class=\"elementor-element elementor-element-425526c elementor-widget elementor-widget-text-editor\" data-id=\"425526c\" data-element_type=\"widget\" data-widget_type=\"text-editor.default\">\n\t\t\t\t\t\t\t\t\t<p>10. travnja 2014.<\/p>\t\t\t\t\t\t\t\t<\/div>\n\t\t\t\t<div class=\"elementor-element elementor-element-867da9e elementor-widget elementor-widget-heading\" data-id=\"867da9e\" data-element_type=\"widget\" data-widget_type=\"heading.default\">\n\t\t\t\t\t<h1 class=\"elementor-heading-title elementor-size-default\">Knji\u017eevni natje\u010daj udruge LORI \"Obojimo knji\u017eevnost duginim bojama\"<\/h1>\t\t\t\t<\/div>\n\t\t\t\t<div class=\"elementor-element elementor-element-4ce29c3 elementor-widget-divider--view-line elementor-widget elementor-widget-divider\" data-id=\"4ce29c3\" data-element_type=\"widget\" data-widget_type=\"divider.default\">\n\t\t\t\t\t\t\t<div class=\"elementor-divider\">\n\t\t\t<span class=\"elementor-divider-separator\">\n\t\t\t\t\t\t<\/span>\n\t\t<\/div>\n\t\t\t\t\t\t<\/div>\n\t\t\t\t\t<\/div>\n\t\t\t\t<\/div>\n\t\t<div class=\"elementor-element elementor-element-a0f26a1 e-flex e-con-boxed e-con e-parent\" data-id=\"a0f26a1\" data-element_type=\"container\">\n\t\t\t\t\t<div class=\"e-con-inner\">\n\t\t<div class=\"elementor-element elementor-element-9e35517 e-con-full e-flex e-con e-parent\" data-id=\"9e35517\" data-element_type=\"container\">\n\t\t\t\t<div class=\"elementor-element elementor-element-2b25c3f elementor-widget elementor-widget-text-editor\" data-id=\"2b25c3f\" data-element_type=\"widget\" data-widget_type=\"text-editor.default\">\n\t\t\t\t\t\t\t\t\t<p><strong>Udruga LORI<\/strong>\u00a0and\u00a0<strong>Ribook knji\u017eara<\/strong>\u00a0kao glavni sponzor ponosno vas pozivaju da sudjelujete u knji\u017eevnom natje\u010daju za\u00a0<strong>najljep\u0161u kratku pri\u010du\u00a0<\/strong><strong>s LGBTIQ tematikom\u00a0<\/strong><strong>autora i autorica s podru\u010dja Republike Hrvatske<\/strong>;\u00a0koji je otvoren od 11. travnja do 23. svibnja. Svi\/e zainteresirani\/e mogu poslati najvi\u0161e 2 neobjavljene pri\u010de, ne du\u017ee od 1000 rije\u010di na e-mail adresu\u00a0<a href=\"mailto:drustveni_tim@yahoo.com\" target=\"_blank\" rel=\"noopener\">drustveni_tim@yahoo.com<\/a>, s naznakom\u00a0<strong>ZA KNJI\u017dEVNI NATJE\u010cAJ<\/strong>. Pri\u010du treba potpisati \u0161ifrom i poslati u jednom privitku, a u zasebnom privitku treba navesti svoje podatke: ime, prezime, dob, mjesto stanovanja, nekoliko rije\u010di o sebi, svojim hobijima, ljubavi prema pisanju. Tako\u0111er, autori\/ice trebaju naglasiti \u017eele li da se njihove pri\u010de potpi\u0161u imenom i prezimenom ili pseudonimom. Pseudonimi ne smiju biti uvredljivi niti diskriminiraju\u0107i.<\/p>\t\t\t\t\t\t\t\t<\/div>\n\t\t\t\t<\/div>\n\t\t<div class=\"elementor-element elementor-element-227a443 e-con-full e-flex e-con e-parent\" data-id=\"227a443\" data-element_type=\"container\">\n\t\t\t\t<div class=\"elementor-element elementor-element-17091cb elementor-widget elementor-widget-image\" data-id=\"17091cb\" data-element_type=\"widget\" data-widget_type=\"image.default\">\n\t\t\t\t\t\t\t\t\t\t\t\t\t\t\t<img loading=\"lazy\" decoding=\"async\" width=\"320\" height=\"179\" src=\"https:\/\/lori.hr\/wp-content\/uploads\/2023\/05\/writing1.jpg\" class=\"attachment-large size-large wp-image-7757\" alt=\"\" srcset=\"https:\/\/lori.hr\/wp-content\/uploads\/2023\/05\/writing1.jpg 320w, https:\/\/lori.hr\/wp-content\/uploads\/2023\/05\/writing1-300x168.jpg 300w\" sizes=\"auto, (max-width: 320px) 100vw, 320px\" \/>\t\t\t\t\t\t\t\t\t\t\t\t\t\t\t<\/div>\n\t\t\t\t<\/div>\n\t\t\t\t\t<\/div>\n\t\t\t\t<\/div>\n\t\t<div class=\"elementor-element elementor-element-54cd489 e-flex e-con-boxed e-con e-parent\" data-id=\"54cd489\" data-element_type=\"container\">\n\t\t\t\t\t<div class=\"e-con-inner\">\n\t\t\t\t<div class=\"elementor-element elementor-element-624b84d elementor-widget elementor-widget-text-editor\" data-id=\"624b84d\" data-element_type=\"widget\" data-widget_type=\"text-editor.default\">\n\t\t\t\t\t\t\t\t\t<p>Poslane pri\u010de ocjenjivat \u0107e i rangirati stru\u010dni \u017eiri:\u00a0<strong>Mima Simi\u0107<\/strong>, renomirana kriti\u010darka, knji\u017eevnica, publicistica, dugogodi\u0161nja aktivistica za ljudska prava, prevoditeljica, rokerica i jo\u0161 mnogo toga;\u00a0<strong>Suzana Tratnik<\/strong>, priznata slovenska spisateljica, prevoditeljica i publicistica, tako\u0111er vrlo anga\u017eirana zagovarateljica prava LGBT osoba, \u010dije su knjige i kratke pri\u010de prevedene na dvadeset jezika a izme\u0111u ostalih na hrvatskom jeziku objavljen je i prijevod kratkih pri\u010da &#8220;U svojem dvori\u0161tu&#8221; (Kontra, 2011, prevela Ksenija Habek); te predstavnica LORI,\u00a0<strong>Antonija Stojanovi\u0107<\/strong>, voditeljica dru\u0161tvenog tima LORI i prevoditeljica, koja i sama ponekad &#8220;piskara&#8221;, uglavnom kratke pri\u010de.<\/p><p>Za autore\/ice najbolje rangiranih pri\u010da na\u0161 je glavni sponzor,\u00a0<strong>Ribook knji\u017eara<\/strong>, pripremio\u00a0<strong>poklon-izdanja knjiga<\/strong>, a\u00a0<strong>LORI<\/strong>\u00a0<strong>poklon-pakete raznih iznena\u0111enja<\/strong>.<\/p><p>Nakon natje\u010daja, u dogovoru sa zainteresiranim autorima\/icama, pri\u010de \u0107e biti objavljene na internetskoj i Facebook stranici udruge LORI, a potom i u e-knjizi (pdf izdanje).<\/p><p>Sudjelujte u natje\u010daju koji promovira LGBTIQ knji\u017eevnost:\u00a0<strong>OBOJIMO KNJI\u017dEVNOST DUGINIM BOJAMA<\/strong>!<\/p><p><em>Your LORI girls<\/em><\/p>\t\t\t\t\t\t\t\t<\/div>\n\t\t\t\t<div class=\"elementor-element elementor-element-695ba20 elementor-widget elementor-widget-text-editor\" data-id=\"695ba20\" data-element_type=\"widget\" data-widget_type=\"text-editor.default\">\n\t\t\t\t\t\t\t\t\t<p>&amp; glavni sponzor:<\/p>\t\t\t\t\t\t\t\t<\/div>\n\t\t\t\t<div class=\"elementor-element elementor-element-329ff0d elementor-widget elementor-widget-image\" data-id=\"329ff0d\" data-element_type=\"widget\" data-widget_type=\"image.default\">\n\t\t\t\t\t\t\t\t\t\t\t\t\t\t\t<img loading=\"lazy\" decoding=\"async\" width=\"230\" height=\"75\" src=\"https:\/\/lori.hr\/wp-content\/uploads\/2023\/05\/RIbook_logo.png\" class=\"attachment-large size-large wp-image-7756\" alt=\"\" \/>\t\t\t\t\t\t\t\t\t\t\t\t\t\t\t<\/div>\n\t\t\t\t\t<\/div>\n\t\t\t\t<\/div>\n\t\t<div class=\"elementor-element elementor-element-9d65fa6 e-flex e-con-boxed e-con e-parent\" data-id=\"9d65fa6\" data-element_type=\"container\">\n\t\t\t\t\t<div class=\"e-con-inner\">\n\t\t\t\t<div class=\"elementor-element elementor-element-395f175 elementor-widget-divider--separator-type-pattern elementor-widget-divider--view-line elementor-widget elementor-widget-divider\" data-id=\"395f175\" data-element_type=\"widget\" data-widget_type=\"divider.default\">\n\t\t\t\t\t\t\t<div class=\"elementor-divider\" style=\"--divider-pattern-url: url(&quot;data:image\/svg+xml,%3Csvg xmlns=&#039;http:\/\/www.w3.org\/2000\/svg&#039; preserveAspectRatio=&#039;none&#039; overflow=&#039;visible&#039; height=&#039;100%&#039; viewBox=&#039;0 0 24 24&#039; fill=&#039;none&#039; stroke=&#039;black&#039; stroke-width=&#039;1&#039; stroke-linecap=&#039;square&#039; stroke-miterlimit=&#039;10&#039;%3E%3Cpath d=&#039;M0,21c3.3,0,8.3-0.9,15.7-7.1c6.6-5.4,4.4-9.3,2.4-10.3c-3.4-1.8-7.7,1.3-7.3,8.8C11.2,20,17.1,21,24,21&#039;\/%3E%3C\/svg%3E&quot;);\">\n\t\t\t<span class=\"elementor-divider-separator\">\n\t\t\t\t\t\t<\/span>\n\t\t<\/div>\n\t\t\t\t\t\t<\/div>\n\t\t\t\t\t<\/div>\n\t\t\t\t<\/div>\n\t\t<div class=\"elementor-element elementor-element-be8dea1 e-flex e-con-boxed e-con e-parent\" data-id=\"be8dea1\" data-element_type=\"container\" data-settings=\"{&quot;background_background&quot;:&quot;classic&quot;}\">\n\t\t\t\t\t<div class=\"e-con-inner\">\n\t\t\t\t<div class=\"elementor-element elementor-element-12debe5 elementor-widget elementor-widget-spacer\" data-id=\"12debe5\" data-element_type=\"widget\" data-widget_type=\"spacer.default\">\n\t\t\t\t\t\t\t<div class=\"elementor-spacer\">\n\t\t\t<div class=\"elementor-spacer-inner\"><\/div>\n\t\t<\/div>\n\t\t\t\t\t\t<\/div>\n\t\t\t\t<div class=\"elementor-element elementor-element-46a7940 elementor-widget elementor-widget-text-editor\" data-id=\"46a7940\" data-element_type=\"widget\" data-widget_type=\"text-editor.default\">\n\t\t\t\t\t\t\t\t\t<p>09. rujna 2014.<\/p>\t\t\t\t\t\t\t\t<\/div>\n\t\t\t\t<div class=\"elementor-element elementor-element-78556ba elementor-widget elementor-widget-heading\" data-id=\"78556ba\" data-element_type=\"widget\" data-widget_type=\"heading.default\">\n\t\t\t\t\t<h1 class=\"elementor-heading-title elementor-size-default\">Izabrane najljep\u0161e pri\u010de u duginim bojama!<\/h1>\t\t\t\t<\/div>\n\t\t\t\t<div class=\"elementor-element elementor-element-e067271 elementor-widget-divider--view-line elementor-widget elementor-widget-divider\" data-id=\"e067271\" data-element_type=\"widget\" data-widget_type=\"divider.default\">\n\t\t\t\t\t\t\t<div class=\"elementor-divider\">\n\t\t\t<span class=\"elementor-divider-separator\">\n\t\t\t\t\t\t<\/span>\n\t\t<\/div>\n\t\t\t\t\t\t<\/div>\n\t\t\t\t<div class=\"elementor-element elementor-element-a7e7465 elementor-widget elementor-widget-spacer\" data-id=\"a7e7465\" data-element_type=\"widget\" data-widget_type=\"spacer.default\">\n\t\t\t\t\t\t\t<div class=\"elementor-spacer\">\n\t\t\t<div class=\"elementor-spacer-inner\"><\/div>\n\t\t<\/div>\n\t\t\t\t\t\t<\/div>\n\t\t\t\t\t<\/div>\n\t\t\t\t<\/div>\n\t\t<div class=\"elementor-element elementor-element-b4c09d0 e-flex e-con-boxed e-con e-parent\" data-id=\"b4c09d0\" data-element_type=\"container\" data-settings=\"{&quot;background_background&quot;:&quot;classic&quot;}\">\n\t\t\t\t\t<div class=\"e-con-inner\">\n\t\t<div class=\"elementor-element elementor-element-c76d649 e-con-full e-flex e-con e-parent\" data-id=\"c76d649\" data-element_type=\"container\">\n\t\t\t\t<div class=\"elementor-element elementor-element-d74b90f elementor-widget elementor-widget-text-editor\" data-id=\"d74b90f\" data-element_type=\"widget\" data-widget_type=\"text-editor.default\">\n\t\t\t\t\t\t\t\t\t<p>Knji\u017eevni natje\u010daj udruge LORI\u00a0<strong>&#8220;Obojimo knji\u017eevnost duginim bojama&#8221;<\/strong> za najljep\u0161u kratku pri\u010du s LGBTIQ tematikom autora i autorica s\u00a0podru\u010dja Republike Hrvatske (otvoren od 11. travnja do 23. svibnja) donio je mnoge lijepe, emotivne te knji\u017eevno vrijedne pri\u010de.\u00a0<\/p><p>\u010clanice stru\u010dnog \u017eirija: Mima Simi\u0107, Suzana Tratnik i Antonija Stojanovi\u0107 imale su te\u017eak zadatak od svih pristiglih pri\u010da koje su zadovoljile kriterije natje\u010daja odabrati 3 koje su se po knji\u017eevnim standardima izdvojile kao najvrjednije. Izabrane su sljede\u0107e pri\u010de:<\/p><ul><li><strong>prvo mjesto: <a href=\"https:\/\/lori.hr\/en\/cure-se-samo-hoce-zabaviti\/\" target=\"_blank\" rel=\"noopener\">&#8220;Cure se samo ho\u0107e zabaviti&#8221;<\/a><\/strong> autora Berislava \u0160ege,<\/li><li><strong>drugo mjesto: <a href=\"https:\/\/lori.hr\/en\/nikad-ne-znas\/\" target=\"_blank\" rel=\"noopener\">&#8220;Nikad ne zna\u0161&#8230;&#8221;<\/a><\/strong>\u00a0autorice koja se potpisuje imenom Tamara Februar,<\/li><li><strong>tre\u0107e mjesto: <a href=\"https:\/\/lori.hr\/en\/krcmarev-sin\/\" target=\"_blank\" rel=\"noopener\">&#8220;Kr\u010dmarev sin&#8221;<\/a><\/strong>\u00a0autora Dra\u017eena Horvata.<\/li><\/ul>\t\t\t\t\t\t\t\t<\/div>\n\t\t\t\t<\/div>\n\t\t<div class=\"elementor-element elementor-element-17338cc e-con-full e-flex e-con e-parent\" data-id=\"17338cc\" data-element_type=\"container\">\n\t\t\t\t<div class=\"elementor-element elementor-element-336cd9d elementor-widget elementor-widget-image\" data-id=\"336cd9d\" data-element_type=\"widget\" data-widget_type=\"image.default\">\n\t\t\t\t\t\t\t\t\t\t\t\t\t\t\t<img loading=\"lazy\" decoding=\"async\" width=\"600\" height=\"449\" src=\"https:\/\/lori.hr\/wp-content\/uploads\/2023\/05\/knjizevni-natjecaj.jpg\" class=\"attachment-large size-large wp-image-7755\" alt=\"\" srcset=\"https:\/\/lori.hr\/wp-content\/uploads\/2023\/05\/knjizevni-natjecaj.jpg 600w, https:\/\/lori.hr\/wp-content\/uploads\/2023\/05\/knjizevni-natjecaj-300x225.jpg 300w\" sizes=\"auto, (max-width: 600px) 100vw, 600px\" \/>\t\t\t\t\t\t\t\t\t\t\t\t\t\t\t<\/div>\n\t\t\t\t<\/div>\n\t\t\t\t\t<\/div>\n\t\t\t\t<\/div>\n\t\t<div class=\"elementor-element elementor-element-1eee981 e-flex e-con-boxed e-con e-parent\" data-id=\"1eee981\" data-element_type=\"container\" data-settings=\"{&quot;background_background&quot;:&quot;classic&quot;}\">\n\t\t\t\t\t<div class=\"e-con-inner\">\n\t\t\t\t<div class=\"elementor-element elementor-element-6f04d42 elementor-widget elementor-widget-text-editor\" data-id=\"6f04d42\" data-element_type=\"widget\" data-widget_type=\"text-editor.default\">\n\t\t\t\t\t\t\t\t\t<p>O ovim pri\u010dama \u010dlanice \u017eirija rekle su sljede\u0107e:<\/p><p>&#8220;Cure se samo ho\u0107e zabaviti&#8221; &#8211; &#8220;Najja\u010da i najuvjerljivija u smislu klasi\u010dne pri\u010de, laganim ritmom razotkriva transrodnu osobu Alice i okolnosti u kojima \u017eivi. Sporedni likovi su tako\u0111er dobro ispisani&#8221; (Suzana Tratnik); &#8220;Vrlo neobi\u010dna, jaka pri\u010da, nje\u017eni uvid u pote\u0161ko\u0107e transrodnih osoba u obitelji&#8221; (Antonija Stojanovi\u0107);<\/p><p>&#8220;Nikad ne zna\u0161&#8221; &#8211; &#8220;Prirodno napisana, preokret na kraju donosi drugi, svje\u017eiji pogled na LGBT brak&#8221; (Suzana Tratnik); &#8220;Neobi\u010dna, draga, svugdje prisutna pri\u010da o odnosima me\u0111u supru\u017enicima&#8221; (Antonija Stojanovi\u0107);<\/p><p>&#8220;Kr\u010dmarev sin&#8221; &#8211; &#8220;Dobra pri\u010da uvijek dokazuje kako se mo\u017ee mnogo re\u0107i na malo prostora. Dobro isprepli\u0107e svakida\u0161njicu u koju sije\u010de iznimni doga\u0111aj nasilja o kojem nitko ne \u017eeli govoriti&#8221; (Suzana Tratnik); &#8220;Jaka i topla pri\u010da, odli\u010dan prikaz izazova s kojima se susre\u0107u gej mu\u0161karci u malim sredinama&#8221; (Antonija Stojanovi\u0107)<\/p><p>Za autore\/ice najljep\u0161ih pri\u010da\u00a0<strong>glavni sponzor Ribook knji\u017eara<\/strong>\u00a0i LORI pripremili su poklon pakete i diplome koji \u0107e im biti poslani po\u0161tom. Pobjedni\u010dke pri\u010de objavljene su na web stranici udruge LORI.<\/p><p>Ovom prilikom udruga LORI i Ribook knji\u017eara zahvaljuju svim sudionicima i sudionicama natje\u010daja \u0161to su kroz pero dali svoj doprinos da OBOJIMO KNJI\u017dEVNOST DUGINIM BOJAMA!<\/p><p>Zato, kako je prijavljeno dosta lijepih, neobi\u010dnih, nesvakida\u0161njih pri\u010da, odlu\u010deno je da ih, u dogovoru s autorima\/icama, objavljujemo periodi\u010dno na web i Facebook stranici udruge LORI. Time \u0107emo svi imati priliku \u010ditati knji\u017eevnost u duginim bojama pisanu u na\u0161em kontekstu!<\/p>\t\t\t\t\t\t\t\t<\/div>\n\t\t\t\t\t<\/div>\n\t\t\t\t<\/div>\n\t\t<div class=\"elementor-element elementor-element-527f543 e-flex e-con-boxed e-con e-parent\" data-id=\"527f543\" data-element_type=\"container\">\n\t\t\t\t\t<div class=\"e-con-inner\">\n\t\t\t\t<div class=\"elementor-element elementor-element-b517006 elementor-widget-divider--separator-type-pattern elementor-widget-divider--view-line elementor-widget elementor-widget-divider\" data-id=\"b517006\" data-element_type=\"widget\" data-widget_type=\"divider.default\">\n\t\t\t\t\t\t\t<div class=\"elementor-divider\" style=\"--divider-pattern-url: url(&quot;data:image\/svg+xml,%3Csvg xmlns=&#039;http:\/\/www.w3.org\/2000\/svg&#039; preserveAspectRatio=&#039;none&#039; overflow=&#039;visible&#039; height=&#039;100%&#039; viewBox=&#039;0 0 24 24&#039; fill=&#039;none&#039; stroke=&#039;black&#039; stroke-width=&#039;1&#039; stroke-linecap=&#039;square&#039; stroke-miterlimit=&#039;10&#039;%3E%3Cpath d=&#039;M0,21c3.3,0,8.3-0.9,15.7-7.1c6.6-5.4,4.4-9.3,2.4-10.3c-3.4-1.8-7.7,1.3-7.3,8.8C11.2,20,17.1,21,24,21&#039;\/%3E%3C\/svg%3E&quot;);\">\n\t\t\t<span class=\"elementor-divider-separator\">\n\t\t\t\t\t\t<\/span>\n\t\t<\/div>\n\t\t\t\t\t\t<\/div>\n\t\t\t\t\t<\/div>\n\t\t\t\t<\/div>\n\t\t<div class=\"elementor-element elementor-element-00080db e-flex e-con-boxed e-con e-parent\" data-id=\"00080db\" data-element_type=\"container\">\n\t\t\t\t\t<div class=\"e-con-inner\">\n\t\t<div class=\"elementor-element elementor-element-fb04fe8 e-con-full e-flex e-con e-parent\" data-id=\"fb04fe8\" data-element_type=\"container\">\n\t\t\t\t<div class=\"elementor-element elementor-element-76b3a24 elementor-widget elementor-widget-heading\" data-id=\"76b3a24\" data-element_type=\"widget\" data-widget_type=\"heading.default\">\n\t\t\t\t\t<h2 class=\"elementor-heading-title elementor-size-default\">Ostale pri\u010de koje su sudjelovale na natje\u010daju, a i one koje nisu, mo\u017ee\u0161 pro\u010ditati ovdje.<\/h2>\t\t\t\t<\/div>\n\t\t\t\t<div class=\"elementor-element elementor-element-f4d7c6c elementor-align-left elementor-widget elementor-widget-button\" data-id=\"f4d7c6c\" data-element_type=\"widget\" data-widget_type=\"button.default\">\n\t\t\t\t\t\t\t\t\t\t<a class=\"elementor-button elementor-button-link elementor-size-sm\" href=\"https:\/\/lori.hr\/vase-price\/\">\n\t\t\t\t\t\t<span class=\"elementor-button-content-wrapper\">\n\t\t\t\t\t\t\t\t\t<span class=\"elementor-button-text\">Vi\u0161e pri\u010da<\/span>\n\t\t\t\t\t<\/span>\n\t\t\t\t\t<\/a>\n\t\t\t\t\t\t\t\t<\/div>\n\t\t\t\t<\/div>\n\t\t<div class=\"elementor-element elementor-element-7fde9f0 e-con-full e-flex e-con e-parent\" data-id=\"7fde9f0\" data-element_type=\"container\">\n\t\t\t\t<\/div>\n\t\t\t\t\t<\/div>\n\t\t\t\t<\/div>\n\t\t<div class=\"elementor-element elementor-element-262ddc9 e-flex e-con-boxed e-con e-parent\" data-id=\"262ddc9\" data-element_type=\"container\">\n\t\t\t\t\t<div class=\"e-con-inner\">\n\t\t\t\t<div class=\"elementor-element elementor-element-b5fa4ca elementor-widget elementor-widget-spacer\" data-id=\"b5fa4ca\" data-element_type=\"widget\" data-widget_type=\"spacer.default\">\n\t\t\t\t\t\t\t<div class=\"elementor-spacer\">\n\t\t\t<div class=\"elementor-spacer-inner\"><\/div>\n\t\t<\/div>\n\t\t\t\t\t\t<\/div>\n\t\t\t\t\t<\/div>\n\t\t\t\t<\/div>\n\t\t\t\t<\/div>","protected":false},"excerpt":{"rendered":"<p>10. travnja 2014. Knji\u017eevni natje\u010daj udruge LORI &#8220;Obojimo knji\u017eevnost duginim bojama&#8221; Udruga LORI\u00a0i\u00a0Ribook knji\u017eara\u00a0kao glavni sponzor ponosno vas pozivaju da sudjelujete u knji\u017eevnom natje\u010daju za\u00a0najljep\u0161u kratku pri\u010du\u00a0s LGBTIQ tematikom\u00a0autora i autorica s podru\u010dja Republike Hrvatske;\u00a0koji je otvoren od 11. travnja do 23. svibnja. Svi\/e zainteresirani\/e mogu poslati najvi\u0161e 2 neobjavljene pri\u010de, ne du\u017ee od 1000 &hellip;<\/p>\n<p class=\"read-more\"> <a class=\"\" href=\"https:\/\/lori.hr\/en\/knjizevni-natjecaj\/\"> <span class=\"screen-reader-text\">Literary contest<\/span> Read More \u00bb<\/a><\/p>","protected":false},"author":1,"featured_media":0,"parent":0,"menu_order":0,"comment_status":"closed","ping_status":"closed","template":"","meta":{"_uag_custom_page_level_css":"","site-sidebar-layout":"no-sidebar","site-content-layout":"page-builder","ast-site-content-layout":"","site-content-style":"default","site-sidebar-style":"default","ast-global-header-display":"","ast-banner-title-visibility":"","ast-main-header-display":"","ast-hfb-above-header-display":"","ast-hfb-below-header-display":"","ast-hfb-mobile-header-display":"","site-post-title":"disabled","ast-breadcrumbs-content":"","ast-featured-img":"disabled","footer-sml-layout":"","theme-transparent-header-meta":"","adv-header-id-meta":"","stick-header-meta":"","header-above-stick-meta":"","header-main-stick-meta":"","header-below-stick-meta":"","astra-migrate-meta-layouts":"","footnotes":""},"class_list":["post-7753","page","type-page","status-publish","hentry"],"uagb_featured_image_src":{"full":false,"thumbnail":false,"medium":false,"medium_large":false,"large":false,"1536x1536":false,"2048x2048":false,"trp-custom-language-flag":false},"uagb_author_info":{"display_name":"LORI","author_link":"https:\/\/lori.hr\/en\/author\/ikenji\/"},"uagb_comment_info":0,"uagb_excerpt":"10. travnja 2014. Knji\u017eevni natje\u010daj udruge LORI &#8220;Obojimo knji\u017eevnost duginim bojama&#8221; Udruga LORI\u00a0i\u00a0Ribook knji\u017eara\u00a0kao glavni sponzor ponosno vas pozivaju da sudjelujete u knji\u017eevnom natje\u010daju za\u00a0najljep\u0161u kratku pri\u010du\u00a0s LGBTIQ tematikom\u00a0autora i autorica s podru\u010dja Republike Hrvatske;\u00a0koji je otvoren od 11. travnja do 23. svibnja. Svi\/e zainteresirani\/e mogu poslati najvi\u0161e 2 neobjavljene pri\u010de, ne du\u017ee od 1000&hellip;","_links":{"self":[{"href":"https:\/\/lori.hr\/en\/wp-json\/wp\/v2\/pages\/7753","targetHints":{"allow":["GET"]}}],"collection":[{"href":"https:\/\/lori.hr\/en\/wp-json\/wp\/v2\/pages"}],"about":[{"href":"https:\/\/lori.hr\/en\/wp-json\/wp\/v2\/types\/page"}],"author":[{"embeddable":true,"href":"https:\/\/lori.hr\/en\/wp-json\/wp\/v2\/users\/1"}],"replies":[{"embeddable":true,"href":"https:\/\/lori.hr\/en\/wp-json\/wp\/v2\/comments?post=7753"}],"version-history":[{"count":10,"href":"https:\/\/lori.hr\/en\/wp-json\/wp\/v2\/pages\/7753\/revisions"}],"predecessor-version":[{"id":7865,"href":"https:\/\/lori.hr\/en\/wp-json\/wp\/v2\/pages\/7753\/revisions\/7865"}],"wp:attachment":[{"href":"https:\/\/lori.hr\/en\/wp-json\/wp\/v2\/media?parent=7753"}],"curies":[{"name":"wp","href":"https:\/\/api.w.org\/{rel}","templated":true}]}}