{"id":8798,"date":"2023-08-07T11:16:05","date_gmt":"2023-08-07T09:16:05","guid":{"rendered":"https:\/\/lori.hr\/?page_id=8798"},"modified":"2024-10-27T11:56:03","modified_gmt":"2024-10-27T10:56:03","slug":"ljudska-prava-lgbti-osoba","status":"publish","type":"page","link":"https:\/\/lori.hr\/en\/ljudska-prava-lgbti-osoba\/","title":{"rendered":"Human rights of LGBTI persons"},"content":{"rendered":"<div data-elementor-type=\"wp-page\" data-elementor-id=\"8798\" class=\"elementor elementor-8798\" data-elementor-post-type=\"page\">\n\t\t\t\t<div class=\"elementor-element elementor-element-aef1901 navboja e-flex e-con-boxed e-con e-parent\" data-id=\"aef1901\" data-element_type=\"container\" data-settings=\"{&quot;background_background&quot;:&quot;classic&quot;}\">\n\t\t\t\t\t<div class=\"e-con-inner\">\n\t\t\t\t<div class=\"elementor-element elementor-element-a1d36d4 elementor-widget elementor-widget-spacer\" data-id=\"a1d36d4\" data-element_type=\"widget\" data-widget_type=\"spacer.default\">\n\t\t\t\t\t\t\t<div class=\"elementor-spacer\">\n\t\t\t<div class=\"elementor-spacer-inner\"><\/div>\n\t\t<\/div>\n\t\t\t\t\t\t<\/div>\n\t\t\t\t\t<\/div>\n\t\t\t\t<\/div>\n\t\t<div class=\"elementor-element elementor-element-f95dd36 e-flex e-con-boxed e-con e-parent\" data-id=\"f95dd36\" data-element_type=\"container\">\n\t\t\t\t\t<div class=\"e-con-inner\">\n\t\t\t\t<div class=\"elementor-element elementor-element-be87448 elementor-widget elementor-widget-spacer\" data-id=\"be87448\" data-element_type=\"widget\" data-widget_type=\"spacer.default\">\n\t\t\t\t\t\t\t<div class=\"elementor-spacer\">\n\t\t\t<div class=\"elementor-spacer-inner\"><\/div>\n\t\t<\/div>\n\t\t\t\t\t\t<\/div>\n\t\t\t\t<div class=\"elementor-element elementor-element-356edce elementor-widget elementor-widget-heading\" data-id=\"356edce\" data-element_type=\"widget\" data-widget_type=\"heading.default\">\n\t\t\t\t\t<h1 class=\"elementor-heading-title elementor-size-default\">Human rights of LGBTI persons<\/h1>\t\t\t\t<\/div>\n\t\t\t\t<div class=\"elementor-element elementor-element-42ecd99 elementor-widget-divider--view-line elementor-widget elementor-widget-divider\" data-id=\"42ecd99\" data-element_type=\"widget\" data-widget_type=\"divider.default\">\n\t\t\t\t\t\t\t<div class=\"elementor-divider\">\n\t\t\t<span class=\"elementor-divider-separator\">\n\t\t\t\t\t\t<\/span>\n\t\t<\/div>\n\t\t\t\t\t\t<\/div>\n\t\t\t\t<div class=\"elementor-element elementor-element-00dd20e elementor-widget elementor-widget-spacer\" data-id=\"00dd20e\" data-element_type=\"widget\" data-widget_type=\"spacer.default\">\n\t\t\t\t\t\t\t<div class=\"elementor-spacer\">\n\t\t\t<div class=\"elementor-spacer-inner\"><\/div>\n\t\t<\/div>\n\t\t\t\t\t\t<\/div>\n\t\t\t\t\t<\/div>\n\t\t\t\t<\/div>\n\t\t<div class=\"elementor-element elementor-element-d20dff2 e-flex e-con-boxed e-con e-parent\" data-id=\"d20dff2\" data-element_type=\"container\">\n\t\t\t\t\t<div class=\"e-con-inner\">\n\t\t<div class=\"elementor-element elementor-element-ac2754f e-con-full e-flex e-con e-child\" data-id=\"ac2754f\" data-element_type=\"container\">\n\t\t\t\t<div class=\"elementor-element elementor-element-7f81ecd elementor-widget elementor-widget-text-editor\" data-id=\"7f81ecd\" data-element_type=\"widget\" data-widget_type=\"text-editor.default\">\n\t\t\t\t\t\t\t\t\t<p><span style=\"font-weight: 400;\">Rights of LGBTI persons are not rights of an isolated group, their protection and promotion aren\u2019t something out of the ordinary that should be justified as a type of \u201caddition\u201d to the usual state. The term \u201cLGBTI human rights\u201d doesn't include some special rights, but rights that belong to all persons (no matter their race, gender, sexual orientation, nationality etc.), and they are being violated or taken away from LGBTI persons just because they aren't heterosexual or cisgender.\u00a0<\/span><\/p><p><span style=\"font-weight: 400;\">When we talk about LGBTI persons\u2019 rights we talk about legal means which hinder the violation or diminution of these rights. The Constitution of the Republic of Croatia in <\/span><a href=\"https:\/\/narodne-novine.nn.hr\/clanci\/sluzbeni\/2010_07_85_2422.html\" target=\"_blank\" rel=\"noopener\"><span style=\"font-weight: 400;\">Article 14<\/span><\/a><span style=\"font-weight: 400;\"> ensures that everyone is equal in front of the law and that nobody\u2019s rights can be taken away or diminished based on certain characteristics. Although it is not explicitly mentioned in the declaration, sexual orientation and gender identity are part of those characteristics. This equality assurance applies to all rights and freedoms, which means that everyone, regardless of their sexual and gender identity, must be able to enjoy all their freedoms.<\/span><\/p>\t\t\t\t\t\t\t\t<\/div>\n\t\t\t\t<\/div>\n\t\t<div class=\"elementor-element elementor-element-af68c3a e-con-full e-flex e-con e-child\" data-id=\"af68c3a\" data-element_type=\"container\">\n\t\t\t\t<div class=\"elementor-element elementor-element-d48b3d0 elementor-widget elementor-widget-image\" data-id=\"d48b3d0\" data-element_type=\"widget\" data-widget_type=\"image.default\">\n\t\t\t\t\t\t\t\t\t\t\t\t<figure class=\"wp-caption\">\n\t\t\t\t\t\t\t\t\t\t<img fetchpriority=\"high\" decoding=\"async\" width=\"800\" height=\"533\" src=\"https:\/\/lori.hr\/wp-content\/uploads\/2023\/08\/Ljudska-prava.jpg\" class=\"attachment-large size-large wp-image-8800\" alt=\"\" srcset=\"https:\/\/lori.hr\/wp-content\/uploads\/2023\/08\/Ljudska-prava.jpg 800w, https:\/\/lori.hr\/wp-content\/uploads\/2023\/08\/Ljudska-prava-300x200.jpg 300w, https:\/\/lori.hr\/wp-content\/uploads\/2023\/08\/Ljudska-prava-150x100.jpg 150w, https:\/\/lori.hr\/wp-content\/uploads\/2023\/08\/Ljudska-prava-768x512.jpg 768w, https:\/\/lori.hr\/wp-content\/uploads\/2023\/08\/Ljudska-prava-18x12.jpg 18w\" sizes=\"(max-width: 800px) 100vw, 800px\" \/>\t\t\t\t\t\t\t\t\t\t\t<figcaption class=\"widget-image-caption wp-caption-text\"><a href=\"https:\/\/www.freepik.com\/free-vector\/pride-day-people-concept_7788965.htm#query=lgbt%20rights&amp;position=9&amp;from_view=search&amp;track=ais\" target=\"_blank\" rel=\"noopener\">Image by pikisuperstar<\/a> on Freepik<\/figcaption>\n\t\t\t\t\t\t\t\t\t\t<\/figure>\n\t\t\t\t\t\t\t\t\t<\/div>\n\t\t\t\t<\/div>\n\t\t\t\t\t<\/div>\n\t\t\t\t<\/div>\n\t\t<div class=\"elementor-element elementor-element-7c7f3d7 e-flex e-con-boxed e-con e-parent\" data-id=\"7c7f3d7\" data-element_type=\"container\">\n\t\t\t\t\t<div class=\"e-con-inner\">\n\t\t\t\t<div class=\"elementor-element elementor-element-7f19c53 elementor-widget elementor-widget-text-editor\" data-id=\"7f19c53\" data-element_type=\"widget\" data-widget_type=\"text-editor.default\">\n\t\t\t\t\t\t\t\t\t<p><span style=\"font-weight: 400;\">So that this constitutional promise of equality may be fully reached, multiple acts ensure protection mechanisms. The ban on discrimination is presented in more details in <\/span><a href=\"https:\/\/ljudskaprava.gov.hr\/suzbijanje-diskriminacije\/571\" target=\"_blank\" rel=\"noopener\"><span style=\"font-weight: 400;\">The Anti-Discrimination Act<\/span><\/a><span style=\"font-weight: 400;\">. It reinstates what is already mentioned in the Constitution, that it's forbidden to take away or diminish someone\u2019s rights based on that person\u2019s characteristics - the Act specifically names sexual orientation as one of these characteristics. Apart from that ban on discrimination, the Act recognises in detail the different forms it can take. For instance, it is forbidden to directly act in a way which would bring a certain person in a disadvantage compared to a heterosexual person based on their sexual orientation (direct discrimination). Discrimination based on an apparently neutral \u201cregulation, criteria or practice\u201d which puts persons that aren't heterosexual in a disadvantage compared to those that are heterosexual are also forbidden (indirect discrimination). Discriminatory actions also include harassment and sexual harassment, as well as segregation based on certain characteristics, once again including sexual orientation. Apart from regulating a whole variety of issues related to discrimination such as incitement to discrimination and protection from victimization, the Act regulates mechanisms that can be used by persons as protection from discriminatory actions. Thanks to this act, persons can report discrimination and the violations of their rights in different areas of life: in hiring, at the workplace, in the healthcare and social care systems, related to housing, while receiving or using services and so on.<\/span><\/p>\t\t\t\t\t\t\t\t<\/div>\n\t\t\t\t\t<\/div>\n\t\t\t\t<\/div>\n\t\t<div class=\"elementor-element elementor-element-64dcdf0 e-flex e-con-boxed e-con e-parent\" data-id=\"64dcdf0\" data-element_type=\"container\">\n\t\t\t\t\t<div class=\"e-con-inner\">\n\t\t<div class=\"elementor-element elementor-element-acb4dd6 e-con-full e-flex e-con e-child\" data-id=\"acb4dd6\" data-element_type=\"container\">\n\t\t\t\t<div class=\"elementor-element elementor-element-b4d5328 elementor-widget elementor-widget-spacer\" data-id=\"b4d5328\" data-element_type=\"widget\" data-widget_type=\"spacer.default\">\n\t\t\t\t\t\t\t<div class=\"elementor-spacer\">\n\t\t\t<div class=\"elementor-spacer-inner\"><\/div>\n\t\t<\/div>\n\t\t\t\t\t\t<\/div>\n\t\t\t\t<div class=\"elementor-element elementor-element-ca2cb91 elementor-widget elementor-widget-image\" data-id=\"ca2cb91\" data-element_type=\"widget\" data-widget_type=\"image.default\">\n\t\t\t\t\t\t\t\t\t\t\t\t\t\t\t<img loading=\"lazy\" decoding=\"async\" width=\"450\" height=\"174\" src=\"https:\/\/lori.hr\/wp-content\/uploads\/2023\/08\/Pravobraniteljica-ravnopravnost-spolova.png\" class=\"attachment-large size-large wp-image-8801\" alt=\"\" srcset=\"https:\/\/lori.hr\/wp-content\/uploads\/2023\/08\/Pravobraniteljica-ravnopravnost-spolova.png 450w, https:\/\/lori.hr\/wp-content\/uploads\/2023\/08\/Pravobraniteljica-ravnopravnost-spolova-300x116.png 300w, https:\/\/lori.hr\/wp-content\/uploads\/2023\/08\/Pravobraniteljica-ravnopravnost-spolova-150x58.png 150w, https:\/\/lori.hr\/wp-content\/uploads\/2023\/08\/Pravobraniteljica-ravnopravnost-spolova-18x7.png 18w\" sizes=\"auto, (max-width: 450px) 100vw, 450px\" \/>\t\t\t\t\t\t\t\t\t\t\t\t\t\t\t<\/div>\n\t\t\t\t<\/div>\n\t\t<div class=\"elementor-element elementor-element-2b5c01c e-con-full e-flex e-con e-child\" data-id=\"2b5c01c\" data-element_type=\"container\">\n\t\t\t\t<div class=\"elementor-element elementor-element-2b382b3 elementor-widget elementor-widget-text-editor\" data-id=\"2b382b3\" data-element_type=\"widget\" data-widget_type=\"text-editor.default\">\n\t\t\t\t\t\t\t\t\t<p><span style=\"font-weight: 400;\">There are two crucial institutions for combating discrimination. One is especially important for gender equality and the protection of LGBTI persons: Gender Equality Ombudsperson. Her authorities are regulated by the <\/span><a href=\"https:\/\/www.zakon.hr\/z\/388\/Zakon-o-ravnopravnosti-spolova\" target=\"_blank\" rel=\"noopener\"><span style=\"font-weight: 400;\">Act on Gender Equality<\/span><\/a><span style=\"font-weight: 400;\">. It further regulates gender-based discrimination and promotes equality as one of the highest values of the Croatian legislation. According to the Act, \u201cgender equality means that women and men are equally present in all areas of public and private life, that they enjoy the same status, same possibilities for enjoying all rights, as well as equal benefits from achieved results\u201d. (Article 5 of the Act) More information is available on the <\/span><a href=\"https:\/\/www.prs.hr\/cms\" target=\"_blank\" rel=\"noopener\"><span style=\"font-weight: 400;\">institution\u2019s web page<\/span><\/a><span style=\"font-weight: 400;\">. On the same page one can <\/span><a href=\"https:\/\/www.prs.hr\/contact\/form\" target=\"_blank\" rel=\"noopener\"><span style=\"font-weight: 400;\">report discrimination<\/span><\/a><span style=\"font-weight: 400;\">.<\/span><\/p>\t\t\t\t\t\t\t\t<\/div>\n\t\t\t\t<\/div>\n\t\t\t\t\t<\/div>\n\t\t\t\t<\/div>\n\t\t<div class=\"elementor-element elementor-element-95a0a56 e-flex e-con-boxed e-con e-parent\" data-id=\"95a0a56\" data-element_type=\"container\">\n\t\t\t\t\t<div class=\"e-con-inner\">\n\t\t\t\t<div class=\"elementor-element elementor-element-e3478cc elementor-widget elementor-widget-text-editor\" data-id=\"e3478cc\" data-element_type=\"widget\" data-widget_type=\"text-editor.default\">\n\t\t\t\t\t\t\t\t\t<p><span style=\"font-weight: 400;\">The Ombudsperson (Ombudswoman) is the other important institution, the central one in charge of enforcing the Anti-Discrimination Act. Although they are not specialized for gender equality and rights of LGBTI persons, one can report all other cases of discrimination and violations of fundamental rights and freedoms to this institution. More information about this institution, it's jurisdictions and forms of protection against discrimination is available on the webpage of <\/span><a href=\"https:\/\/www.ombudsman.hr\/hr\/\" target=\"_blank\" rel=\"noopener\"><span style=\"font-weight: 400;\">the Ombudswoman<\/span><\/a><span style=\"font-weight: 400;\">.\u00a0<\/span><\/p><p><span style=\"font-weight: 400;\">In Croatia we witnessed human rights of LGBTI persons being brought into question, especially during the referendum in 2013 by which marriage is in Croatian Constitution defined solely as union between a man and a woman. Although this definition removed the term \u201cmarriage\u201d from families in partnerships that aren\u2019t heteronormative, it\u2019s important to note that it only omits the use of the term \u201cmarriage\u201d in a legal way for such families. All other rights related to personal and family life must be available to all, including LGBTI persons. That's why the <\/span><a href=\"https:\/\/www.zakon.hr\/z\/732\/Zakon-o-%C5%BEivotnom-partnerstvu-osoba-istog-spola\" target=\"_blank\" rel=\"noopener\"><span style=\"font-weight: 400;\">Life Partnership Act<\/span><\/a><span style=\"font-weight: 400;\">\u00a0is especially important: it acknowledges both formal and informal life partnerships. Informal partnership is close to domestic partnership and includes the family life of two persons of the same gender, even though formally not recognised, which after a while gain most of the rights that are recognised for such partnerships. Formal partnership has the same effect and is registered in the courthouse in an act similar to marriage. <\/span><\/p>\t\t\t\t\t\t\t\t<\/div>\n\t\t\t\t\t<\/div>\n\t\t\t\t<\/div>\n\t\t<div class=\"elementor-element elementor-element-064b560 e-flex e-con-boxed e-con e-parent\" data-id=\"064b560\" data-element_type=\"container\">\n\t\t\t\t\t<div class=\"e-con-inner\">\n\t\t<div class=\"elementor-element elementor-element-7ef2e07 e-con-full e-flex e-con e-child\" data-id=\"7ef2e07\" data-element_type=\"container\">\n\t\t\t\t<div class=\"elementor-element elementor-element-4303868 elementor-widget elementor-widget-text-editor\" data-id=\"4303868\" data-element_type=\"widget\" data-widget_type=\"text-editor.default\">\n\t\t\t\t\t\t\t\t\t<p><span style=\"font-weight: 400;\">Of course, the realisation of these rights from personal and family life is met with obstacles that are only being resolved through litigations. Based on these litigations, it's been undoubtably proven that same-sex couples have the right to foster children based on <\/span><a href=\"https:\/\/www.zakon.hr\/z\/485\/Zakon-o-udomiteljstvu\" target=\"_blank\" rel=\"noopener\"><span style=\"font-weight: 400;\">the Foster Care Act<\/span><\/a><span style=\"font-weight: 400;\">. Since 2022, same-sex couples can apply for foster care and the sole fact of having a life partner cannot be taken as a reason to prevent fostering. Life Partnership Act also regulates potential relationships with children: it protects the right of the life partner to \u201cachieve parental care of the child, meaning parental care together with the parents or instead of the parents based on a court decision\u201d, according to <\/span><a href=\"https:\/\/www.zakon.hr\/z\/88\/Obiteljski-zakon\" target=\"_blank\" rel=\"noopener\"><span style=\"font-weight: 400;\">the Family Act<\/span><\/a><span style=\"font-weight: 400;\">. Article 91 of the forementioned law says that parental care includes \u201cresponsibilities, duties and rights of the parent with the goal of protecting and promoting the child\u2019s personal and property rights and wellbeing\u201d. Parenthood in the case of same-sex couples is also being protected by partner care. In the case of the child's parent, who is in a life partnership, passing away, or in the case they are still alive, but their parental rights have been taken away or the other parent is unknown, after the court decision, the partner-guardian gains parental care, effectively turning them (a person in life partnership) into a parent.<\/span><\/p>\t\t\t\t\t\t\t\t<\/div>\n\t\t\t\t<\/div>\n\t\t<div class=\"elementor-element elementor-element-c6027d7 e-con-full e-flex e-con e-child\" data-id=\"c6027d7\" data-element_type=\"container\">\n\t\t\t\t<div class=\"elementor-element elementor-element-5578e3a elementor-widget elementor-widget-image\" data-id=\"5578e3a\" data-element_type=\"widget\" data-widget_type=\"image.default\">\n\t\t\t\t\t\t\t\t\t\t\t\t<figure class=\"wp-caption\">\n\t\t\t\t\t\t\t\t\t\t<img loading=\"lazy\" decoding=\"async\" width=\"800\" height=\"690\" src=\"https:\/\/lori.hr\/wp-content\/uploads\/2023\/08\/LGBT-obitelj.jpg\" class=\"attachment-large size-large wp-image-8802\" alt=\"\" srcset=\"https:\/\/lori.hr\/wp-content\/uploads\/2023\/08\/LGBT-obitelj.jpg 800w, https:\/\/lori.hr\/wp-content\/uploads\/2023\/08\/LGBT-obitelj-300x259.jpg 300w, https:\/\/lori.hr\/wp-content\/uploads\/2023\/08\/LGBT-obitelj-150x129.jpg 150w, https:\/\/lori.hr\/wp-content\/uploads\/2023\/08\/LGBT-obitelj-768x662.jpg 768w, https:\/\/lori.hr\/wp-content\/uploads\/2023\/08\/LGBT-obitelj-14x12.jpg 14w\" sizes=\"auto, (max-width: 800px) 100vw, 800px\" \/>\t\t\t\t\t\t\t\t\t\t\t<figcaption class=\"widget-image-caption wp-caption-text\"><a href=\"https:\/\/www.freepik.com\/free-vector\/happy-loving-same-sex-gay-couple-with-newborn-baby-little-son-home-retro-cartoon-vector-illus_4029172.htm#query=lgbt%20family&amp;position=7&amp;from_view=search&amp;track=ais\" target=\"_blank\" rel=\"noopener\">Image by macrovector<\/a> on Freepik<\/figcaption>\n\t\t\t\t\t\t\t\t\t\t<\/figure>\n\t\t\t\t\t\t\t\t\t<\/div>\n\t\t\t\t<\/div>\n\t\t\t\t\t<\/div>\n\t\t\t\t<\/div>\n\t\t<div class=\"elementor-element elementor-element-29127d1 e-flex e-con-boxed e-con e-parent\" data-id=\"29127d1\" data-element_type=\"container\">\n\t\t\t\t\t<div class=\"e-con-inner\">\n\t\t\t\t<div class=\"elementor-element elementor-element-ab3f1e6 elementor-widget elementor-widget-text-editor\" data-id=\"ab3f1e6\" data-element_type=\"widget\" data-widget_type=\"text-editor.default\">\n\t\t\t\t\t\t\t\t\t<p><span style=\"font-weight: 400;\">Although the law offers assurance of fundamental rights, there are constant rebuttals. For these to be resolved in favour of strengthening the current state, it's important that everyone stands up for their own equality. It's therefore crucial to <\/span><b>report every case of discrimination<\/b><span style=\"font-weight: 400;\"> or other forms of rights and freedom violations, regardless if it is happening in school, at university, the workplace or at home, by whom and under which justification. We invite everyone to pay special attention to the possibilities offered by the ombudsperson system, to educate themselves and help in building rights of LGBTI persons and a legal state in general.<\/span><\/p>\t\t\t\t\t\t\t\t<\/div>\n\t\t\t\t\t<\/div>\n\t\t\t\t<\/div>\n\t\t<div class=\"elementor-element elementor-element-645dec5 e-flex e-con-boxed e-con e-parent\" data-id=\"645dec5\" data-element_type=\"container\">\n\t\t\t\t\t<div class=\"e-con-inner\">\n\t\t\t\t<div class=\"elementor-element elementor-element-43b3c60 elementor-widget elementor-widget-heading\" data-id=\"43b3c60\" data-element_type=\"widget\" data-widget_type=\"heading.default\">\n\t\t\t\t\t<h2 class=\"elementor-heading-title elementor-size-default\">Violence and hate crime<\/h2>\t\t\t\t<\/div>\n\t\t\t\t<div class=\"elementor-element elementor-element-2c59bc0 elementor-widget elementor-widget-text-editor\" data-id=\"2c59bc0\" data-element_type=\"widget\" data-widget_type=\"text-editor.default\">\n\t\t\t\t\t\t\t\t\t<p><span style=\"font-weight: 400;\">Legally there are means meant for dealing with especially hard violations of fundamental rights of LGBTI persons. In those cases, the state has the grounds to react with repressive apparatus: <\/span><a href=\"https:\/\/www.zakon.hr\/z\/98\/Kazneni-zakon\" target=\"_blank\" rel=\"noopener\"><span style=\"font-weight: 400;\">Criminal Procedure Code<\/span><\/a><span style=\"font-weight: 400;\">\u00a0is especially important for that. For instance, it predicts the criminal offence of equality violation which allows sanctioning in the form of jail to those that deny, restrict or condition the rights of others to \u201creceive goods or services, rights to pursuit business, get employed and advance\u201d based, among other, solely on sexual identity, or the one that gives benefits to others based on the same thing. Further on and even more important, it\u2019s stated by Criminal Procedure Act that any hate crime, unless there is already a harder punishment stated for it in the law, will be treated as an aggravating circumstance. This allows legal authorities to show special rebuke of the community towards the crimes motivated by hate, including crimes towards LGBTI persons, even if the legislator missed the opportunity to give a harder punishment for those cases.<\/span><\/p><p><span style=\"font-weight: 400;\">Hate crimes are punished harder and are treated with more disapproval from the community because these are crimes that affect a victim only because they belong to a certain group or because one believes they do. That\u2019s why in their core, alongside hard violations of other\u2019s rights, hate crimes include certain prejudice. It\u2019s released in an especially extreme form when committing a crime and represents a non-constitutional expression of contempt towards others by isolating them based on certain characteristics and harshly violating their rights and interests based on those characteristics. That\u2019s why according to Article 39. of the Constitution, forbidden hate speech is not just every criticism or harsh word, but the one that simultaneously represents \u201ccalling for or encouraging war or violence based on national, racial or any other form of intolerance\u201d. Ban of such speech is therefore not antidemocratic censorship but it pointed towards cases in which expression is intertwined with actions that harshly violate fundamental civil qualities: freedom and equality.<\/span><\/p>\t\t\t\t\t\t\t\t<\/div>\n\t\t\t\t\t<\/div>\n\t\t\t\t<\/div>\n\t\t<div class=\"elementor-element elementor-element-efbf08e e-flex e-con-boxed e-con e-parent\" data-id=\"efbf08e\" data-element_type=\"container\">\n\t\t\t\t\t<div class=\"e-con-inner\">\n\t\t\t\t<div class=\"elementor-element elementor-element-1eff98b elementor-widget elementor-widget-text-editor\" data-id=\"1eff98b\" data-element_type=\"widget\" data-widget_type=\"text-editor.default\">\n\t\t\t\t\t\t\t\t\t<p><b>In case you experienced violence based on your LGBTI identity<\/b><span style=\"font-weight: 400;\"> you can report it to a police officer in any police station as well as to human rights organisations. If you are able to, emphasize the fact that it is a hate crime to avoid the police classifying it as a misdemeanour and not a felony.<\/span><\/p>\t\t\t\t\t\t\t\t<\/div>\n\t\t\t\t<div class=\"elementor-element elementor-element-eecd041 elementor-widget elementor-widget-spacer\" data-id=\"eecd041\" data-element_type=\"widget\" data-widget_type=\"spacer.default\">\n\t\t\t\t\t\t\t<div class=\"elementor-spacer\">\n\t\t\t<div class=\"elementor-spacer-inner\"><\/div>\n\t\t<\/div>\n\t\t\t\t\t\t<\/div>\n\t\t\t\t\t<\/div>\n\t\t\t\t<\/div>\n\t\t\t\t<\/div>","protected":false},"excerpt":{"rendered":"<p>Ljudska prava LGBTI osoba Prava LGBTI osoba nisu prava izolirane skupine, njihova za\u0161tita i promicanje u pravu nije stvaranje ne\u010dega izvanrednoga \u0161to bi trebalo posebno opravdavati kao svojevrsni \u201edodatak\u201c uobi\u010dajenom stanju. Termin \u201eljudska prava LGBTI osoba\u201c ne uklju\u010duje neka \u201eposebna prava\u201c ve\u0107 se radi o pravima koja pripadaju svim ljudima (bez obzira na njihovu rasu, &hellip;<\/p>\n<p class=\"read-more\"> <a class=\"\" href=\"https:\/\/lori.hr\/en\/ljudska-prava-lgbti-osoba\/\"> <span class=\"screen-reader-text\">Human rights of LGBTI persons<\/span> Read More \u00bb<\/a><\/p>","protected":false},"author":1,"featured_media":0,"parent":0,"menu_order":0,"comment_status":"closed","ping_status":"closed","template":"","meta":{"_uag_custom_page_level_css":"","site-sidebar-layout":"no-sidebar","site-content-layout":"page-builder","ast-site-content-layout":"","site-content-style":"default","site-sidebar-style":"default","ast-global-header-display":"","ast-banner-title-visibility":"","ast-main-header-display":"","ast-hfb-above-header-display":"","ast-hfb-below-header-display":"","ast-hfb-mobile-header-display":"","site-post-title":"disabled","ast-breadcrumbs-content":"","ast-featured-img":"disabled","footer-sml-layout":"","theme-transparent-header-meta":"","adv-header-id-meta":"","stick-header-meta":"","header-above-stick-meta":"","header-main-stick-meta":"","header-below-stick-meta":"","astra-migrate-meta-layouts":"","footnotes":""},"class_list":["post-8798","page","type-page","status-publish","hentry"],"uagb_featured_image_src":{"full":false,"thumbnail":false,"medium":false,"medium_large":false,"large":false,"1536x1536":false,"2048x2048":false,"trp-custom-language-flag":false},"uagb_author_info":{"display_name":"LORI","author_link":"https:\/\/lori.hr\/en\/author\/ikenji\/"},"uagb_comment_info":0,"uagb_excerpt":"Ljudska prava LGBTI osoba Prava LGBTI osoba nisu prava izolirane skupine, njihova za\u0161tita i promicanje u pravu nije stvaranje ne\u010dega izvanrednoga \u0161to bi trebalo posebno opravdavati kao svojevrsni \u201edodatak\u201c uobi\u010dajenom stanju. Termin \u201eljudska prava LGBTI osoba\u201c ne uklju\u010duje neka \u201eposebna prava\u201c ve\u0107 se radi o pravima koja pripadaju svim ljudima (bez obzira na njihovu rasu,&hellip;","_links":{"self":[{"href":"https:\/\/lori.hr\/en\/wp-json\/wp\/v2\/pages\/8798","targetHints":{"allow":["GET"]}}],"collection":[{"href":"https:\/\/lori.hr\/en\/wp-json\/wp\/v2\/pages"}],"about":[{"href":"https:\/\/lori.hr\/en\/wp-json\/wp\/v2\/types\/page"}],"author":[{"embeddable":true,"href":"https:\/\/lori.hr\/en\/wp-json\/wp\/v2\/users\/1"}],"replies":[{"embeddable":true,"href":"https:\/\/lori.hr\/en\/wp-json\/wp\/v2\/comments?post=8798"}],"version-history":[{"count":10,"href":"https:\/\/lori.hr\/en\/wp-json\/wp\/v2\/pages\/8798\/revisions"}],"predecessor-version":[{"id":10226,"href":"https:\/\/lori.hr\/en\/wp-json\/wp\/v2\/pages\/8798\/revisions\/10226"}],"wp:attachment":[{"href":"https:\/\/lori.hr\/en\/wp-json\/wp\/v2\/media?parent=8798"}],"curies":[{"name":"wp","href":"https:\/\/api.w.org\/{rel}","templated":true}]}}