{"id":8809,"date":"2023-08-07T11:31:06","date_gmt":"2023-08-07T09:31:06","guid":{"rendered":"https:\/\/lori.hr\/?page_id=8809"},"modified":"2023-08-07T11:38:41","modified_gmt":"2023-08-07T09:38:41","slug":"prijava-diskriminacije-ili-nasilja-i-pravna-podrska","status":"publish","type":"page","link":"https:\/\/lori.hr\/en\/prijava-diskriminacije-ili-nasilja-i-pravna-podrska\/","title":{"rendered":"Reporting discrimination or violence and legal aid"},"content":{"rendered":"<div data-elementor-type=\"wp-page\" data-elementor-id=\"8809\" class=\"elementor elementor-8809\" data-elementor-post-type=\"page\">\n\t\t\t\t<div class=\"elementor-element elementor-element-31a7b83 navboja e-flex e-con-boxed e-con e-parent\" data-id=\"31a7b83\" data-element_type=\"container\" data-settings=\"{&quot;background_background&quot;:&quot;classic&quot;}\">\n\t\t\t\t\t<div class=\"e-con-inner\">\n\t\t\t\t<div class=\"elementor-element elementor-element-a5933a9 elementor-widget elementor-widget-spacer\" data-id=\"a5933a9\" data-element_type=\"widget\" data-widget_type=\"spacer.default\">\n\t\t\t\t\t\t\t<div class=\"elementor-spacer\">\n\t\t\t<div class=\"elementor-spacer-inner\"><\/div>\n\t\t<\/div>\n\t\t\t\t\t\t<\/div>\n\t\t\t\t\t<\/div>\n\t\t\t\t<\/div>\n\t\t<div class=\"elementor-element elementor-element-cccc41a e-flex e-con-boxed e-con e-parent\" data-id=\"cccc41a\" data-element_type=\"container\">\n\t\t\t\t\t<div class=\"e-con-inner\">\n\t\t\t\t<div class=\"elementor-element elementor-element-ed30ff9 elementor-widget elementor-widget-spacer\" data-id=\"ed30ff9\" data-element_type=\"widget\" data-widget_type=\"spacer.default\">\n\t\t\t\t\t\t\t<div class=\"elementor-spacer\">\n\t\t\t<div class=\"elementor-spacer-inner\"><\/div>\n\t\t<\/div>\n\t\t\t\t\t\t<\/div>\n\t\t\t\t<div class=\"elementor-element elementor-element-5e7460f elementor-widget elementor-widget-heading\" data-id=\"5e7460f\" data-element_type=\"widget\" data-widget_type=\"heading.default\">\n\t\t\t\t\t<h1 class=\"elementor-heading-title elementor-size-default\">Reporting discrimination or violence and legal aid<\/h1>\t\t\t\t<\/div>\n\t\t\t\t<div class=\"elementor-element elementor-element-2d08fb3 elementor-widget-divider--view-line elementor-widget elementor-widget-divider\" data-id=\"2d08fb3\" data-element_type=\"widget\" data-widget_type=\"divider.default\">\n\t\t\t\t\t\t\t<div class=\"elementor-divider\">\n\t\t\t<span class=\"elementor-divider-separator\">\n\t\t\t\t\t\t<\/span>\n\t\t<\/div>\n\t\t\t\t\t\t<\/div>\n\t\t\t\t<div class=\"elementor-element elementor-element-d9eb135 elementor-widget elementor-widget-spacer\" data-id=\"d9eb135\" data-element_type=\"widget\" data-widget_type=\"spacer.default\">\n\t\t\t\t\t\t\t<div class=\"elementor-spacer\">\n\t\t\t<div class=\"elementor-spacer-inner\"><\/div>\n\t\t<\/div>\n\t\t\t\t\t\t<\/div>\n\t\t\t\t\t<\/div>\n\t\t\t\t<\/div>\n\t\t<div class=\"elementor-element elementor-element-72ec370 e-flex e-con-boxed e-con e-parent\" data-id=\"72ec370\" data-element_type=\"container\">\n\t\t\t\t\t<div class=\"e-con-inner\">\n\t\t<div class=\"elementor-element elementor-element-fe7092a e-con-full e-flex e-con e-parent\" data-id=\"fe7092a\" data-element_type=\"container\">\n\t\t\t\t<div class=\"elementor-element elementor-element-e3f77c7 elementor-widget elementor-widget-text-editor\" data-id=\"e3f77c7\" data-element_type=\"widget\" data-widget_type=\"text-editor.default\">\n\t\t\t\t\t\t\t\t\t<p><span style=\"font-weight: 400;\">LORI provides free legal aid in person, by phone and by email\u00a0<\/span><a href=\"about:blank\"><span style=\"font-weight: 400;\">loricure@yahoo.com<\/span><\/a><span style=\"font-weight: 400;\">. In the case of personal visits, we kindly ask you to call and make an appointment first. Legal counselling is conducted by professionals (lawyers) and activists with many years of experience in the field of LGBTI human rights.<\/span><\/p><p><a href=\"https:\/\/lori.hr\/en\/pravna-podrska\/\">More about legal support.<\/a><\/p><p><span style=\"font-weight: 400;\">If you\u2019ve experienced discrimination and\/or violence because of your LGBTI identity, you can report it to Lesbian Organisation Rijeka - LORI per e-mail <\/span><a href=\"mailto:loricure@yahoo.com\"><span style=\"font-weight: 400;\">loricure@yahoo.com<\/span><\/a><span style=\"font-weight: 400;\">. <\/span><\/p><p><span style=\"font-weight: 400;\">Your private data will be kept confidential.<\/span><\/p>\t\t\t\t\t\t\t\t<\/div>\n\t\t\t\t<\/div>\n\t\t<div class=\"elementor-element elementor-element-8977020 e-con-full e-flex e-con e-parent\" data-id=\"8977020\" data-element_type=\"container\">\n\t\t\t\t<div class=\"elementor-element elementor-element-ba98f16 elementor-widget elementor-widget-image\" data-id=\"ba98f16\" data-element_type=\"widget\" data-widget_type=\"image.default\">\n\t\t\t\t\t\t\t\t\t\t\t\t<figure class=\"wp-caption\">\n\t\t\t\t\t\t\t\t\t\t<img loading=\"lazy\" decoding=\"async\" width=\"800\" height=\"800\" src=\"https:\/\/lori.hr\/wp-content\/uploads\/2023\/08\/Prijavi-nasilje.jpg\" class=\"attachment-large size-large wp-image-8811\" alt=\"\" srcset=\"https:\/\/lori.hr\/wp-content\/uploads\/2023\/08\/Prijavi-nasilje.jpg 800w, https:\/\/lori.hr\/wp-content\/uploads\/2023\/08\/Prijavi-nasilje-300x300.jpg 300w, https:\/\/lori.hr\/wp-content\/uploads\/2023\/08\/Prijavi-nasilje-150x150.jpg 150w, https:\/\/lori.hr\/wp-content\/uploads\/2023\/08\/Prijavi-nasilje-768x768.jpg 768w, https:\/\/lori.hr\/wp-content\/uploads\/2023\/08\/Prijavi-nasilje-12x12.jpg 12w\" sizes=\"auto, (max-width: 800px) 100vw, 800px\" \/>\t\t\t\t\t\t\t\t\t\t\t<figcaption class=\"widget-image-caption wp-caption-text\">Image by <a href=\"https:\/\/www.freepik.com\/free-vector\/hand-drawn-stop-homophobia-illustration_18895058.htm#query=violence%20against%20lgbt&amp;position=11&amp;from_view=search&amp;track=ais\" target=\"_blank\" rel=\"noopener\">Freepik<\/a><\/figcaption>\n\t\t\t\t\t\t\t\t\t\t<\/figure>\n\t\t\t\t\t\t\t\t\t<\/div>\n\t\t\t\t<\/div>\n\t\t\t\t\t<\/div>\n\t\t\t\t<\/div>\n\t\t<div class=\"elementor-element elementor-element-98b6064 e-flex e-con-boxed e-con e-parent\" data-id=\"98b6064\" data-element_type=\"container\">\n\t\t\t\t\t<div class=\"e-con-inner\">\n\t\t\t\t<div class=\"elementor-element elementor-element-cf9f45c elementor-widget elementor-widget-spacer\" data-id=\"cf9f45c\" data-element_type=\"widget\" data-widget_type=\"spacer.default\">\n\t\t\t\t\t\t\t<div class=\"elementor-spacer\">\n\t\t\t<div class=\"elementor-spacer-inner\"><\/div>\n\t\t<\/div>\n\t\t\t\t\t\t<\/div>\n\t\t\t\t\t<\/div>\n\t\t\t\t<\/div>\n\t\t\t\t<\/div>","protected":false},"excerpt":{"rendered":"<p>Prijava diskriminacije ili nasilja i pravna podr\u0161ka LORI pru\u017ea besplatnu pravnu podr\u0161ku u\u017eivo, telefonski i putem elektronske po\u0161te (e-mail:\u00a0loricure@yahoo.com). U slu\u010daju osobnih posjeta potrebno je prvo se najaviti i dogovoriti termin. Pravno savjetovanje provode stru\u010dne osobe (pravnice i pravnici) te aktivistkinje s dugogodi\u0161njim iskustvom u podru\u010dju LGBTI ljudskih prava. Vi\u0161e o pravnoj podr\u0161ci. Ako si &hellip;<\/p>\n<p class=\"read-more\"> <a class=\"\" href=\"https:\/\/lori.hr\/en\/prijava-diskriminacije-ili-nasilja-i-pravna-podrska\/\"> <span class=\"screen-reader-text\">Reporting discrimination or violence and legal aid<\/span> Read More \u00bb<\/a><\/p>","protected":false},"author":1,"featured_media":0,"parent":0,"menu_order":0,"comment_status":"closed","ping_status":"closed","template":"","meta":{"_uag_custom_page_level_css":"","site-sidebar-layout":"no-sidebar","site-content-layout":"page-builder","ast-site-content-layout":"","site-content-style":"default","site-sidebar-style":"default","ast-global-header-display":"","ast-banner-title-visibility":"","ast-main-header-display":"","ast-hfb-above-header-display":"","ast-hfb-below-header-display":"","ast-hfb-mobile-header-display":"","site-post-title":"disabled","ast-breadcrumbs-content":"","ast-featured-img":"disabled","footer-sml-layout":"","theme-transparent-header-meta":"","adv-header-id-meta":"","stick-header-meta":"","header-above-stick-meta":"","header-main-stick-meta":"","header-below-stick-meta":"","astra-migrate-meta-layouts":"","footnotes":""},"class_list":["post-8809","page","type-page","status-publish","hentry"],"uagb_featured_image_src":{"full":false,"thumbnail":false,"medium":false,"medium_large":false,"large":false,"1536x1536":false,"2048x2048":false,"trp-custom-language-flag":false},"uagb_author_info":{"display_name":"LORI","author_link":"https:\/\/lori.hr\/en\/author\/ikenji\/"},"uagb_comment_info":0,"uagb_excerpt":"Prijava diskriminacije ili nasilja i pravna podr\u0161ka LORI pru\u017ea besplatnu pravnu podr\u0161ku u\u017eivo, telefonski i putem elektronske po\u0161te (e-mail:\u00a0loricure@yahoo.com). U slu\u010daju osobnih posjeta potrebno je prvo se najaviti i dogovoriti termin. Pravno savjetovanje provode stru\u010dne osobe (pravnice i pravnici) te aktivistkinje s dugogodi\u0161njim iskustvom u podru\u010dju LGBTI ljudskih prava. Vi\u0161e o pravnoj podr\u0161ci. Ako si&hellip;","_links":{"self":[{"href":"https:\/\/lori.hr\/en\/wp-json\/wp\/v2\/pages\/8809","targetHints":{"allow":["GET"]}}],"collection":[{"href":"https:\/\/lori.hr\/en\/wp-json\/wp\/v2\/pages"}],"about":[{"href":"https:\/\/lori.hr\/en\/wp-json\/wp\/v2\/types\/page"}],"author":[{"embeddable":true,"href":"https:\/\/lori.hr\/en\/wp-json\/wp\/v2\/users\/1"}],"replies":[{"embeddable":true,"href":"https:\/\/lori.hr\/en\/wp-json\/wp\/v2\/comments?post=8809"}],"version-history":[{"count":4,"href":"https:\/\/lori.hr\/en\/wp-json\/wp\/v2\/pages\/8809\/revisions"}],"predecessor-version":[{"id":8814,"href":"https:\/\/lori.hr\/en\/wp-json\/wp\/v2\/pages\/8809\/revisions\/8814"}],"wp:attachment":[{"href":"https:\/\/lori.hr\/en\/wp-json\/wp\/v2\/media?parent=8809"}],"curies":[{"name":"wp","href":"https:\/\/api.w.org\/{rel}","templated":true}]}}