{"id":9155,"date":"2023-10-06T11:03:18","date_gmt":"2023-10-06T09:03:18","guid":{"rendered":"https:\/\/lori.hr\/?page_id=9155"},"modified":"2023-10-30T10:10:12","modified_gmt":"2023-10-30T09:10:12","slug":"ivona-hemen","status":"publish","type":"page","link":"https:\/\/lori.hr\/en\/ivona-hemen\/","title":{"rendered":"Ivona Hemen"},"content":{"rendered":"<div data-elementor-type=\"wp-page\" data-elementor-id=\"9155\" class=\"elementor elementor-9155\" data-elementor-post-type=\"page\">\n\t\t\t\t<div class=\"elementor-element elementor-element-4b836fb navboja e-flex e-con-boxed e-con e-parent\" data-id=\"4b836fb\" data-element_type=\"container\" data-settings=\"{&quot;background_background&quot;:&quot;classic&quot;}\">\n\t\t\t\t\t<div class=\"e-con-inner\">\n\t\t\t\t<div class=\"elementor-element elementor-element-329e2be3 elementor-widget elementor-widget-spacer\" data-id=\"329e2be3\" data-element_type=\"widget\" data-widget_type=\"spacer.default\">\n\t\t\t\t\t\t\t<div class=\"elementor-spacer\">\n\t\t\t<div class=\"elementor-spacer-inner\"><\/div>\n\t\t<\/div>\n\t\t\t\t\t\t<\/div>\n\t\t\t\t\t<\/div>\n\t\t\t\t<\/div>\n\t\t<div class=\"elementor-element elementor-element-7ccf9d9e e-flex e-con-boxed e-con e-parent\" data-id=\"7ccf9d9e\" data-element_type=\"container\">\n\t\t\t\t\t<div class=\"e-con-inner\">\n\t\t\t\t<div class=\"elementor-element elementor-element-4318e72f elementor-widget elementor-widget-spacer\" data-id=\"4318e72f\" data-element_type=\"widget\" data-widget_type=\"spacer.default\">\n\t\t\t\t\t\t\t<div class=\"elementor-spacer\">\n\t\t\t<div class=\"elementor-spacer-inner\"><\/div>\n\t\t<\/div>\n\t\t\t\t\t\t<\/div>\n\t\t\t\t<div class=\"elementor-element elementor-element-2671777f elementor-widget elementor-widget-heading\" data-id=\"2671777f\" data-element_type=\"widget\" data-widget_type=\"heading.default\">\n\t\t\t\t\t<h1 class=\"elementor-heading-title elementor-size-xl\">Ivona Hemen<\/h1>\t\t\t\t<\/div>\n\t\t\t\t<div class=\"elementor-element elementor-element-5527c178 elementor-widget-divider--view-line elementor-widget elementor-widget-divider\" data-id=\"5527c178\" data-element_type=\"widget\" data-widget_type=\"divider.default\">\n\t\t\t\t\t\t\t<div class=\"elementor-divider\">\n\t\t\t<span class=\"elementor-divider-separator\">\n\t\t\t\t\t\t<\/span>\n\t\t<\/div>\n\t\t\t\t\t\t<\/div>\n\t\t\t\t\t<\/div>\n\t\t\t\t<\/div>\n\t\t<div class=\"elementor-element elementor-element-1d09aec e-flex e-con-boxed e-con e-parent\" data-id=\"1d09aec\" data-element_type=\"container\">\n\t\t\t\t\t<div class=\"e-con-inner\">\n\t\t<div class=\"elementor-element elementor-element-1764ca9f e-con-full e-flex e-con e-child\" data-id=\"1764ca9f\" data-element_type=\"container\">\n\t\t\t\t<div class=\"elementor-element elementor-element-271e81fb elementor-widget elementor-widget-text-editor\" data-id=\"271e81fb\" data-element_type=\"widget\" data-widget_type=\"text-editor.default\">\n\t\t\t\t\t\t\t\t\t<h3 class=\"subtitle\">psihologinja<\/h3><div class=\"address\">\u00a0<\/div><div class=\"contact\"><h3><span style=\"font-size: 1.5em; font-weight: bold;\">Other information<\/span><\/h3><\/div><p>Iskustvo u savjetovanju\/psihoterapiji:\u00a0<strong>DA<\/strong><\/p><p>Primarna podru\u010dja rada: <strong>klini\u010dka psihologija,<\/strong> <strong>psiholo\u0161ka savjetovanja, radionice..<\/strong><\/p><p>Iskustvo u radu s LGBTIQ osobama:\u00a0<strong>DA<\/strong>\u00a0<\/p><p>Edukacija u tijeku:<\/p><p><strong>Kognitivno-bihevioralna terapija (2. stupanj u tijeku), EMDR (zavr\u0161en level 2), Terapija usmjerena na suosje\u0107anje (CFT)<\/strong><\/p><p>Dodatne edukacije i vje\u0161tine:<\/p><p><strong>CFT-E (Terapija usmjerena na suosje\u0107anje za poreme\u0107aje hranjenja)<\/strong><\/p><p><strong>KBT-E (Kognitivno-bihevioralna terapija za poreme\u0107aje hranjenja, u tijeku)<\/strong><\/p><p><strong>Edukacija za savjetovanje LGBT osoba (Commonpoint platforma)<\/strong><\/p>\t\t\t\t\t\t\t\t<\/div>\n\t\t\t\t<\/div>\n\t\t<div class=\"elementor-element elementor-element-3b439c9a e-con-full e-flex e-con e-child\" data-id=\"3b439c9a\" data-element_type=\"container\" data-settings=\"{&quot;background_background&quot;:&quot;classic&quot;}\">\n\t\t\t\t<div class=\"elementor-element elementor-element-7b5b0321 elementor-widget elementor-widget-spacer\" data-id=\"7b5b0321\" data-element_type=\"widget\" data-widget_type=\"spacer.default\">\n\t\t\t\t\t\t\t<div class=\"elementor-spacer\">\n\t\t\t<div class=\"elementor-spacer-inner\"><\/div>\n\t\t<\/div>\n\t\t\t\t\t\t<\/div>\n\t\t\t\t<div class=\"elementor-element elementor-element-7d2769c4 elementor-widget elementor-widget-heading\" data-id=\"7d2769c4\" data-element_type=\"widget\" data-widget_type=\"heading.default\">\n\t\t\t\t\t<h2 class=\"elementor-heading-title elementor-size-default\">Contact:<\/h2>\t\t\t\t<\/div>\n\t\t\t\t<div class=\"elementor-element elementor-element-5e927039 elementor-widget elementor-widget-text-editor\" data-id=\"5e927039\" data-element_type=\"widget\" data-widget_type=\"text-editor.default\">\n\t\t\t\t\t\t\t\t\t<div class=\"address\"><h3>Adresa<\/h3><p>Zagreb<br \/>10000<\/p><\/div><div class=\"contact\"><h3>Contact us<\/h3><p><span id=\"cloak81026\">E-mail: <a href=\"mailto:info@dugeioblaci.com\" target=\"_blank\" rel=\"nofollow noopener noreferrer\" shape=\"rect\">info@dugeioblaci.com<\/a><\/span><\/p><\/div>\t\t\t\t\t\t\t\t<\/div>\n\t\t\t\t<\/div>\n\t\t\t\t\t<\/div>\n\t\t\t\t<\/div>\n\t\t<div class=\"elementor-element elementor-element-15b4f1ca e-flex e-con-boxed e-con e-parent\" data-id=\"15b4f1ca\" data-element_type=\"container\" data-settings=\"{&quot;background_background&quot;:&quot;classic&quot;}\">\n\t\t\t\t\t<div class=\"e-con-inner\">\n\t\t<div class=\"elementor-element elementor-element-36a20988 e-con-full e-flex e-con e-child\" data-id=\"36a20988\" data-element_type=\"container\">\n\t\t\t\t<div class=\"elementor-element elementor-element-3f6035ed elementor-widget elementor-widget-spacer\" data-id=\"3f6035ed\" data-element_type=\"widget\" data-widget_type=\"spacer.default\">\n\t\t\t\t\t\t\t<div class=\"elementor-spacer\">\n\t\t\t<div class=\"elementor-spacer-inner\"><\/div>\n\t\t<\/div>\n\t\t\t\t\t\t<\/div>\n\t\t\t\t<\/div>\n\t\t\t\t\t<\/div>\n\t\t\t\t<\/div>\n\t\t\t\t<\/div>","protected":false},"excerpt":{"rendered":"<p>Ivona Hemen psihologinja \u00a0 Ostale informacije Iskustvo u savjetovanju\/psihoterapiji:\u00a0DA Primarna podru\u010dja rada: klini\u010dka psihologija, psiholo\u0161ka savjetovanja, radionice.. Iskustvo u radu s LGBTIQ osobama:\u00a0DA\u00a0 Edukacija u tijeku: Kognitivno-bihevioralna terapija (2. stupanj u tijeku), EMDR (zavr\u0161en level 2), Terapija usmjerena na suosje\u0107anje (CFT) Dodatne edukacije i vje\u0161tine: CFT-E (Terapija usmjerena na suosje\u0107anje za poreme\u0107aje hranjenja) KBT-E (Kognitivno-bihevioralna &hellip;<\/p>\n<p class=\"read-more\"> <a class=\"\" href=\"https:\/\/lori.hr\/en\/ivona-hemen\/\"> <span class=\"screen-reader-text\">Ivona Hemen<\/span> Read More \u00bb<\/a><\/p>","protected":false},"author":1,"featured_media":0,"parent":0,"menu_order":0,"comment_status":"closed","ping_status":"closed","template":"","meta":{"_uag_custom_page_level_css":"","site-sidebar-layout":"no-sidebar","site-content-layout":"page-builder","ast-site-content-layout":"full-width-container","site-content-style":"default","site-sidebar-style":"default","ast-global-header-display":"","ast-banner-title-visibility":"","ast-main-header-display":"","ast-hfb-above-header-display":"","ast-hfb-below-header-display":"","ast-hfb-mobile-header-display":"","site-post-title":"disabled","ast-breadcrumbs-content":"","ast-featured-img":"disabled","footer-sml-layout":"","theme-transparent-header-meta":"","adv-header-id-meta":"","stick-header-meta":"","header-above-stick-meta":"","header-main-stick-meta":"","header-below-stick-meta":"","astra-migrate-meta-layouts":"set","footnotes":""},"class_list":["post-9155","page","type-page","status-publish","hentry"],"uagb_featured_image_src":{"full":false,"thumbnail":false,"medium":false,"medium_large":false,"large":false,"1536x1536":false,"2048x2048":false,"trp-custom-language-flag":false},"uagb_author_info":{"display_name":"LORI","author_link":"https:\/\/lori.hr\/en\/author\/ikenji\/"},"uagb_comment_info":0,"uagb_excerpt":"Ivona Hemen psihologinja \u00a0 Ostale informacije Iskustvo u savjetovanju\/psihoterapiji:\u00a0DA Primarna podru\u010dja rada: klini\u010dka psihologija, psiholo\u0161ka savjetovanja, radionice.. Iskustvo u radu s LGBTIQ osobama:\u00a0DA\u00a0 Edukacija u tijeku: Kognitivno-bihevioralna terapija (2. stupanj u tijeku), EMDR (zavr\u0161en level 2), Terapija usmjerena na suosje\u0107anje (CFT) Dodatne edukacije i vje\u0161tine: CFT-E (Terapija usmjerena na suosje\u0107anje za poreme\u0107aje hranjenja) KBT-E (Kognitivno-bihevioralna&hellip;","_links":{"self":[{"href":"https:\/\/lori.hr\/en\/wp-json\/wp\/v2\/pages\/9155","targetHints":{"allow":["GET"]}}],"collection":[{"href":"https:\/\/lori.hr\/en\/wp-json\/wp\/v2\/pages"}],"about":[{"href":"https:\/\/lori.hr\/en\/wp-json\/wp\/v2\/types\/page"}],"author":[{"embeddable":true,"href":"https:\/\/lori.hr\/en\/wp-json\/wp\/v2\/users\/1"}],"replies":[{"embeddable":true,"href":"https:\/\/lori.hr\/en\/wp-json\/wp\/v2\/comments?post=9155"}],"version-history":[{"count":7,"href":"https:\/\/lori.hr\/en\/wp-json\/wp\/v2\/pages\/9155\/revisions"}],"predecessor-version":[{"id":9258,"href":"https:\/\/lori.hr\/en\/wp-json\/wp\/v2\/pages\/9155\/revisions\/9258"}],"wp:attachment":[{"href":"https:\/\/lori.hr\/en\/wp-json\/wp\/v2\/media?parent=9155"}],"curies":[{"name":"wp","href":"https:\/\/api.w.org\/{rel}","templated":true}]}}