{"id":9176,"date":"2023-10-11T16:34:06","date_gmt":"2023-10-11T14:34:06","guid":{"rendered":"https:\/\/lori.hr\/?page_id=9176"},"modified":"2023-11-03T15:51:10","modified_gmt":"2023-11-03T14:51:10","slug":"mladi-za-lgbtiq-mlade-info","status":"publish","type":"page","link":"https:\/\/lori.hr\/en\/mladi-za-lgbtiq-mlade-info\/","title":{"rendered":"Youth for LGBTIQ+ Youth"},"content":{"rendered":"<div data-elementor-type=\"wp-page\" data-elementor-id=\"9176\" class=\"elementor elementor-9176\" data-elementor-post-type=\"page\">\n\t\t\t\t<div class=\"elementor-element elementor-element-7dc4a75 e-con-full e-flex e-con e-parent\" data-id=\"7dc4a75\" data-element_type=\"container\">\n\t\t\t\t<div class=\"elementor-element elementor-element-651b6d4 elementor-grid-1 elementor-posts--thumbnail-top elementor-grid-tablet-2 elementor-grid-mobile-1 elementor-widget elementor-widget-posts\" data-id=\"651b6d4\" data-element_type=\"widget\" data-settings=\"{&quot;custom_columns&quot;:&quot;1&quot;,&quot;custom_columns_tablet&quot;:&quot;2&quot;,&quot;custom_columns_mobile&quot;:&quot;1&quot;,&quot;custom_row_gap&quot;:{&quot;unit&quot;:&quot;px&quot;,&quot;size&quot;:35,&quot;sizes&quot;:[]},&quot;custom_row_gap_tablet&quot;:{&quot;unit&quot;:&quot;px&quot;,&quot;size&quot;:&quot;&quot;,&quot;sizes&quot;:[]},&quot;custom_row_gap_mobile&quot;:{&quot;unit&quot;:&quot;px&quot;,&quot;size&quot;:&quot;&quot;,&quot;sizes&quot;:[]}}\" data-widget_type=\"posts.custom\">\n\t\t\t\t<div class=\"elementor-widget-container\">\n\t\t\t\t\t      <div class=\"ecs-posts elementor-posts-container elementor-posts   elementor-grid elementor-posts--skin-custom\" data-settings=\"{&quot;current_page&quot;:1,&quot;max_num_pages&quot;:2,&quot;load_method&quot;:&quot;&quot;,&quot;widget_id&quot;:&quot;651b6d4&quot;,&quot;post_id&quot;:9176,&quot;theme_id&quot;:9176,&quot;change_url&quot;:false,&quot;reinit_js&quot;:false}\">\n      \t\t<article id=\"post-9172\" class=\"elementor-post elementor-grid-item ecs-post-loop post-9172 post type-post status-publish format-standard has-post-thumbnail hentry category-mladi-za-lgbtiq-mlade category-projekti category-vijesti tag-mladi-za-lgbtiq-mlade tag-mladi-za-mlade\">\n\t\t\t\t<div data-elementor-type=\"loop\" data-elementor-id=\"2852\" class=\"elementor elementor-2852 post-9172 post type-post status-publish format-standard has-post-thumbnail hentry category-mladi-za-lgbtiq-mlade category-projekti category-vijesti tag-mladi-za-lgbtiq-mlade tag-mladi-za-mlade ast-article-single\" data-elementor-post-type=\"elementor_library\">\n\t\t\t<div class=\"elementor-element elementor-element-de97702 navboja e-flex e-con-boxed e-con e-parent\" data-id=\"de97702\" data-element_type=\"container\" data-settings=\"{&quot;background_background&quot;:&quot;classic&quot;}\">\n\t\t\t\t\t<div class=\"e-con-inner\">\n\t\t\t\t\t<\/div>\n\t\t\t\t<\/div>\n\t\t\t\t<section class=\"elementor-section elementor-top-section elementor-element elementor-element-tgzfp4i elementor-section-boxed elementor-section-height-default elementor-section-height-default\" data-id=\"tgzfp4i\" data-element_type=\"section\" data-settings=\"{&quot;background_background&quot;:&quot;classic&quot;}\">\n\t\t\t\t\t\t<div class=\"elementor-container elementor-column-gap-wide\">\n\t\t\t\t\t<div class=\"elementor-column elementor-col-50 elementor-top-column elementor-element elementor-element-743a8dc\" data-id=\"743a8dc\" data-element_type=\"column\">\n\t\t\t<div class=\"elementor-widget-wrap elementor-element-populated\">\n\t\t\t\t\t\t<div class=\"elementor-element elementor-element-1adb994 elementor-widget elementor-widget-heading\" data-id=\"1adb994\" data-element_type=\"widget\" data-widget_type=\"heading.default\">\n\t\t\t\t\t<h4 class=\"elementor-heading-title elementor-size-default\">Project Info<\/h4>\t\t\t\t<\/div>\n\t\t\t\t<div class=\"elementor-element elementor-element-2eee888 elementor-widget-divider--view-line elementor-widget elementor-widget-divider\" data-id=\"2eee888\" data-element_type=\"widget\" data-widget_type=\"divider.default\">\n\t\t\t\t\t\t\t<div class=\"elementor-divider\">\n\t\t\t<span class=\"elementor-divider-separator\">\n\t\t\t\t\t\t<\/span>\n\t\t<\/div>\n\t\t\t\t\t\t<\/div>\n\t\t\t\t<div class=\"elementor-element elementor-element-63bb6ca elementor-widget elementor-widget-spacer\" data-id=\"63bb6ca\" data-element_type=\"widget\" data-widget_type=\"spacer.default\">\n\t\t\t\t\t\t\t<div class=\"elementor-spacer\">\n\t\t\t<div class=\"elementor-spacer-inner\"><\/div>\n\t\t<\/div>\n\t\t\t\t\t\t<\/div>\n\t\t\t\t<div class=\"elementor-element elementor-element-1deb56e elementor-widget elementor-widget-theme-post-featured-image elementor-widget-image\" data-id=\"1deb56e\" data-element_type=\"widget\" data-widget_type=\"theme-post-featured-image.default\">\n\t\t\t\t\t\t\t\t\t\t\t\t\t\t\t<img fetchpriority=\"high\" decoding=\"async\" width=\"800\" height=\"524\" src=\"https:\/\/lori.hr\/wp-content\/uploads\/2023\/07\/Mladi-za-mladeLGBTIQ.jpg\" class=\"attachment-large size-large wp-image-9332\" alt=\"\" srcset=\"https:\/\/lori.hr\/wp-content\/uploads\/2023\/07\/Mladi-za-mladeLGBTIQ.jpg 800w, https:\/\/lori.hr\/wp-content\/uploads\/2023\/07\/Mladi-za-mladeLGBTIQ-300x197.jpg 300w, https:\/\/lori.hr\/wp-content\/uploads\/2023\/07\/Mladi-za-mladeLGBTIQ-150x98.jpg 150w, https:\/\/lori.hr\/wp-content\/uploads\/2023\/07\/Mladi-za-mladeLGBTIQ-768x503.jpg 768w, https:\/\/lori.hr\/wp-content\/uploads\/2023\/07\/Mladi-za-mladeLGBTIQ-18x12.jpg 18w\" sizes=\"(max-width: 800px) 100vw, 800px\" \/>\t\t\t\t\t\t\t\t\t\t\t\t\t\t\t<\/div>\n\t\t\t\t\t<\/div>\n\t\t<\/div>\n\t\t\t\t<div class=\"elementor-column elementor-col-50 elementor-top-column elementor-element elementor-element-121b9dd\" data-id=\"121b9dd\" data-element_type=\"column\">\n\t\t\t<div class=\"elementor-widget-wrap elementor-element-populated\">\n\t\t\t\t\t\t<div class=\"elementor-element elementor-element-7d7771c elementor-widget elementor-widget-post-info\" data-id=\"7d7771c\" data-element_type=\"widget\" data-widget_type=\"post-info.default\">\n\t\t\t\t\t\t\t<ul class=\"elementor-inline-items elementor-icon-list-items elementor-post-info\">\n\t\t\t\t\t\t\t\t<li class=\"elementor-icon-list-item elementor-repeater-item-456ac92 elementor-inline-item\" itemprop=\"author\">\n\t\t\t\t\t\t<a href=\"https:\/\/lori.hr\/en\/author\/ikenji\/\">\n\t\t\t\t\t\t\t\t\t\t\t\t\t\t<span class=\"elementor-icon-list-text elementor-post-info__item elementor-post-info__item--type-author\">\n\t\t\t\t\t\t\t\t\t\tLORI\t\t\t\t\t<\/span>\n\t\t\t\t\t\t\t\t\t<\/a>\n\t\t\t\t<\/li>\n\t\t\t\t<li class=\"elementor-icon-list-item elementor-repeater-item-2bfc2c2 elementor-inline-item\" itemprop=\"datePublished\">\n\t\t\t\t\t\t<a href=\"https:\/\/lori.hr\/en\/2023\/07\/30\/\">\n\t\t\t\t\t\t\t\t\t\t\t\t\t\t<span class=\"elementor-icon-list-text elementor-post-info__item elementor-post-info__item--type-date\">\n\t\t\t\t\t\t\t\t\t\t<time>July 30, 2023<\/time>\t\t\t\t\t<\/span>\n\t\t\t\t\t\t\t\t\t<\/a>\n\t\t\t\t<\/li>\n\t\t\t\t<\/ul>\n\t\t\t\t\t\t<\/div>\n\t\t\t\t<div class=\"elementor-element elementor-element-d06221c elementor-widget elementor-widget-heading\" data-id=\"d06221c\" data-element_type=\"widget\" data-widget_type=\"heading.default\">\n\t\t\t\t\t<h1 class=\"elementor-heading-title elementor-size-default\"><a href=\"https:\/\/lori.hr\/en\/mladi-za-lgbtiq-mlade\/\">Youth for LGBTIQ+ Youth<\/a><\/h1>\t\t\t\t<\/div>\n\t\t\t\t<div class=\"elementor-element elementor-element-7a2db10 elementor-widget elementor-widget-spacer\" data-id=\"7a2db10\" data-element_type=\"widget\" data-widget_type=\"spacer.default\">\n\t\t\t\t\t\t\t<div class=\"elementor-spacer\">\n\t\t\t<div class=\"elementor-spacer-inner\"><\/div>\n\t\t<\/div>\n\t\t\t\t\t\t<\/div>\n\t\t\t\t<div class=\"elementor-element elementor-element-fee7fdf elementor-widget elementor-widget-text-editor\" data-id=\"fee7fdf\" data-element_type=\"widget\" data-widget_type=\"text-editor.default\">\n\t\t\t\t\t\t\t\t\tThe project \"Youth for LGBTIQ+ Youth\" is conducted by the Lesbian Organisation Rijeka - LORI (Project Coordinator) and Norsensus Mediaforum (Norway) from July 26th to October 15th , 2023. Project is worth \u20ac5,733.90, supported by the Active Citizens Fund Program in Croatia from the Fund for Bilateral Cooperation. This collaboration is a continuation of the project \"Support Inclusive Education - Building a Safe Future\"\t\t\t\t\t\t\t\t<\/div>\n\t\t\t\t<div class=\"elementor-element elementor-element-460b6bd elementor-widget elementor-widget-spacer\" data-id=\"460b6bd\" data-element_type=\"widget\" data-widget_type=\"spacer.default\">\n\t\t\t\t\t\t\t<div class=\"elementor-spacer\">\n\t\t\t<div class=\"elementor-spacer-inner\"><\/div>\n\t\t<\/div>\n\t\t\t\t\t\t<\/div>\n\t\t\t\t<div class=\"elementor-element elementor-element-20b40df elementor-widget elementor-widget-button\" data-id=\"20b40df\" data-element_type=\"widget\" data-widget_type=\"button.default\">\n\t\t\t\t\t\t\t\t\t\t<a class=\"elementor-button elementor-button-link elementor-size-xs\" href=\"https:\/\/lori.hr\/en\/mladi-za-lgbtiq-mlade\/\">\n\t\t\t\t\t\t<span class=\"elementor-button-content-wrapper\">\n\t\t\t\t\t\t\t\t\t<span class=\"elementor-button-text\">Read more<\/span>\n\t\t\t\t\t<\/span>\n\t\t\t\t\t<\/a>\n\t\t\t\t\t\t\t\t<\/div>\n\t\t\t\t\t<\/div>\n\t\t<\/div>\n\t\t\t\t\t<\/div>\n\t\t<\/section>\n\t\t\t\t<\/div>\n\t\t\t\t<\/article>\n\t\t\t\t<\/div>\n\t\t\t\t\t\t<\/div>\n\t\t\t\t<\/div>\n\t\t\t\t<\/div>\n\t\t<div class=\"elementor-element elementor-element-19d4553 e-flex e-con-boxed e-con e-parent\" data-id=\"19d4553\" data-element_type=\"container\">\n\t\t\t\t\t<div class=\"e-con-inner\">\n\t\t\t\t<div class=\"elementor-element elementor-element-8707a96 elementor-widget elementor-widget-spacer\" data-id=\"8707a96\" data-element_type=\"widget\" data-widget_type=\"spacer.default\">\n\t\t\t\t\t\t\t<div class=\"elementor-spacer\">\n\t\t\t<div class=\"elementor-spacer-inner\"><\/div>\n\t\t<\/div>\n\t\t\t\t\t\t<\/div>\n\t\t\t\t\t<\/div>\n\t\t\t\t<\/div>\n\t\t<div class=\"elementor-element elementor-element-fff1724 e-flex e-con-boxed e-con e-parent\" data-id=\"fff1724\" data-element_type=\"container\">\n\t\t\t\t\t<div class=\"e-con-inner\">\n\t\t\t\t<div class=\"elementor-element elementor-element-20b45fb elementor-widget elementor-widget-heading\" data-id=\"20b45fb\" data-element_type=\"widget\" data-widget_type=\"heading.default\">\n\t\t\t\t\t<h4 class=\"elementor-heading-title elementor-size-default\">Other Project News<\/h4>\t\t\t\t<\/div>\n\t\t\t\t<div class=\"elementor-element elementor-element-3493ce2 elementor-widget-divider--view-line elementor-widget elementor-widget-divider\" data-id=\"3493ce2\" data-element_type=\"widget\" data-widget_type=\"divider.default\">\n\t\t\t\t\t\t\t<div class=\"elementor-divider\">\n\t\t\t<span class=\"elementor-divider-separator\">\n\t\t\t\t\t\t<\/span>\n\t\t<\/div>\n\t\t\t\t\t\t<\/div>\n\t\t\t\t\t<\/div>\n\t\t\t\t<\/div>\n\t\t<div class=\"elementor-element elementor-element-169e55e e-flex e-con-boxed e-con e-parent\" data-id=\"169e55e\" data-element_type=\"container\">\n\t\t\t\t\t<div class=\"e-con-inner\">\n\t\t\t\t<div class=\"elementor-element elementor-element-4700e90 elementor-grid-1 elementor-posts--thumbnail-top elementor-grid-tablet-2 elementor-grid-mobile-1 elementor-widget elementor-widget-posts\" data-id=\"4700e90\" data-element_type=\"widget\" data-settings=\"{&quot;custom_columns&quot;:&quot;1&quot;,&quot;custom_row_gap&quot;:{&quot;unit&quot;:&quot;px&quot;,&quot;size&quot;:10,&quot;sizes&quot;:[]},&quot;custom_columns_tablet&quot;:&quot;2&quot;,&quot;custom_columns_mobile&quot;:&quot;1&quot;,&quot;custom_row_gap_tablet&quot;:{&quot;unit&quot;:&quot;px&quot;,&quot;size&quot;:&quot;&quot;,&quot;sizes&quot;:[]},&quot;custom_row_gap_mobile&quot;:{&quot;unit&quot;:&quot;px&quot;,&quot;size&quot;:&quot;&quot;,&quot;sizes&quot;:[]}}\" data-widget_type=\"posts.custom\">\n\t\t\t\t<div class=\"elementor-widget-container\">\n\t\t\t\t\t      <div class=\"ecs-posts elementor-posts-container elementor-posts   elementor-grid elementor-posts--skin-custom\" data-settings=\"{&quot;current_page&quot;:1,&quot;max_num_pages&quot;:1,&quot;load_method&quot;:&quot;&quot;,&quot;widget_id&quot;:&quot;4700e90&quot;,&quot;post_id&quot;:9172,&quot;theme_id&quot;:9176,&quot;change_url&quot;:false,&quot;reinit_js&quot;:false}\">\n      \t\t<article id=\"post-9294\" class=\"elementor-post elementor-grid-item ecs-post-loop post-9294 post type-post status-publish format-standard has-post-thumbnail hentry category-mladi-za-lgbtiq-mlade category-vijesti tag-lgbt-mladi tag-mladi-za-mlade\">\n\t\t\t\t<div data-elementor-type=\"loop\" data-elementor-id=\"2040\" class=\"elementor elementor-2040 post-9294 post type-post status-publish format-standard has-post-thumbnail hentry category-mladi-za-lgbtiq-mlade category-vijesti tag-lgbt-mladi tag-mladi-za-mlade ast-article-single\" data-elementor-post-type=\"elementor_library\">\n\t\t\t<div class=\"elementor-element elementor-element-5c3275a e-flex e-con-boxed e-con e-parent\" data-id=\"5c3275a\" data-element_type=\"container\">\n\t\t\t\t\t<div class=\"e-con-inner\">\n\t\t<div class=\"elementor-element elementor-element-0494139 e-con-full e-flex e-con e-parent\" data-id=\"0494139\" data-element_type=\"container\">\n\t\t\t\t<div class=\"elementor-element elementor-element-d65a9ff elementor-widget elementor-widget-theme-post-featured-image elementor-widget-image\" data-id=\"d65a9ff\" data-element_type=\"widget\" data-widget_type=\"theme-post-featured-image.default\">\n\t\t\t\t\t\t\t\t\t\t\t\t\t\t\t\t<a href=\"https:\/\/lori.hr\/en\/odrzane-radionice-za-mlade-grupa-mladih-lori-uci-i-raste\/\">\n\t\t\t\t\t\t\t<img decoding=\"async\" width=\"768\" height=\"397\" src=\"https:\/\/lori.hr\/wp-content\/uploads\/2023\/11\/Grupa-mladih-768x397.jpg\" class=\"attachment-medium_large size-medium_large wp-image-9295\" alt=\"\" srcset=\"https:\/\/lori.hr\/wp-content\/uploads\/2023\/11\/Grupa-mladih-768x397.jpg 768w, https:\/\/lori.hr\/wp-content\/uploads\/2023\/11\/Grupa-mladih-300x155.jpg 300w, https:\/\/lori.hr\/wp-content\/uploads\/2023\/11\/Grupa-mladih-150x78.jpg 150w, https:\/\/lori.hr\/wp-content\/uploads\/2023\/11\/Grupa-mladih-18x9.jpg 18w, https:\/\/lori.hr\/wp-content\/uploads\/2023\/11\/Grupa-mladih.jpg 800w\" sizes=\"(max-width: 768px) 100vw, 768px\" \/>\t\t\t\t\t\t\t\t<\/a>\n\t\t\t\t\t\t\t\t\t\t\t\t\t\t\t<\/div>\n\t\t\t\t<\/div>\n\t\t<div class=\"elementor-element elementor-element-368f4cd e-con-full e-flex e-con e-parent\" data-id=\"368f4cd\" data-element_type=\"container\">\n\t\t\t\t<div class=\"elementor-element elementor-element-6db2fbb elementor-widget elementor-widget-text-editor\" data-id=\"6db2fbb\" data-element_type=\"widget\" data-widget_type=\"text-editor.default\">\n\t\t\t\t\t\t\t\t\t<a href=\"https:\/\/lori.hr\/en\/category\/mladi-za-lgbtiq-mlade\/\" rel=\"tag\">Youth for LGBTIQ+ Youth<\/a>, <a href=\"https:\/\/lori.hr\/en\/category\/vijesti\/\" rel=\"tag\">News<\/a>\t\t\t\t\t\t\t\t<\/div>\n\t\t\t\t<div class=\"elementor-element elementor-element-d83a0f6 elementor-widget elementor-widget-heading\" data-id=\"d83a0f6\" data-element_type=\"widget\" data-widget_type=\"heading.default\">\n\t\t\t\t\t<h2 class=\"elementor-heading-title elementor-size-default\"><a href=\"https:\/\/lori.hr\/en\/odrzane-radionice-za-mlade-grupa-mladih-lori-uci-i-raste\/\">Odr\u017eane radionice za mlade: Grupa mladih LORI u\u010di i raste<\/a><\/h2>\t\t\t\t<\/div>\n\t\t\t\t<div class=\"elementor-element elementor-element-069c166 elementor-widget elementor-widget-text-editor\" data-id=\"069c166\" data-element_type=\"widget\" data-widget_type=\"text-editor.default\">\n\t\t\t\t\t\t\t\t\tGenijalan projekt \u201eMladi za LGBTIQ+ mlade\u201c omogu\u0107io je nastavak suradnje s norve\u0161kim partnerom Norsensus Mediaforum, organizacijom koja radi na pobolj\u0161anju prakse medijske i informacijske pismenosti, zagovaranju i gra\u0111anskom sudjelovanju u dru\u0161tvu s primarnim fokusom na osna\u017eivanje mladih i\t\t\t\t\t\t\t\t<\/div>\n\t\t\t\t<div class=\"elementor-element elementor-element-e877166 elementor-widget elementor-widget-button\" data-id=\"e877166\" data-element_type=\"widget\" data-widget_type=\"button.default\">\n\t\t\t\t\t\t\t\t\t\t<a class=\"elementor-button elementor-button-link elementor-size-xs\" href=\"https:\/\/lori.hr\/en\/odrzane-radionice-za-mlade-grupa-mladih-lori-uci-i-raste\/\">\n\t\t\t\t\t\t<span class=\"elementor-button-content-wrapper\">\n\t\t\t\t\t\t\t\t\t<span class=\"elementor-button-text\">Read more<\/span>\n\t\t\t\t\t<\/span>\n\t\t\t\t\t<\/a>\n\t\t\t\t\t\t\t\t<\/div>\n\t\t\t\t<\/div>\n\t\t\t\t\t<\/div>\n\t\t\t\t<\/div>\n\t\t\t\t<\/div>\n\t\t\t\t<\/article>\n\t\t\t\t<\/div>\n\t\t\t\t\t\t<\/div>\n\t\t\t\t<\/div>\n\t\t\t\t\t<\/div>\n\t\t\t\t<\/div>\n\t\t<div class=\"elementor-element elementor-element-ff2849b e-flex e-con-boxed e-con e-parent\" data-id=\"ff2849b\" data-element_type=\"container\">\n\t\t\t\t\t<div class=\"e-con-inner\">\n\t\t\t\t<div class=\"elementor-element elementor-element-29ffc94 elementor-widget elementor-widget-spacer\" data-id=\"29ffc94\" data-element_type=\"widget\" data-widget_type=\"spacer.default\">\n\t\t\t\t\t\t\t<div class=\"elementor-spacer\">\n\t\t\t<div class=\"elementor-spacer-inner\"><\/div>\n\t\t<\/div>\n\t\t\t\t\t\t<\/div>\n\t\t\t\t\t<\/div>\n\t\t\t\t<\/div>\n\t\t\t\t<\/div>","protected":false},"excerpt":{"rendered":"<p>Other Project News<\/p>","protected":false},"author":1,"featured_media":9174,"parent":0,"menu_order":0,"comment_status":"closed","ping_status":"closed","template":"","meta":{"_uag_custom_page_level_css":"","site-sidebar-layout":"no-sidebar","site-content-layout":"page-builder","ast-site-content-layout":"full-width-container","site-content-style":"default","site-sidebar-style":"default","ast-global-header-display":"","ast-banner-title-visibility":"","ast-main-header-display":"","ast-hfb-above-header-display":"","ast-hfb-below-header-display":"","ast-hfb-mobile-header-display":"","site-post-title":"disabled","ast-breadcrumbs-content":"","ast-featured-img":"disabled","footer-sml-layout":"","theme-transparent-header-meta":"","adv-header-id-meta":"","stick-header-meta":"","header-above-stick-meta":"","header-main-stick-meta":"","header-below-stick-meta":"","astra-migrate-meta-layouts":"set","footnotes":""},"class_list":["post-9176","page","type-page","status-publish","has-post-thumbnail","hentry"],"uagb_featured_image_src":{"full":["https:\/\/lori.hr\/wp-content\/uploads\/2023\/10\/Radionica-Bilateralna-suradnja.jpg",800,600,false],"thumbnail":["https:\/\/lori.hr\/wp-content\/uploads\/2023\/10\/Radionica-Bilateralna-suradnja-150x113.jpg",150,113,true],"medium":["https:\/\/lori.hr\/wp-content\/uploads\/2023\/10\/Radionica-Bilateralna-suradnja-300x225.jpg",300,225,true],"medium_large":["https:\/\/lori.hr\/wp-content\/uploads\/2023\/10\/Radionica-Bilateralna-suradnja-768x576.jpg",768,576,true],"large":["https:\/\/lori.hr\/wp-content\/uploads\/2023\/10\/Radionica-Bilateralna-suradnja.jpg",800,600,false],"1536x1536":["https:\/\/lori.hr\/wp-content\/uploads\/2023\/10\/Radionica-Bilateralna-suradnja.jpg",800,600,false],"2048x2048":["https:\/\/lori.hr\/wp-content\/uploads\/2023\/10\/Radionica-Bilateralna-suradnja.jpg",800,600,false],"trp-custom-language-flag":["https:\/\/lori.hr\/wp-content\/uploads\/2023\/10\/Radionica-Bilateralna-suradnja-16x12.jpg",16,12,true]},"uagb_author_info":{"display_name":"LORI","author_link":"https:\/\/lori.hr\/en\/author\/ikenji\/"},"uagb_comment_info":0,"uagb_excerpt":"Ostale objave","_links":{"self":[{"href":"https:\/\/lori.hr\/en\/wp-json\/wp\/v2\/pages\/9176","targetHints":{"allow":["GET"]}}],"collection":[{"href":"https:\/\/lori.hr\/en\/wp-json\/wp\/v2\/pages"}],"about":[{"href":"https:\/\/lori.hr\/en\/wp-json\/wp\/v2\/types\/page"}],"author":[{"embeddable":true,"href":"https:\/\/lori.hr\/en\/wp-json\/wp\/v2\/users\/1"}],"replies":[{"embeddable":true,"href":"https:\/\/lori.hr\/en\/wp-json\/wp\/v2\/comments?post=9176"}],"version-history":[{"count":13,"href":"https:\/\/lori.hr\/en\/wp-json\/wp\/v2\/pages\/9176\/revisions"}],"predecessor-version":[{"id":9311,"href":"https:\/\/lori.hr\/en\/wp-json\/wp\/v2\/pages\/9176\/revisions\/9311"}],"wp:featuredmedia":[{"embeddable":true,"href":"https:\/\/lori.hr\/en\/wp-json\/wp\/v2\/media\/9174"}],"wp:attachment":[{"href":"https:\/\/lori.hr\/en\/wp-json\/wp\/v2\/media?parent=9176"}],"curies":[{"name":"wp","href":"https:\/\/api.w.org\/{rel}","templated":true}]}}