{"id":9521,"date":"2024-01-25T13:03:54","date_gmt":"2024-01-25T12:03:54","guid":{"rendered":"https:\/\/lori.hr\/?page_id=9521"},"modified":"2024-01-25T13:04:11","modified_gmt":"2024-01-25T12:04:11","slug":"ana-marija-lusicic","status":"publish","type":"page","link":"https:\/\/lori.hr\/en\/ana-marija-lusicic\/","title":{"rendered":"Ana-Marija Lu\u0161i\u010di\u0107"},"content":{"rendered":"<div data-elementor-type=\"wp-page\" data-elementor-id=\"9521\" class=\"elementor elementor-9521\" data-elementor-post-type=\"page\">\n\t\t\t\t<div class=\"elementor-element elementor-element-2b347282 navboja e-flex e-con-boxed e-con e-parent\" data-id=\"2b347282\" data-element_type=\"container\" data-settings=\"{&quot;background_background&quot;:&quot;classic&quot;}\">\n\t\t\t\t\t<div class=\"e-con-inner\">\n\t\t\t\t<div class=\"elementor-element elementor-element-1c986c38 elementor-widget elementor-widget-spacer\" data-id=\"1c986c38\" data-element_type=\"widget\" data-widget_type=\"spacer.default\">\n\t\t\t\t\t\t\t<div class=\"elementor-spacer\">\n\t\t\t<div class=\"elementor-spacer-inner\"><\/div>\n\t\t<\/div>\n\t\t\t\t\t\t<\/div>\n\t\t\t\t\t<\/div>\n\t\t\t\t<\/div>\n\t\t<div class=\"elementor-element elementor-element-3b792c6c e-flex e-con-boxed e-con e-parent\" data-id=\"3b792c6c\" data-element_type=\"container\">\n\t\t\t\t\t<div class=\"e-con-inner\">\n\t\t\t\t<div class=\"elementor-element elementor-element-57085c66 elementor-widget elementor-widget-spacer\" data-id=\"57085c66\" data-element_type=\"widget\" data-widget_type=\"spacer.default\">\n\t\t\t\t\t\t\t<div class=\"elementor-spacer\">\n\t\t\t<div class=\"elementor-spacer-inner\"><\/div>\n\t\t<\/div>\n\t\t\t\t\t\t<\/div>\n\t\t\t\t<div class=\"elementor-element elementor-element-373bc814 elementor-widget elementor-widget-heading\" data-id=\"373bc814\" data-element_type=\"widget\" data-widget_type=\"heading.default\">\n\t\t\t\t\t<h1 class=\"elementor-heading-title elementor-size-xl\">Ana-Marija Lu\u0161i\u010di\u0107<\/h1>\t\t\t\t<\/div>\n\t\t\t\t<div class=\"elementor-element elementor-element-65b0c701 elementor-widget-divider--view-line elementor-widget elementor-widget-divider\" data-id=\"65b0c701\" data-element_type=\"widget\" data-widget_type=\"divider.default\">\n\t\t\t\t\t\t\t<div class=\"elementor-divider\">\n\t\t\t<span class=\"elementor-divider-separator\">\n\t\t\t\t\t\t<\/span>\n\t\t<\/div>\n\t\t\t\t\t\t<\/div>\n\t\t\t\t\t<\/div>\n\t\t\t\t<\/div>\n\t\t<div class=\"elementor-element elementor-element-3455b5bc e-flex e-con-boxed e-con e-parent\" data-id=\"3455b5bc\" data-element_type=\"container\">\n\t\t\t\t\t<div class=\"e-con-inner\">\n\t\t<div class=\"elementor-element elementor-element-62a1e070 e-con-full e-flex e-con e-child\" data-id=\"62a1e070\" data-element_type=\"container\">\n\t\t\t\t<div class=\"elementor-element elementor-element-135a0fe elementor-widget elementor-widget-text-editor\" data-id=\"135a0fe\" data-element_type=\"widget\" data-widget_type=\"text-editor.default\">\n\t\t\t\t\t\t\t\t\t<h3 class=\"subtitle\">magistra psihologije<\/h3><div class=\"address\">\u00a0<\/div><div class=\"contact\"><h3><span style=\"font-size: 1.5em; font-weight: bold;\">Informacije<\/span><\/h3><\/div><p>Iskustvo u savjetovanju\/psihoterapiji:\u00a0<strong>DA<\/strong><\/p><p>Primarna podru\u010dja rada:\u00a0<strong>klini\u010dka i zdravstvena psihologija<\/strong><\/p><p>Iskustvo u radu s LGBTIQ osobama:\u00a0<strong>DA<\/strong>\u00a0<\/p><p>Zavr\u0161ena edukacija:<\/p><ul><li><strong>Ekspresivna art terapija ( 2 godine edukacije + 2 godine asistent u edukaciji)<\/strong><\/li><li><strong>EMDR \u2013 prvi stupanj<\/strong><\/li><li><strong>NLP practitioner<\/strong><\/li><li><strong>Grupna psihoanaliza \u2013 uvodni stupanj<\/strong><\/li><\/ul><p>Edukacija u tijeku:<\/p><ul><li><strong>Transakcijska analiza \u00a0&#8211; zavr\u0161ena formalna edukacija, pod supervizijom (pred polaganjem za zavr\u0161ni ispit)<\/strong><\/li><\/ul><p>Dodatne edukacije i vje\u0161tine:<\/p><ul><li><strong>Poslijediplomski te\u010daj trajnog usavr\u0161avanja I kategorije \u201eSuvremeni pristup transseksualnosti\u201c<\/strong><\/li><li><strong>Europska radionica o traumatskom stresu \u2013 EWOTS (prakti\u010dna i klini\u010dka iskustva rada s razli\u010ditim traumatiziranim populacijama)<\/strong><\/li><li><strong>Inovativni pristupi mentalnom zdravlju u zajednici (Hearing voices pokret)<\/strong><\/li><\/ul>\t\t\t\t\t\t\t\t<\/div>\n\t\t\t\t<\/div>\n\t\t<div class=\"elementor-element elementor-element-7aa696df e-con-full e-flex e-con e-child\" data-id=\"7aa696df\" data-element_type=\"container\" data-settings=\"{&quot;background_background&quot;:&quot;classic&quot;}\">\n\t\t\t\t<div class=\"elementor-element elementor-element-4d60df12 elementor-widget elementor-widget-spacer\" data-id=\"4d60df12\" data-element_type=\"widget\" data-widget_type=\"spacer.default\">\n\t\t\t\t\t\t\t<div class=\"elementor-spacer\">\n\t\t\t<div class=\"elementor-spacer-inner\"><\/div>\n\t\t<\/div>\n\t\t\t\t\t\t<\/div>\n\t\t<div class=\"elementor-element elementor-element-3867ed2c e-flex e-con-boxed e-con e-child\" data-id=\"3867ed2c\" data-element_type=\"container\" data-settings=\"{&quot;background_background&quot;:&quot;classic&quot;}\">\n\t\t\t\t\t<div class=\"e-con-inner\">\n\t\t\t\t<div class=\"elementor-element elementor-element-683fa867 elementor-widget elementor-widget-heading\" data-id=\"683fa867\" data-element_type=\"widget\" data-widget_type=\"heading.default\">\n\t\t\t\t\t<h2 class=\"elementor-heading-title elementor-size-default\">Contact:<\/h2>\t\t\t\t<\/div>\n\t\t\t\t<div class=\"elementor-element elementor-element-88bf933 elementor-widget elementor-widget-text-editor\" data-id=\"88bf933\" data-element_type=\"widget\" data-widget_type=\"text-editor.default\">\n\t\t\t\t\t\t\t\t\t<div class=\"address\"><h3>Grad<\/h3><p>Rijeka<br \/>51000<\/p><\/div><div class=\"contact\"><h3>Contact us<\/h3><p><span id=\"cloak81026\">E-mail: anamarija.lusicic@yahoo.com<\/span><\/p><\/div>\t\t\t\t\t\t\t\t<\/div>\n\t\t\t\t\t<\/div>\n\t\t\t\t<\/div>\n\t\t\t\t<\/div>\n\t\t\t\t\t<\/div>\n\t\t\t\t<\/div>\n\t\t<div class=\"elementor-element elementor-element-6611456a e-flex e-con-boxed e-con e-parent\" data-id=\"6611456a\" data-element_type=\"container\" data-settings=\"{&quot;background_background&quot;:&quot;classic&quot;}\">\n\t\t\t\t\t<div class=\"e-con-inner\">\n\t\t<div class=\"elementor-element elementor-element-2dba9f59 e-con-full e-flex e-con e-child\" data-id=\"2dba9f59\" data-element_type=\"container\">\n\t\t\t\t<div class=\"elementor-element elementor-element-2f447a62 elementor-widget elementor-widget-spacer\" data-id=\"2f447a62\" data-element_type=\"widget\" data-widget_type=\"spacer.default\">\n\t\t\t\t\t\t\t<div class=\"elementor-spacer\">\n\t\t\t<div class=\"elementor-spacer-inner\"><\/div>\n\t\t<\/div>\n\t\t\t\t\t\t<\/div>\n\t\t\t\t<\/div>\n\t\t\t\t\t<\/div>\n\t\t\t\t<\/div>\n\t\t\t\t<\/div>","protected":false},"excerpt":{"rendered":"<p>Ana-Marija Lu\u0161i\u010di\u0107 magistra psihologije \u00a0 Informacije Iskustvo u savjetovanju\/psihoterapiji:\u00a0DA Primarna podru\u010dja rada:\u00a0klini\u010dka i zdravstvena psihologija Iskustvo u radu s LGBTIQ osobama:\u00a0DA\u00a0 Zavr\u0161ena edukacija: Ekspresivna art terapija ( 2 godine edukacije + 2 godine asistent u edukaciji) EMDR \u2013 prvi stupanj NLP practitioner Grupna psihoanaliza \u2013 uvodni stupanj Edukacija u tijeku: Transakcijska analiza \u00a0&#8211; zavr\u0161ena formalna &hellip;<\/p>\n<p class=\"read-more\"> <a class=\"\" href=\"https:\/\/lori.hr\/en\/ana-marija-lusicic\/\"> <span class=\"screen-reader-text\">Ana-Marija Lu\u0161i\u010di\u0107<\/span> Read More \u00bb<\/a><\/p>","protected":false},"author":1,"featured_media":0,"parent":0,"menu_order":0,"comment_status":"closed","ping_status":"closed","template":"","meta":{"_uag_custom_page_level_css":"","site-sidebar-layout":"no-sidebar","site-content-layout":"page-builder","ast-site-content-layout":"full-width-container","site-content-style":"default","site-sidebar-style":"default","ast-global-header-display":"","ast-banner-title-visibility":"","ast-main-header-display":"","ast-hfb-above-header-display":"","ast-hfb-below-header-display":"","ast-hfb-mobile-header-display":"","site-post-title":"disabled","ast-breadcrumbs-content":"","ast-featured-img":"disabled","footer-sml-layout":"","theme-transparent-header-meta":"","adv-header-id-meta":"","stick-header-meta":"","header-above-stick-meta":"","header-main-stick-meta":"","header-below-stick-meta":"","astra-migrate-meta-layouts":"set","footnotes":""},"class_list":["post-9521","page","type-page","status-publish","hentry"],"uagb_featured_image_src":{"full":false,"thumbnail":false,"medium":false,"medium_large":false,"large":false,"1536x1536":false,"2048x2048":false,"trp-custom-language-flag":false},"uagb_author_info":{"display_name":"LORI","author_link":"https:\/\/lori.hr\/en\/author\/ikenji\/"},"uagb_comment_info":0,"uagb_excerpt":"Ana-Marija Lu\u0161i\u010di\u0107 magistra psihologije \u00a0 Informacije Iskustvo u savjetovanju\/psihoterapiji:\u00a0DA Primarna podru\u010dja rada:\u00a0klini\u010dka i zdravstvena psihologija Iskustvo u radu s LGBTIQ osobama:\u00a0DA\u00a0 Zavr\u0161ena edukacija: Ekspresivna art terapija ( 2 godine edukacije + 2 godine asistent u edukaciji) EMDR \u2013 prvi stupanj NLP practitioner Grupna psihoanaliza \u2013 uvodni stupanj Edukacija u tijeku: Transakcijska analiza \u00a0&#8211; zavr\u0161ena formalna&hellip;","_links":{"self":[{"href":"https:\/\/lori.hr\/en\/wp-json\/wp\/v2\/pages\/9521","targetHints":{"allow":["GET"]}}],"collection":[{"href":"https:\/\/lori.hr\/en\/wp-json\/wp\/v2\/pages"}],"about":[{"href":"https:\/\/lori.hr\/en\/wp-json\/wp\/v2\/types\/page"}],"author":[{"embeddable":true,"href":"https:\/\/lori.hr\/en\/wp-json\/wp\/v2\/users\/1"}],"replies":[{"embeddable":true,"href":"https:\/\/lori.hr\/en\/wp-json\/wp\/v2\/comments?post=9521"}],"version-history":[{"count":4,"href":"https:\/\/lori.hr\/en\/wp-json\/wp\/v2\/pages\/9521\/revisions"}],"predecessor-version":[{"id":9525,"href":"https:\/\/lori.hr\/en\/wp-json\/wp\/v2\/pages\/9521\/revisions\/9525"}],"wp:attachment":[{"href":"https:\/\/lori.hr\/en\/wp-json\/wp\/v2\/media?parent=9521"}],"curies":[{"name":"wp","href":"https:\/\/api.w.org\/{rel}","templated":true}]}}