{"id":9905,"date":"2024-04-09T14:59:14","date_gmt":"2024-04-09T12:59:14","guid":{"rendered":"https:\/\/lori.hr\/?page_id=9905"},"modified":"2024-04-09T15:01:27","modified_gmt":"2024-04-09T13:01:27","slug":"akcija-nocni-mars-za-dan-zena","status":"publish","type":"page","link":"https:\/\/lori.hr\/en\/akcija-nocni-mars-za-dan-zena\/","title":{"rendered":"Akcija: No\u0107ni mar\u0161 za Dan \u017eena"},"content":{"rendered":"<div data-elementor-type=\"wp-page\" data-elementor-id=\"9905\" class=\"elementor elementor-9905\" data-elementor-post-type=\"page\">\n\t\t\t\t<div class=\"elementor-element elementor-element-5e1ea3c e-con-full e-flex e-con e-parent\" data-id=\"5e1ea3c\" data-element_type=\"container\">\n\t\t\t\t<div class=\"elementor-element elementor-element-a934dc4 elementor-grid-1 elementor-posts--thumbnail-top elementor-grid-tablet-2 elementor-grid-mobile-1 elementor-widget elementor-widget-posts\" data-id=\"a934dc4\" data-element_type=\"widget\" data-settings=\"{&quot;custom_columns&quot;:&quot;1&quot;,&quot;custom_columns_tablet&quot;:&quot;2&quot;,&quot;custom_columns_mobile&quot;:&quot;1&quot;,&quot;custom_row_gap&quot;:{&quot;unit&quot;:&quot;px&quot;,&quot;size&quot;:35,&quot;sizes&quot;:[]},&quot;custom_row_gap_tablet&quot;:{&quot;unit&quot;:&quot;px&quot;,&quot;size&quot;:&quot;&quot;,&quot;sizes&quot;:[]},&quot;custom_row_gap_mobile&quot;:{&quot;unit&quot;:&quot;px&quot;,&quot;size&quot;:&quot;&quot;,&quot;sizes&quot;:[]}}\" data-widget_type=\"posts.custom\">\n\t\t\t\t<div class=\"elementor-widget-container\">\n\t\t\t\t\t      <div class=\"ecs-posts elementor-posts-container elementor-posts   elementor-grid elementor-posts--skin-custom\" data-settings=\"{&quot;current_page&quot;:1,&quot;max_num_pages&quot;:3,&quot;load_method&quot;:&quot;&quot;,&quot;widget_id&quot;:&quot;a934dc4&quot;,&quot;post_id&quot;:9905,&quot;theme_id&quot;:9905,&quot;change_url&quot;:false,&quot;reinit_js&quot;:false}\">\n      \t\t<article id=\"post-11405\" class=\"elementor-post elementor-grid-item ecs-post-loop post-11405 post type-post status-publish format-standard has-post-thumbnail hentry category-vijesti category-akcija-nocni-mars-za-dan-zena\">\n\t\t\t\t<div data-elementor-type=\"loop\" data-elementor-id=\"2852\" class=\"elementor elementor-2852 post-11405 post type-post status-publish format-standard has-post-thumbnail hentry category-vijesti category-akcija-nocni-mars-za-dan-zena ast-article-single\" data-elementor-post-type=\"elementor_library\">\n\t\t\t<div class=\"elementor-element elementor-element-de97702 navboja e-flex e-con-boxed e-con e-parent\" data-id=\"de97702\" data-element_type=\"container\" data-settings=\"{&quot;background_background&quot;:&quot;classic&quot;}\">\n\t\t\t\t\t<div class=\"e-con-inner\">\n\t\t\t\t\t<\/div>\n\t\t\t\t<\/div>\n\t\t\t\t<section class=\"elementor-section elementor-top-section elementor-element elementor-element-tgzfp4i elementor-section-boxed elementor-section-height-default elementor-section-height-default\" data-id=\"tgzfp4i\" data-element_type=\"section\" data-settings=\"{&quot;background_background&quot;:&quot;classic&quot;}\">\n\t\t\t\t\t\t<div class=\"elementor-container elementor-column-gap-wide\">\n\t\t\t\t\t<div class=\"elementor-column elementor-col-50 elementor-top-column elementor-element elementor-element-743a8dc\" data-id=\"743a8dc\" data-element_type=\"column\">\n\t\t\t<div class=\"elementor-widget-wrap elementor-element-populated\">\n\t\t\t\t\t\t<div class=\"elementor-element elementor-element-1adb994 elementor-widget elementor-widget-heading\" data-id=\"1adb994\" data-element_type=\"widget\" data-widget_type=\"heading.default\">\n\t\t\t\t\t<h4 class=\"elementor-heading-title elementor-size-default\">Project Info<\/h4>\t\t\t\t<\/div>\n\t\t\t\t<div class=\"elementor-element elementor-element-2eee888 elementor-widget-divider--view-line elementor-widget elementor-widget-divider\" data-id=\"2eee888\" data-element_type=\"widget\" data-widget_type=\"divider.default\">\n\t\t\t\t\t\t\t<div class=\"elementor-divider\">\n\t\t\t<span class=\"elementor-divider-separator\">\n\t\t\t\t\t\t<\/span>\n\t\t<\/div>\n\t\t\t\t\t\t<\/div>\n\t\t\t\t<div class=\"elementor-element elementor-element-63bb6ca elementor-widget elementor-widget-spacer\" data-id=\"63bb6ca\" data-element_type=\"widget\" data-widget_type=\"spacer.default\">\n\t\t\t\t\t\t\t<div class=\"elementor-spacer\">\n\t\t\t<div class=\"elementor-spacer-inner\"><\/div>\n\t\t<\/div>\n\t\t\t\t\t\t<\/div>\n\t\t\t\t<div class=\"elementor-element elementor-element-1deb56e elementor-widget elementor-widget-theme-post-featured-image elementor-widget-image\" data-id=\"1deb56e\" data-element_type=\"widget\" data-widget_type=\"theme-post-featured-image.default\">\n\t\t\t\t\t\t\t\t\t\t\t\t\t\t\t<img fetchpriority=\"high\" decoding=\"async\" width=\"1000\" height=\"523\" src=\"https:\/\/lori.hr\/wp-content\/uploads\/2026\/03\/Nocni-mars-2026.jpg\" class=\"attachment-large size-large wp-image-11406\" alt=\"\" srcset=\"https:\/\/lori.hr\/wp-content\/uploads\/2026\/03\/Nocni-mars-2026.jpg 1000w, https:\/\/lori.hr\/wp-content\/uploads\/2026\/03\/Nocni-mars-2026-300x157.jpg 300w, https:\/\/lori.hr\/wp-content\/uploads\/2026\/03\/Nocni-mars-2026-150x78.jpg 150w, https:\/\/lori.hr\/wp-content\/uploads\/2026\/03\/Nocni-mars-2026-768x402.jpg 768w, https:\/\/lori.hr\/wp-content\/uploads\/2026\/03\/Nocni-mars-2026-18x9.jpg 18w\" sizes=\"(max-width: 1000px) 100vw, 1000px\" \/>\t\t\t\t\t\t\t\t\t\t\t\t\t\t\t<\/div>\n\t\t\t\t\t<\/div>\n\t\t<\/div>\n\t\t\t\t<div class=\"elementor-column elementor-col-50 elementor-top-column elementor-element elementor-element-121b9dd\" data-id=\"121b9dd\" data-element_type=\"column\">\n\t\t\t<div class=\"elementor-widget-wrap elementor-element-populated\">\n\t\t\t\t\t\t<div class=\"elementor-element elementor-element-7d7771c elementor-widget elementor-widget-post-info\" data-id=\"7d7771c\" data-element_type=\"widget\" data-widget_type=\"post-info.default\">\n\t\t\t\t\t\t\t<ul class=\"elementor-inline-items elementor-icon-list-items elementor-post-info\">\n\t\t\t\t\t\t\t\t<li class=\"elementor-icon-list-item elementor-repeater-item-456ac92 elementor-inline-item\" itemprop=\"author\">\n\t\t\t\t\t\t<a href=\"https:\/\/lori.hr\/en\/author\/ikenji\/\">\n\t\t\t\t\t\t\t\t\t\t\t\t\t\t<span class=\"elementor-icon-list-text elementor-post-info__item elementor-post-info__item--type-author\">\n\t\t\t\t\t\t\t\t\t\tLORI\t\t\t\t\t<\/span>\n\t\t\t\t\t\t\t\t\t<\/a>\n\t\t\t\t<\/li>\n\t\t\t\t<li class=\"elementor-icon-list-item elementor-repeater-item-2bfc2c2 elementor-inline-item\" itemprop=\"datePublished\">\n\t\t\t\t\t\t<a href=\"https:\/\/lori.hr\/en\/2026\/03\/04\/\">\n\t\t\t\t\t\t\t\t\t\t\t\t\t\t<span class=\"elementor-icon-list-text elementor-post-info__item elementor-post-info__item--type-date\">\n\t\t\t\t\t\t\t\t\t\t<time>March 4, 2026<\/time>\t\t\t\t\t<\/span>\n\t\t\t\t\t\t\t\t\t<\/a>\n\t\t\t\t<\/li>\n\t\t\t\t<\/ul>\n\t\t\t\t\t\t<\/div>\n\t\t\t\t<div class=\"elementor-element elementor-element-d06221c elementor-widget elementor-widget-heading\" data-id=\"d06221c\" data-element_type=\"widget\" data-widget_type=\"heading.default\">\n\t\t\t\t\t<h1 class=\"elementor-heading-title elementor-size-default\"><a href=\"https:\/\/lori.hr\/en\/nocni-mars-nema-antifasizma-bez-zena\/\">No\u0107ni mar\u0161: nema antifa\u0161izma bez \u017eena<\/a><\/h1>\t\t\t\t<\/div>\n\t\t\t\t<div class=\"elementor-element elementor-element-7a2db10 elementor-widget elementor-widget-spacer\" data-id=\"7a2db10\" data-element_type=\"widget\" data-widget_type=\"spacer.default\">\n\t\t\t\t\t\t\t<div class=\"elementor-spacer\">\n\t\t\t<div class=\"elementor-spacer-inner\"><\/div>\n\t\t<\/div>\n\t\t\t\t\t\t<\/div>\n\t\t\t\t<div class=\"elementor-element elementor-element-fee7fdf elementor-widget elementor-widget-text-editor\" data-id=\"fee7fdf\" data-element_type=\"widget\" data-widget_type=\"text-editor.default\">\n\t\t\t\t\t\t\t\t\tZa Me\u0111unarodni dan \u017eena izlazimo na ulice jer znamo: nema antifa\u0161izma bez \u017eena! Antifa\u0161izam nije samo dio povijesti \u2013 to je svakodnevna borba za slobodu, jednakost i dostojanstvo. \u017dene su oduvijek bile na prvim linijama otpora \u2013 od partizanki do dana\u0161njih radnica, studentica, umjetnica i aktivistkinja. Bez \u017eenskog otpora nema stvarne slobode. Okupljamo se\t\t\t\t\t\t\t\t<\/div>\n\t\t\t\t<div class=\"elementor-element elementor-element-460b6bd elementor-widget elementor-widget-spacer\" data-id=\"460b6bd\" data-element_type=\"widget\" data-widget_type=\"spacer.default\">\n\t\t\t\t\t\t\t<div class=\"elementor-spacer\">\n\t\t\t<div class=\"elementor-spacer-inner\"><\/div>\n\t\t<\/div>\n\t\t\t\t\t\t<\/div>\n\t\t\t\t<div class=\"elementor-element elementor-element-20b40df elementor-widget elementor-widget-button\" data-id=\"20b40df\" data-element_type=\"widget\" data-widget_type=\"button.default\">\n\t\t\t\t\t\t\t\t\t\t<a class=\"elementor-button elementor-button-link elementor-size-xs\" href=\"https:\/\/lori.hr\/en\/nocni-mars-nema-antifasizma-bez-zena\/\">\n\t\t\t\t\t\t<span class=\"elementor-button-content-wrapper\">\n\t\t\t\t\t\t\t\t\t<span class=\"elementor-button-text\">Read more<\/span>\n\t\t\t\t\t<\/span>\n\t\t\t\t\t<\/a>\n\t\t\t\t\t\t\t\t<\/div>\n\t\t\t\t\t<\/div>\n\t\t<\/div>\n\t\t\t\t\t<\/div>\n\t\t<\/section>\n\t\t\t\t<\/div>\n\t\t\t\t<\/article>\n\t\t\t\t<\/div>\n\t\t\t\t\t\t<\/div>\n\t\t\t\t<\/div>\n\t\t\t\t<\/div>\n\t\t<div class=\"elementor-element elementor-element-cb8b848 e-flex e-con-boxed e-con e-parent\" data-id=\"cb8b848\" data-element_type=\"container\">\n\t\t\t\t\t<div class=\"e-con-inner\">\n\t\t\t\t<div class=\"elementor-element elementor-element-42b2a7a elementor-widget elementor-widget-spacer\" data-id=\"42b2a7a\" data-element_type=\"widget\" data-widget_type=\"spacer.default\">\n\t\t\t\t\t\t\t<div class=\"elementor-spacer\">\n\t\t\t<div class=\"elementor-spacer-inner\"><\/div>\n\t\t<\/div>\n\t\t\t\t\t\t<\/div>\n\t\t\t\t\t<\/div>\n\t\t\t\t<\/div>\n\t\t<div class=\"elementor-element elementor-element-6d629ed e-flex e-con-boxed e-con e-parent\" data-id=\"6d629ed\" data-element_type=\"container\">\n\t\t\t\t\t<div class=\"e-con-inner\">\n\t\t\t\t<div class=\"elementor-element elementor-element-b8aafb2 elementor-widget elementor-widget-heading\" data-id=\"b8aafb2\" data-element_type=\"widget\" data-widget_type=\"heading.default\">\n\t\t\t\t\t<h4 class=\"elementor-heading-title elementor-size-default\">Other Project News<\/h4>\t\t\t\t<\/div>\n\t\t\t\t<div class=\"elementor-element elementor-element-8cf254b elementor-widget-divider--view-line elementor-widget elementor-widget-divider\" data-id=\"8cf254b\" data-element_type=\"widget\" data-widget_type=\"divider.default\">\n\t\t\t\t\t\t\t<div class=\"elementor-divider\">\n\t\t\t<span class=\"elementor-divider-separator\">\n\t\t\t\t\t\t<\/span>\n\t\t<\/div>\n\t\t\t\t\t\t<\/div>\n\t\t\t\t\t<\/div>\n\t\t\t\t<\/div>\n\t\t<div class=\"elementor-element elementor-element-9f04e02 e-flex e-con-boxed e-con e-parent\" data-id=\"9f04e02\" data-element_type=\"container\">\n\t\t\t\t\t<div class=\"e-con-inner\">\n\t\t\t\t<div class=\"elementor-element elementor-element-49f2f0c elementor-grid-1 elementor-posts--thumbnail-top elementor-grid-tablet-2 elementor-grid-mobile-1 elementor-widget elementor-widget-posts\" data-id=\"49f2f0c\" data-element_type=\"widget\" data-settings=\"{&quot;custom_columns&quot;:&quot;1&quot;,&quot;custom_columns_tablet&quot;:&quot;2&quot;,&quot;custom_columns_mobile&quot;:&quot;1&quot;,&quot;custom_row_gap&quot;:{&quot;unit&quot;:&quot;px&quot;,&quot;size&quot;:35,&quot;sizes&quot;:[]},&quot;custom_row_gap_tablet&quot;:{&quot;unit&quot;:&quot;px&quot;,&quot;size&quot;:&quot;&quot;,&quot;sizes&quot;:[]},&quot;custom_row_gap_mobile&quot;:{&quot;unit&quot;:&quot;px&quot;,&quot;size&quot;:&quot;&quot;,&quot;sizes&quot;:[]}}\" data-widget_type=\"posts.custom\">\n\t\t\t\t<div class=\"elementor-widget-container\">\n\t\t\t\t\t      <div class=\"ecs-posts elementor-posts-container elementor-posts   elementor-grid elementor-posts--skin-custom\" data-settings=\"{&quot;current_page&quot;:1,&quot;max_num_pages&quot;:1,&quot;load_method&quot;:&quot;&quot;,&quot;widget_id&quot;:&quot;49f2f0c&quot;,&quot;post_id&quot;:11405,&quot;theme_id&quot;:9905,&quot;change_url&quot;:false,&quot;reinit_js&quot;:false}\">\n      \t\t<article id=\"post-11405\" class=\"elementor-post elementor-grid-item ecs-post-loop post-11405 post type-post status-publish format-standard has-post-thumbnail hentry category-vijesti category-akcija-nocni-mars-za-dan-zena\">\n\t\t\t\t<div data-elementor-type=\"loop\" data-elementor-id=\"2040\" class=\"elementor elementor-2040 post-11405 post type-post status-publish format-standard has-post-thumbnail hentry category-vijesti category-akcija-nocni-mars-za-dan-zena ast-article-single\" data-elementor-post-type=\"elementor_library\">\n\t\t\t<div class=\"elementor-element elementor-element-5c3275a e-flex e-con-boxed e-con e-parent\" data-id=\"5c3275a\" data-element_type=\"container\">\n\t\t\t\t\t<div class=\"e-con-inner\">\n\t\t<div class=\"elementor-element elementor-element-0494139 e-con-full e-flex e-con e-parent\" data-id=\"0494139\" data-element_type=\"container\">\n\t\t\t\t<div class=\"elementor-element elementor-element-d65a9ff elementor-widget elementor-widget-theme-post-featured-image elementor-widget-image\" data-id=\"d65a9ff\" data-element_type=\"widget\" data-widget_type=\"theme-post-featured-image.default\">\n\t\t\t\t\t\t\t\t\t\t\t\t\t\t\t\t<a href=\"https:\/\/lori.hr\/en\/nocni-mars-nema-antifasizma-bez-zena\/\">\n\t\t\t\t\t\t\t<img decoding=\"async\" width=\"768\" height=\"402\" src=\"https:\/\/lori.hr\/wp-content\/uploads\/2026\/03\/Nocni-mars-2026-768x402.jpg\" class=\"attachment-medium_large size-medium_large wp-image-11406\" alt=\"\" srcset=\"https:\/\/lori.hr\/wp-content\/uploads\/2026\/03\/Nocni-mars-2026-768x402.jpg 768w, https:\/\/lori.hr\/wp-content\/uploads\/2026\/03\/Nocni-mars-2026-300x157.jpg 300w, https:\/\/lori.hr\/wp-content\/uploads\/2026\/03\/Nocni-mars-2026-150x78.jpg 150w, https:\/\/lori.hr\/wp-content\/uploads\/2026\/03\/Nocni-mars-2026-18x9.jpg 18w, https:\/\/lori.hr\/wp-content\/uploads\/2026\/03\/Nocni-mars-2026.jpg 1000w\" sizes=\"(max-width: 768px) 100vw, 768px\" \/>\t\t\t\t\t\t\t\t<\/a>\n\t\t\t\t\t\t\t\t\t\t\t\t\t\t\t<\/div>\n\t\t\t\t<\/div>\n\t\t<div class=\"elementor-element elementor-element-368f4cd e-con-full e-flex e-con e-parent\" data-id=\"368f4cd\" data-element_type=\"container\">\n\t\t\t\t<div class=\"elementor-element elementor-element-6db2fbb elementor-widget elementor-widget-text-editor\" data-id=\"6db2fbb\" data-element_type=\"widget\" data-widget_type=\"text-editor.default\">\n\t\t\t\t\t\t\t\t\t<a href=\"https:\/\/lori.hr\/en\/category\/vijesti\/\" rel=\"tag\">News<\/a>, <a href=\"https:\/\/lori.hr\/en\/category\/akcija-nocni-mars-za-dan-zena\/\" rel=\"tag\">Akcija: No\u0107ni mar\u0161 za Dan \u017eena<\/a>\t\t\t\t\t\t\t\t<\/div>\n\t\t\t\t<div class=\"elementor-element elementor-element-d83a0f6 elementor-widget elementor-widget-heading\" data-id=\"d83a0f6\" data-element_type=\"widget\" data-widget_type=\"heading.default\">\n\t\t\t\t\t<h2 class=\"elementor-heading-title elementor-size-default\"><a href=\"https:\/\/lori.hr\/en\/nocni-mars-nema-antifasizma-bez-zena\/\">No\u0107ni mar\u0161: nema antifa\u0161izma bez \u017eena<\/a><\/h2>\t\t\t\t<\/div>\n\t\t\t\t<div class=\"elementor-element elementor-element-069c166 elementor-widget elementor-widget-text-editor\" data-id=\"069c166\" data-element_type=\"widget\" data-widget_type=\"text-editor.default\">\n\t\t\t\t\t\t\t\t\tZa Me\u0111unarodni dan \u017eena izlazimo na ulice jer znamo: nema antifa\u0161izma bez \u017eena! Antifa\u0161izam nije samo dio povijesti \u2013 to je svakodnevna borba za slobodu, jednakost i dostojanstvo. \u017dene su oduvijek bile na prvim linijama otpora \u2013 od\t\t\t\t\t\t\t\t<\/div>\n\t\t\t\t<div class=\"elementor-element elementor-element-e877166 elementor-widget elementor-widget-button\" data-id=\"e877166\" data-element_type=\"widget\" data-widget_type=\"button.default\">\n\t\t\t\t\t\t\t\t\t\t<a class=\"elementor-button elementor-button-link elementor-size-xs\" href=\"https:\/\/lori.hr\/en\/nocni-mars-nema-antifasizma-bez-zena\/\">\n\t\t\t\t\t\t<span class=\"elementor-button-content-wrapper\">\n\t\t\t\t\t\t\t\t\t<span class=\"elementor-button-text\">Read more<\/span>\n\t\t\t\t\t<\/span>\n\t\t\t\t\t<\/a>\n\t\t\t\t\t\t\t\t<\/div>\n\t\t\t\t<\/div>\n\t\t\t\t\t<\/div>\n\t\t\t\t<\/div>\n\t\t\t\t<\/div>\n\t\t\t\t<\/article>\n\t\t\t\t<article id=\"post-9639\" class=\"elementor-post elementor-grid-item ecs-post-loop post-9639 post type-post status-publish format-standard has-post-thumbnail hentry category-akcija-nocni-mars-za-dan-zena category-vijesti\">\n\t\t\t\t<div data-elementor-type=\"loop\" data-elementor-id=\"2040\" class=\"elementor elementor-2040 post-9639 post type-post status-publish format-standard has-post-thumbnail hentry category-akcija-nocni-mars-za-dan-zena category-vijesti ast-article-single\" data-elementor-post-type=\"elementor_library\">\n\t\t\t<div class=\"elementor-element elementor-element-5c3275a e-flex e-con-boxed e-con e-parent\" data-id=\"5c3275a\" data-element_type=\"container\">\n\t\t\t\t\t<div class=\"e-con-inner\">\n\t\t<div class=\"elementor-element elementor-element-0494139 e-con-full e-flex e-con e-parent\" data-id=\"0494139\" data-element_type=\"container\">\n\t\t\t\t<div class=\"elementor-element elementor-element-d65a9ff elementor-widget elementor-widget-theme-post-featured-image elementor-widget-image\" data-id=\"d65a9ff\" data-element_type=\"widget\" data-widget_type=\"theme-post-featured-image.default\">\n\t\t\t\t\t\t\t\t\t\t\t\t\t\t\t\t<a href=\"https:\/\/lori.hr\/en\/nocni-mars-za-8-mart-slobodne-budite\/\">\n\t\t\t\t\t\t\t<img decoding=\"async\" width=\"768\" height=\"402\" src=\"https:\/\/lori.hr\/wp-content\/uploads\/2024\/02\/Slobodne-budite-8-mart-24-768x402.jpg\" class=\"attachment-medium_large size-medium_large wp-image-9641\" alt=\"\" srcset=\"https:\/\/lori.hr\/wp-content\/uploads\/2024\/02\/Slobodne-budite-8-mart-24-768x402.jpg 768w, https:\/\/lori.hr\/wp-content\/uploads\/2024\/02\/Slobodne-budite-8-mart-24-300x157.jpg 300w, https:\/\/lori.hr\/wp-content\/uploads\/2024\/02\/Slobodne-budite-8-mart-24-150x79.jpg 150w, https:\/\/lori.hr\/wp-content\/uploads\/2024\/02\/Slobodne-budite-8-mart-24-18x9.jpg 18w, https:\/\/lori.hr\/wp-content\/uploads\/2024\/02\/Slobodne-budite-8-mart-24.jpg 900w\" sizes=\"(max-width: 768px) 100vw, 768px\" \/>\t\t\t\t\t\t\t\t<\/a>\n\t\t\t\t\t\t\t\t\t\t\t\t\t\t\t<\/div>\n\t\t\t\t<\/div>\n\t\t<div class=\"elementor-element elementor-element-368f4cd e-con-full e-flex e-con e-parent\" data-id=\"368f4cd\" data-element_type=\"container\">\n\t\t\t\t<div class=\"elementor-element elementor-element-6db2fbb elementor-widget elementor-widget-text-editor\" data-id=\"6db2fbb\" data-element_type=\"widget\" data-widget_type=\"text-editor.default\">\n\t\t\t\t\t\t\t\t\t<a href=\"https:\/\/lori.hr\/en\/category\/akcija-nocni-mars-za-dan-zena\/\" rel=\"tag\">Akcija: No\u0107ni mar\u0161 za Dan \u017eena<\/a>, <a href=\"https:\/\/lori.hr\/en\/category\/vijesti\/\" rel=\"tag\">News<\/a>\t\t\t\t\t\t\t\t<\/div>\n\t\t\t\t<div class=\"elementor-element elementor-element-d83a0f6 elementor-widget elementor-widget-heading\" data-id=\"d83a0f6\" data-element_type=\"widget\" data-widget_type=\"heading.default\">\n\t\t\t\t\t<h2 class=\"elementor-heading-title elementor-size-default\"><a href=\"https:\/\/lori.hr\/en\/nocni-mars-za-8-mart-slobodne-budite\/\">No\u0107ni mar\u0161 za 8. mart \u2013 Slobodne budite!<\/a><\/h2>\t\t\t\t<\/div>\n\t\t\t\t<div class=\"elementor-element elementor-element-069c166 elementor-widget elementor-widget-text-editor\" data-id=\"069c166\" data-element_type=\"widget\" data-widget_type=\"text-editor.default\">\n\t\t\t\t\t\t\t\t\tRodna nejednakost \u017eiva je i zdrava. \u017divi u svim dru\u0161tvima, u svim slojevima dru\u0161tava. O\u010dituje se u raspodjeli mo\u0107i, resursa, prava, u normama i vrijednostima, u strukturama najva\u017enijih dru\u0161tvenih organizacija, u politikama. Najradikalniji primjeri, kad se kao dru\u0161tvo\t\t\t\t\t\t\t\t<\/div>\n\t\t\t\t<div class=\"elementor-element elementor-element-e877166 elementor-widget elementor-widget-button\" data-id=\"e877166\" data-element_type=\"widget\" data-widget_type=\"button.default\">\n\t\t\t\t\t\t\t\t\t\t<a class=\"elementor-button elementor-button-link elementor-size-xs\" href=\"https:\/\/lori.hr\/en\/nocni-mars-za-8-mart-slobodne-budite\/\">\n\t\t\t\t\t\t<span class=\"elementor-button-content-wrapper\">\n\t\t\t\t\t\t\t\t\t<span class=\"elementor-button-text\">Read more<\/span>\n\t\t\t\t\t<\/span>\n\t\t\t\t\t<\/a>\n\t\t\t\t\t\t\t\t<\/div>\n\t\t\t\t<\/div>\n\t\t\t\t\t<\/div>\n\t\t\t\t<\/div>\n\t\t\t\t<\/div>\n\t\t\t\t<\/article>\n\t\t\t\t<\/div>\n\t\t\t\t\t\t<\/div>\n\t\t\t\t<\/div>\n\t\t\t\t\t<\/div>\n\t\t\t\t<\/div>\n\t\t<div class=\"elementor-element elementor-element-9939675 e-flex e-con-boxed e-con e-parent\" data-id=\"9939675\" data-element_type=\"container\">\n\t\t\t\t\t<div class=\"e-con-inner\">\n\t\t\t\t<div class=\"elementor-element elementor-element-9774a30 elementor-widget elementor-widget-spacer\" data-id=\"9774a30\" data-element_type=\"widget\" data-widget_type=\"spacer.default\">\n\t\t\t\t\t\t\t<div class=\"elementor-spacer\">\n\t\t\t<div class=\"elementor-spacer-inner\"><\/div>\n\t\t<\/div>\n\t\t\t\t\t\t<\/div>\n\t\t\t\t\t<\/div>\n\t\t\t\t<\/div>\n\t\t\t\t<\/div>","protected":false},"excerpt":{"rendered":"<p>Other Project News<\/p>","protected":false},"author":1,"featured_media":0,"parent":0,"menu_order":0,"comment_status":"closed","ping_status":"closed","template":"","meta":{"_uag_custom_page_level_css":"","site-sidebar-layout":"no-sidebar","site-content-layout":"page-builder","ast-site-content-layout":"full-width-container","site-content-style":"default","site-sidebar-style":"default","ast-global-header-display":"","ast-banner-title-visibility":"","ast-main-header-display":"","ast-hfb-above-header-display":"","ast-hfb-below-header-display":"","ast-hfb-mobile-header-display":"","site-post-title":"disabled","ast-breadcrumbs-content":"","ast-featured-img":"disabled","footer-sml-layout":"","theme-transparent-header-meta":"","adv-header-id-meta":"","stick-header-meta":"","header-above-stick-meta":"","header-main-stick-meta":"","header-below-stick-meta":"","astra-migrate-meta-layouts":"set","footnotes":""},"class_list":["post-9905","page","type-page","status-publish","hentry"],"uagb_featured_image_src":{"full":false,"thumbnail":false,"medium":false,"medium_large":false,"large":false,"1536x1536":false,"2048x2048":false,"trp-custom-language-flag":false},"uagb_author_info":{"display_name":"LORI","author_link":"https:\/\/lori.hr\/en\/author\/ikenji\/"},"uagb_comment_info":0,"uagb_excerpt":"Ostale objave","_links":{"self":[{"href":"https:\/\/lori.hr\/en\/wp-json\/wp\/v2\/pages\/9905","targetHints":{"allow":["GET"]}}],"collection":[{"href":"https:\/\/lori.hr\/en\/wp-json\/wp\/v2\/pages"}],"about":[{"href":"https:\/\/lori.hr\/en\/wp-json\/wp\/v2\/types\/page"}],"author":[{"embeddable":true,"href":"https:\/\/lori.hr\/en\/wp-json\/wp\/v2\/users\/1"}],"replies":[{"embeddable":true,"href":"https:\/\/lori.hr\/en\/wp-json\/wp\/v2\/comments?post=9905"}],"version-history":[{"count":7,"href":"https:\/\/lori.hr\/en\/wp-json\/wp\/v2\/pages\/9905\/revisions"}],"predecessor-version":[{"id":9912,"href":"https:\/\/lori.hr\/en\/wp-json\/wp\/v2\/pages\/9905\/revisions\/9912"}],"wp:attachment":[{"href":"https:\/\/lori.hr\/en\/wp-json\/wp\/v2\/media?parent=9905"}],"curies":[{"name":"wp","href":"https:\/\/api.w.org\/{rel}","templated":true}]}}